{"id":763,"date":"2025-02-18T07:59:32","date_gmt":"2025-02-18T06:59:32","guid":{"rendered":"https:\/\/www.digitalmate.fr\/revolutions\/?post_type=product&#038;p=763"},"modified":"2025-02-19T08:01:47","modified_gmt":"2025-02-19T07:01:47","slug":"les-sens-de-l-ia","status":"publish","type":"product","link":"https:\/\/www.digitalmate.fr\/revolutions\/produit\/les-sens-de-l-ia\/","title":{"rendered":"Les sens de l&rsquo;IA"},"content":{"rendered":"<p>Et si la cl\u00e9 de l&rsquo;IA \u00e9tait le sens que nous donnons \u00e0 notre existence ?<\/p>\n<p>L\u2019intelligence artificielle bouleverse nos vies, mais au-del\u00e0 de ses prouesses techniques, elle nous confronte \u00e0 une question fondamentale : quel est le sens de notre existence \u00e0 l\u2019\u00e8re des algorithmes ?<\/p>\n<p>Ce livre vous invite \u00e0 un voyage hors des sentiers battus, explorant l\u2019IA sous toutes ses facettes, de ses origines et ses promesses, jusqu\u2019aux d\u00e9fis \u00e9thiques, soci\u00e9taux, et philosophiques qu\u2019elle soul\u00e8ve.<\/p>\n<p>Plongez au c\u0153ur d\u2019une r\u00e9flexion profonde : d\u00e9couvrez les origines inattendues de l\u2019IA, et comment notre qu\u00eate de sens a toujours fa\u00e7onn\u00e9 nos inventions.<\/p>\n<p>Explorez les applications concr\u00e8tes de l\u2019IA, du diagnostic m\u00e9dical aux enjeux g\u00e9opolitiques, en passant par la cr\u00e9ation artistique et les bouleversements \u00e9cologiques.<\/p>\n<p>Remettez en question vos certitudes, en examinant les impacts de l\u2019IA sur notre identit\u00e9, nos \u00e9motions, nos relations et notre qu\u00eate de connaissance.<\/p>\n<p>\u00c9largissez votre perspective, en d\u00e9couvrant des approches novatrices qui placent l\u2019humain au c\u0153ur de la r\u00e9volution technologique.<\/p>\n<p>Laissez-vous entrainer dans une prospective passionnante sur les possibilit\u00e9s que pourraient ouvrir des technologies encore en devenir dans un \u00ab\u00a0monde quantique\u00a0\u00bb.<\/p>\n<p>Pr\u00e9parez-vous \u00e0 l\u2019avenir, en comprenant les d\u00e9fis \u00e9thiques et les enjeux de pouvoir auxquels nous devrons faire face.<\/p>\n<p>L\u2019IA : simple outil ou miroir de notre \u00e2me ? Quel sera l\u2019impact d\u2019une intelligence artificielle sur la d\u00e9finition m\u00eame de l\u2019humain ? Et comment allons nous faire si nous n\u2019avons plus besoin de travailler ?<\/p>\n<p>Dans un monde o\u00f9 les certitudes sont \u00e9branl\u00e9es, \u00ab\u00a0Les Sens de l\u2019IA\u00a0\u00bb vous propose une exploration audacieuse, une invitation \u00e0 la r\u00e9flexion et \u00e0 l\u2019action pour construire ensemble un avenir o\u00f9 l\u2019humain et la technologie s\u2019enrichissent mutuellement.<\/p>\n<p>J\u00e9r\u00f4me COUTOU, conf\u00e9rencier et expert en intelligence artificielle et technologies immersives, vous guide \u00e0 travers les m\u00e9andres de cette r\u00e9volution technologique. Nathalie GRANIER, cyber-psychologue sp\u00e9cialiste des comportements en ligne, vous \u00e9claire sur les enjeux humains et soci\u00e9taux de l\u2019IA.<\/p>\n<p>La r\u00e9volution de l&rsquo;IA est en marche\u2026<br \/>\nL\u2019important d\u00e9sormais, c\u2019est ce que nous allons en faire !<\/p>\n","protected":false},"excerpt":{"rendered":"<p>Et si la cl\u00e9 de l&rsquo;IA \u00e9tait le sens que nous donnons \u00e0 notre existence ?<\/p>\n<p>L\u2019intelligence artificielle bouleverse nos vies, mais au-del\u00e0 de ses prouesses techniques, elle nous confronte \u00e0 une question fondamentale : quel est le sens de notre existence \u00e0 l\u2019\u00e8re des algorithmes ?<\/p>\n<p>Ce livre vous invite \u00e0 un voyage hors des sentiers battus, explorant l\u2019IA sous toutes ses facettes, de ses origines et ses promesses, jusqu\u2019aux d\u00e9fis \u00e9thiques, soci\u00e9taux, et philosophiques qu\u2019elle soul\u00e8ve.<\/p>\n","protected":false},"featured_media":774,"comment_status":"open","ping_status":"closed","template":"","meta":[],"product_brand":[],"product_cat":[18],"product_tag":[],"class_list":{"0":"post-763","1":"product","2":"type-product","3":"status-publish","4":"has-post-thumbnail","6":"product_cat-non-classe","8":"first","9":"instock","10":"taxable","11":"shipping-taxable","12":"purchasable","13":"product-type-simple"},"yoast_head":"<!-- This site is optimized with the Yoast SEO plugin v25.3 - https:\/\/yoast.com\/wordpress\/plugins\/seo\/ -->\n<title>Les sens de l&#039;IA<\/title>\n<meta name=\"description\" content=\"Et si la cl\u00e9 de l\u2019avenir ne se trouvait pas dans les machines, mais dans notre humanit\u00e9 ?L\u2019intelligence artificielle bouleverse nos vies, mais au-del\u00e0 de ses prouesses techniques, elle nous confronte \u00e0 une question fondamentale : quel est le sens de notre existence \u00e0 l\u2019\u00e8re des algorithmes ?Q\" \/>\n<meta name=\"robots\" content=\"index, follow, max-snippet:-1, max-image-preview:large, max-video-preview:-1\" \/>\n<link rel=\"canonical\" href=\"https:\/\/www.digitalmate.fr\/revolutions\/produit\/les-sens-de-l-ia\/\" \/>\n<meta property=\"og:locale\" content=\"fr_FR\" \/>\n<meta property=\"og:type\" content=\"article\" \/>\n<meta property=\"og:title\" content=\"Les sens de l&#039;IA\" \/>\n<meta property=\"og:description\" content=\"Et si la cl\u00e9 de l\u2019avenir ne se trouvait pas dans les machines, mais dans notre humanit\u00e9 ?L\u2019intelligence artificielle bouleverse nos vies, mais au-del\u00e0 de ses prouesses techniques, elle nous confronte \u00e0 une question fondamentale : quel est le sens de notre existence \u00e0 l\u2019\u00e8re des algorithmes ?Q\" \/>\n<meta property=\"og:url\" content=\"https:\/\/www.digitalmate.fr\/revolutions\/produit\/les-sens-de-l-ia\/\" \/>\n<meta property=\"og:site_name\" content=\"La plus grande r\u00e9volution\" \/>\n<meta property=\"article:modified_time\" content=\"2025-02-19T07:01:47+00:00\" \/>\n<meta property=\"og:image\" content=\"https:\/\/www.digitalmate.fr\/revolutions\/wp-content\/uploads\/2025\/02\/sens-de-l-ia-livre-1.jpg\" \/>\n\t<meta property=\"og:image:width\" content=\"1087\" \/>\n\t<meta property=\"og:image:height\" content=\"1836\" \/>\n\t<meta property=\"og:image:type\" content=\"image\/jpeg\" \/>\n<meta name=\"twitter:card\" content=\"summary_large_image\" \/>\n<meta name=\"twitter:label1\" content=\"Dur\u00e9e de lecture estim\u00e9e\" \/>\n\t<meta name=\"twitter:data1\" content=\"2 minutes\" \/>\n<script type=\"application\/ld+json\" class=\"yoast-schema-graph\">{\"@context\":\"https:\/\/schema.org\",\"@graph\":[{\"@type\":\"WebPage\",\"@id\":\"https:\/\/www.digitalmate.fr\/revolutions\/produit\/les-sens-de-l-ia\/\",\"url\":\"https:\/\/www.digitalmate.fr\/revolutions\/produit\/les-sens-de-l-ia\/\",\"name\":\"Les sens de l'IA\",\"isPartOf\":{\"@id\":\"https:\/\/www.digitalmate.fr\/revolutions\/#website\"},\"primaryImageOfPage\":{\"@id\":\"https:\/\/www.digitalmate.fr\/revolutions\/produit\/les-sens-de-l-ia\/#primaryimage\"},\"image\":{\"@id\":\"https:\/\/www.digitalmate.fr\/revolutions\/produit\/les-sens-de-l-ia\/#primaryimage\"},\"thumbnailUrl\":\"https:\/\/www.digitalmate.fr\/revolutions\/wp-content\/uploads\/2025\/02\/sens-de-l-ia-livre-1.jpg\",\"datePublished\":\"2025-02-18T06:59:32+00:00\",\"dateModified\":\"2025-02-19T07:01:47+00:00\",\"description\":\"Et si la cl\u00e9 de l\u2019avenir ne se trouvait pas dans les machines, mais dans notre humanit\u00e9 ?L\u2019intelligence artificielle bouleverse nos vies, mais au-del\u00e0 de ses prouesses techniques, elle nous confronte \u00e0 une question fondamentale : quel est le sens de notre existence \u00e0 l\u2019\u00e8re des algorithmes ?Q\",\"breadcrumb\":{\"@id\":\"https:\/\/www.digitalmate.fr\/revolutions\/produit\/les-sens-de-l-ia\/#breadcrumb\"},\"inLanguage\":\"fr-FR\",\"potentialAction\":[{\"@type\":\"ReadAction\",\"target\":[\"https:\/\/www.digitalmate.fr\/revolutions\/produit\/les-sens-de-l-ia\/\"]}]},{\"@type\":\"ImageObject\",\"inLanguage\":\"fr-FR\",\"@id\":\"https:\/\/www.digitalmate.fr\/revolutions\/produit\/les-sens-de-l-ia\/#primaryimage\",\"url\":\"https:\/\/www.digitalmate.fr\/revolutions\/wp-content\/uploads\/2025\/02\/sens-de-l-ia-livre-1.jpg\",\"contentUrl\":\"https:\/\/www.digitalmate.fr\/revolutions\/wp-content\/uploads\/2025\/02\/sens-de-l-ia-livre-1.jpg\",\"width\":1087,\"height\":1836},{\"@type\":\"BreadcrumbList\",\"@id\":\"https:\/\/www.digitalmate.fr\/revolutions\/produit\/les-sens-de-l-ia\/#breadcrumb\",\"itemListElement\":[{\"@type\":\"ListItem\",\"position\":1,\"name\":\"Accueil\",\"item\":\"https:\/\/www.digitalmate.fr\/revolutions\/\"},{\"@type\":\"ListItem\",\"position\":2,\"name\":\"Boutique\",\"item\":\"https:\/\/www.digitalmate.fr\/revolutions\/boutique\/\"},{\"@type\":\"ListItem\",\"position\":3,\"name\":\"Les sens de l&rsquo;IA\"}]},{\"@type\":\"WebSite\",\"@id\":\"https:\/\/www.digitalmate.fr\/revolutions\/#website\",\"url\":\"https:\/\/www.digitalmate.fr\/revolutions\/\",\"name\":\"La plus grande r\u00e9volution\",\"description\":\"\",\"potentialAction\":[{\"@type\":\"SearchAction\",\"target\":{\"@type\":\"EntryPoint\",\"urlTemplate\":\"https:\/\/www.digitalmate.fr\/revolutions\/?s={search_term_string}\"},\"query-input\":{\"@type\":\"PropertyValueSpecification\",\"valueRequired\":true,\"valueName\":\"search_term_string\"}}],\"inLanguage\":\"fr-FR\"}]}<\/script>\n<!-- \/ Yoast SEO plugin. -->","yoast_head_json":{"title":"Les sens de l'IA","description":"Et si la cl\u00e9 de l\u2019avenir ne se trouvait pas dans les machines, mais dans notre humanit\u00e9 ?L\u2019intelligence artificielle bouleverse nos vies, mais au-del\u00e0 de ses prouesses techniques, elle nous confronte \u00e0 une question fondamentale : quel est le sens de notre existence \u00e0 l\u2019\u00e8re des algorithmes ?Q","robots":{"index":"index","follow":"follow","max-snippet":"max-snippet:-1","max-image-preview":"max-image-preview:large","max-video-preview":"max-video-preview:-1"},"canonical":"https:\/\/www.digitalmate.fr\/revolutions\/produit\/les-sens-de-l-ia\/","og_locale":"fr_FR","og_type":"article","og_title":"Les sens de l'IA","og_description":"Et si la cl\u00e9 de l\u2019avenir ne se trouvait pas dans les machines, mais dans notre humanit\u00e9 ?L\u2019intelligence artificielle bouleverse nos vies, mais au-del\u00e0 de ses prouesses techniques, elle nous confronte \u00e0 une question fondamentale : quel est le sens de notre existence \u00e0 l\u2019\u00e8re des algorithmes ?Q","og_url":"https:\/\/www.digitalmate.fr\/revolutions\/produit\/les-sens-de-l-ia\/","og_site_name":"La plus grande r\u00e9volution","article_modified_time":"2025-02-19T07:01:47+00:00","og_image":[{"width":1087,"height":1836,"url":"https:\/\/www.digitalmate.fr\/revolutions\/wp-content\/uploads\/2025\/02\/sens-de-l-ia-livre-1.jpg","type":"image\/jpeg"}],"twitter_card":"summary_large_image","twitter_misc":{"Dur\u00e9e de lecture estim\u00e9e":"2 minutes"},"schema":{"@context":"https:\/\/schema.org","@graph":[{"@type":"WebPage","@id":"https:\/\/www.digitalmate.fr\/revolutions\/produit\/les-sens-de-l-ia\/","url":"https:\/\/www.digitalmate.fr\/revolutions\/produit\/les-sens-de-l-ia\/","name":"Les sens de l'IA","isPartOf":{"@id":"https:\/\/www.digitalmate.fr\/revolutions\/#website"},"primaryImageOfPage":{"@id":"https:\/\/www.digitalmate.fr\/revolutions\/produit\/les-sens-de-l-ia\/#primaryimage"},"image":{"@id":"https:\/\/www.digitalmate.fr\/revolutions\/produit\/les-sens-de-l-ia\/#primaryimage"},"thumbnailUrl":"https:\/\/www.digitalmate.fr\/revolutions\/wp-content\/uploads\/2025\/02\/sens-de-l-ia-livre-1.jpg","datePublished":"2025-02-18T06:59:32+00:00","dateModified":"2025-02-19T07:01:47+00:00","description":"Et si la cl\u00e9 de l\u2019avenir ne se trouvait pas dans les machines, mais dans notre humanit\u00e9 ?L\u2019intelligence artificielle bouleverse nos vies, mais au-del\u00e0 de ses prouesses techniques, elle nous confronte \u00e0 une question fondamentale : quel est le sens de notre existence \u00e0 l\u2019\u00e8re des algorithmes ?Q","breadcrumb":{"@id":"https:\/\/www.digitalmate.fr\/revolutions\/produit\/les-sens-de-l-ia\/#breadcrumb"},"inLanguage":"fr-FR","potentialAction":[{"@type":"ReadAction","target":["https:\/\/www.digitalmate.fr\/revolutions\/produit\/les-sens-de-l-ia\/"]}]},{"@type":"ImageObject","inLanguage":"fr-FR","@id":"https:\/\/www.digitalmate.fr\/revolutions\/produit\/les-sens-de-l-ia\/#primaryimage","url":"https:\/\/www.digitalmate.fr\/revolutions\/wp-content\/uploads\/2025\/02\/sens-de-l-ia-livre-1.jpg","contentUrl":"https:\/\/www.digitalmate.fr\/revolutions\/wp-content\/uploads\/2025\/02\/sens-de-l-ia-livre-1.jpg","width":1087,"height":1836},{"@type":"BreadcrumbList","@id":"https:\/\/www.digitalmate.fr\/revolutions\/produit\/les-sens-de-l-ia\/#breadcrumb","itemListElement":[{"@type":"ListItem","position":1,"name":"Accueil","item":"https:\/\/www.digitalmate.fr\/revolutions\/"},{"@type":"ListItem","position":2,"name":"Boutique","item":"https:\/\/www.digitalmate.fr\/revolutions\/boutique\/"},{"@type":"ListItem","position":3,"name":"Les sens de l&rsquo;IA"}]},{"@type":"WebSite","@id":"https:\/\/www.digitalmate.fr\/revolutions\/#website","url":"https:\/\/www.digitalmate.fr\/revolutions\/","name":"La plus grande r\u00e9volution","description":"","potentialAction":[{"@type":"SearchAction","target":{"@type":"EntryPoint","urlTemplate":"https:\/\/www.digitalmate.fr\/revolutions\/?s={search_term_string}"},"query-input":{"@type":"PropertyValueSpecification","valueRequired":true,"valueName":"search_term_string"}}],"inLanguage":"fr-FR"}]}},"_links":{"self":[{"href":"https:\/\/www.digitalmate.fr\/revolutions\/wp-json\/wp\/v2\/product\/763","targetHints":{"allow":["GET"]}}],"collection":[{"href":"https:\/\/www.digitalmate.fr\/revolutions\/wp-json\/wp\/v2\/product"}],"about":[{"href":"https:\/\/www.digitalmate.fr\/revolutions\/wp-json\/wp\/v2\/types\/product"}],"replies":[{"embeddable":true,"href":"https:\/\/www.digitalmate.fr\/revolutions\/wp-json\/wp\/v2\/comments?post=763"}],"wp:featuredmedia":[{"embeddable":true,"href":"https:\/\/www.digitalmate.fr\/revolutions\/wp-json\/wp\/v2\/media\/774"}],"wp:attachment":[{"href":"https:\/\/www.digitalmate.fr\/revolutions\/wp-json\/wp\/v2\/media?parent=763"}],"wp:term":[{"taxonomy":"product_brand","embeddable":true,"href":"https:\/\/www.digitalmate.fr\/revolutions\/wp-json\/wp\/v2\/product_brand?post=763"},{"taxonomy":"product_cat","embeddable":true,"href":"https:\/\/www.digitalmate.fr\/revolutions\/wp-json\/wp\/v2\/product_cat?post=763"},{"taxonomy":"product_tag","embeddable":true,"href":"https:\/\/www.digitalmate.fr\/revolutions\/wp-json\/wp\/v2\/product_tag?post=763"}],"curies":[{"name":"wp","href":"https:\/\/api.w.org\/{rel}","templated":true}]}}