{"id":123,"date":"2021-10-25T11:07:40","date_gmt":"2021-10-25T09:07:40","guid":{"rendered":"https:\/\/www.digitalmate.fr\/revolutions\/?post_type=product&#038;p=123"},"modified":"2025-02-19T08:02:39","modified_gmt":"2025-02-19T07:02:39","slug":"la-plus-grande-revolution-de-toute-lhistoire-de-lhumanite","status":"publish","type":"product","link":"https:\/\/www.digitalmate.fr\/revolutions\/produit\/la-plus-grande-revolution-de-toute-lhistoire-de-lhumanite\/","title":{"rendered":"La plus grande r\u00e9volution de toute l&rsquo;histoire de l&rsquo;humanit\u00e9"},"content":{"rendered":"<p>Pr\u00e9parez-vous, le monde va changer, vite, tr\u00e8s vite. Serez-vous pr\u00eats ?<\/p>\n<p>R\u00e9volution des transports, abandon de la voiture personnelle pour des voitures autonomes partag\u00e9es, poids-lourds autonomes, interconnection des v\u00e9hicules, gestion informatique du trafic.<\/p>\n<p>R\u00e9volution de la logistique automatis\u00e9e, avec les livraisons par robots, par drones.<br \/>\nR\u00e9volution de la personnalisation des objets avec l\u2019impression 3D.<br \/>\nR\u00e9volution de la perception avec la r\u00e9alit\u00e9 virtuelle et augment\u00e9e.<br \/>\nR\u00e9volution de la m\u00e9decine, \u00e9radication de maladies majeures, modification des cellules,<br \/> eug\u00e9nisme, nanotechnologies, hybridation home-machine\u2026<br \/>\nR\u00e9volution de l\u2019apprentissage avec des puces connect\u00e9es au cerveau.<br \/>\nR\u00e9volution de l\u2019information avec l\u2019information pr\u00e9dictive d\u00e9livr\u00e9es par les assistants vocaux (et demain directement \u00e0 notre cerveau), et des algorithmes avec la n\u00e9cessit\u00e9 et l\u2019extr\u00eame difficult\u00e9 de trier et d\u2019\u00e9valuer la qualit\u00e9 de l\u2019information.<br \/>\nR\u00e9volution de la vie priv\u00e9e, concept qui n\u2019existera presque plus avec les big data, le scoring des individus, cam\u00e9ras et \u00e9coutes syst\u00e9matis\u00e9es.<br \/>\nR\u00e9volution du travail qui sera r\u00e9alis\u00e9 de plus en plus par des intelligences artificielles et des robots, \u00e0 tous les niveaux de la soci\u00e9t\u00e9.<br \/>\nR\u00e9volution \u00e9nerg\u00e9tique : une course entre nouveaut\u00e9s scientifiques et d\u00e9r\u00e8glement climatique.<\/p>\n<p>Les r\u00e9volutions sont en marche\u2026<\/p>\n<p>L\u2019important d\u00e9sormais, c\u2019est ce que nous allons en faire !<\/p>\n","protected":false},"excerpt":{"rendered":"<p>\u00cates-vous pr\u00eats pour les nouvelles r\u00e9volutions ?<br \/>\nO\u00f9 en serons-nous dans 10 ans ? Dans 20 ans ?<\/p>\n<p>Les r\u00e9volutions qui s\u2019annoncent, comme celles que nous avons r\u00e9cemment connues pour la communication avec internet et les smartphones, seront l\u00e9gion dans les prochaines ann\u00e9es. Et elles s\u2019acc\u00e9l\u00e8rent, se croisent, donnant \u00e0 chacune d\u2019elles plus d\u2019ampleur.<\/p>\n","protected":false},"featured_media":485,"comment_status":"open","ping_status":"closed","template":"","meta":[],"product_brand":[],"product_cat":[18],"product_tag":[],"class_list":{"0":"post-123","1":"product","2":"type-product","3":"status-publish","4":"has-post-thumbnail","6":"product_cat-non-classe","8":"first","9":"instock","10":"taxable","11":"shipping-taxable","12":"purchasable","13":"product-type-simple"},"yoast_head":"<!-- This site is optimized with the Yoast SEO plugin v25.3 - https:\/\/yoast.com\/wordpress\/plugins\/seo\/ -->\n<title>La plus grande r\u00e9volution de toute l&#039;histoire de l&#039;humanit\u00e9 - La plus grande r\u00e9volution<\/title>\n<meta name=\"robots\" content=\"index, follow, max-snippet:-1, max-image-preview:large, max-video-preview:-1\" \/>\n<link rel=\"canonical\" href=\"https:\/\/www.digitalmate.fr\/revolutions\/produit\/la-plus-grande-revolution-de-toute-lhistoire-de-lhumanite\/\" \/>\n<meta property=\"og:locale\" content=\"fr_FR\" \/>\n<meta property=\"og:type\" content=\"article\" \/>\n<meta property=\"og:title\" content=\"La plus grande r\u00e9volution de toute l&#039;histoire de l&#039;humanit\u00e9 - La plus grande r\u00e9volution\" \/>\n<meta property=\"og:description\" content=\"\u00cates-vous pr\u00eats pour les nouvelles r\u00e9volutions ? O\u00f9 en serons-nous dans 10 ans ? Dans 20 ans ?  Les r\u00e9volutions qui s\u2019annoncent, comme celles que nous avons r\u00e9cemment connues pour la communication avec internet et les smartphones, seront l\u00e9gion dans les prochaines ann\u00e9es. Et elles s\u2019acc\u00e9l\u00e8rent, se croisent, donnant \u00e0 chacune d\u2019elles plus d\u2019ampleur.\" \/>\n<meta property=\"og:url\" content=\"https:\/\/www.digitalmate.fr\/revolutions\/produit\/la-plus-grande-revolution-de-toute-lhistoire-de-lhumanite\/\" \/>\n<meta property=\"og:site_name\" content=\"La plus grande r\u00e9volution\" \/>\n<meta property=\"article:modified_time\" content=\"2025-02-19T07:02:39+00:00\" \/>\n<meta property=\"og:image\" content=\"https:\/\/www.digitalmate.fr\/revolutions\/wp-content\/uploads\/2021\/10\/revolution-1.jpg\" \/>\n\t<meta property=\"og:image:width\" content=\"1087\" \/>\n\t<meta property=\"og:image:height\" content=\"1836\" \/>\n\t<meta property=\"og:image:type\" content=\"image\/jpeg\" \/>\n<meta name=\"twitter:card\" content=\"summary_large_image\" \/>\n<meta name=\"twitter:label1\" content=\"Dur\u00e9e de lecture estim\u00e9e\" \/>\n\t<meta name=\"twitter:data1\" content=\"1 minute\" \/>\n<script type=\"application\/ld+json\" class=\"yoast-schema-graph\">{\"@context\":\"https:\/\/schema.org\",\"@graph\":[{\"@type\":\"WebPage\",\"@id\":\"https:\/\/www.digitalmate.fr\/revolutions\/produit\/la-plus-grande-revolution-de-toute-lhistoire-de-lhumanite\/\",\"url\":\"https:\/\/www.digitalmate.fr\/revolutions\/produit\/la-plus-grande-revolution-de-toute-lhistoire-de-lhumanite\/\",\"name\":\"La plus grande r\u00e9volution de toute l'histoire de l'humanit\u00e9 - La plus grande r\u00e9volution\",\"isPartOf\":{\"@id\":\"https:\/\/www.digitalmate.fr\/revolutions\/#website\"},\"primaryImageOfPage\":{\"@id\":\"https:\/\/www.digitalmate.fr\/revolutions\/produit\/la-plus-grande-revolution-de-toute-lhistoire-de-lhumanite\/#primaryimage\"},\"image\":{\"@id\":\"https:\/\/www.digitalmate.fr\/revolutions\/produit\/la-plus-grande-revolution-de-toute-lhistoire-de-lhumanite\/#primaryimage\"},\"thumbnailUrl\":\"https:\/\/www.digitalmate.fr\/revolutions\/wp-content\/uploads\/2021\/10\/revolution-1.jpg\",\"datePublished\":\"2021-10-25T09:07:40+00:00\",\"dateModified\":\"2025-02-19T07:02:39+00:00\",\"breadcrumb\":{\"@id\":\"https:\/\/www.digitalmate.fr\/revolutions\/produit\/la-plus-grande-revolution-de-toute-lhistoire-de-lhumanite\/#breadcrumb\"},\"inLanguage\":\"fr-FR\",\"potentialAction\":[{\"@type\":\"ReadAction\",\"target\":[\"https:\/\/www.digitalmate.fr\/revolutions\/produit\/la-plus-grande-revolution-de-toute-lhistoire-de-lhumanite\/\"]}]},{\"@type\":\"ImageObject\",\"inLanguage\":\"fr-FR\",\"@id\":\"https:\/\/www.digitalmate.fr\/revolutions\/produit\/la-plus-grande-revolution-de-toute-lhistoire-de-lhumanite\/#primaryimage\",\"url\":\"https:\/\/www.digitalmate.fr\/revolutions\/wp-content\/uploads\/2021\/10\/revolution-1.jpg\",\"contentUrl\":\"https:\/\/www.digitalmate.fr\/revolutions\/wp-content\/uploads\/2021\/10\/revolution-1.jpg\",\"width\":1087,\"height\":1836},{\"@type\":\"BreadcrumbList\",\"@id\":\"https:\/\/www.digitalmate.fr\/revolutions\/produit\/la-plus-grande-revolution-de-toute-lhistoire-de-lhumanite\/#breadcrumb\",\"itemListElement\":[{\"@type\":\"ListItem\",\"position\":1,\"name\":\"Accueil\",\"item\":\"https:\/\/www.digitalmate.fr\/revolutions\/\"},{\"@type\":\"ListItem\",\"position\":2,\"name\":\"Boutique\",\"item\":\"https:\/\/www.digitalmate.fr\/revolutions\/boutique\/\"},{\"@type\":\"ListItem\",\"position\":3,\"name\":\"La plus grande r\u00e9volution de toute l&rsquo;histoire de l&rsquo;humanit\u00e9\"}]},{\"@type\":\"WebSite\",\"@id\":\"https:\/\/www.digitalmate.fr\/revolutions\/#website\",\"url\":\"https:\/\/www.digitalmate.fr\/revolutions\/\",\"name\":\"La plus grande r\u00e9volution\",\"description\":\"\",\"potentialAction\":[{\"@type\":\"SearchAction\",\"target\":{\"@type\":\"EntryPoint\",\"urlTemplate\":\"https:\/\/www.digitalmate.fr\/revolutions\/?s={search_term_string}\"},\"query-input\":{\"@type\":\"PropertyValueSpecification\",\"valueRequired\":true,\"valueName\":\"search_term_string\"}}],\"inLanguage\":\"fr-FR\"}]}<\/script>\n<!-- \/ Yoast SEO plugin. -->","yoast_head_json":{"title":"La plus grande r\u00e9volution de toute l'histoire de l'humanit\u00e9 - La plus grande r\u00e9volution","robots":{"index":"index","follow":"follow","max-snippet":"max-snippet:-1","max-image-preview":"max-image-preview:large","max-video-preview":"max-video-preview:-1"},"canonical":"https:\/\/www.digitalmate.fr\/revolutions\/produit\/la-plus-grande-revolution-de-toute-lhistoire-de-lhumanite\/","og_locale":"fr_FR","og_type":"article","og_title":"La plus grande r\u00e9volution de toute l'histoire de l'humanit\u00e9 - La plus grande r\u00e9volution","og_description":"\u00cates-vous pr\u00eats pour les nouvelles r\u00e9volutions ? O\u00f9 en serons-nous dans 10 ans ? Dans 20 ans ?  Les r\u00e9volutions qui s\u2019annoncent, comme celles que nous avons r\u00e9cemment connues pour la communication avec internet et les smartphones, seront l\u00e9gion dans les prochaines ann\u00e9es. Et elles s\u2019acc\u00e9l\u00e8rent, se croisent, donnant \u00e0 chacune d\u2019elles plus d\u2019ampleur.","og_url":"https:\/\/www.digitalmate.fr\/revolutions\/produit\/la-plus-grande-revolution-de-toute-lhistoire-de-lhumanite\/","og_site_name":"La plus grande r\u00e9volution","article_modified_time":"2025-02-19T07:02:39+00:00","og_image":[{"width":1087,"height":1836,"url":"https:\/\/www.digitalmate.fr\/revolutions\/wp-content\/uploads\/2021\/10\/revolution-1.jpg","type":"image\/jpeg"}],"twitter_card":"summary_large_image","twitter_misc":{"Dur\u00e9e de lecture estim\u00e9e":"1 minute"},"schema":{"@context":"https:\/\/schema.org","@graph":[{"@type":"WebPage","@id":"https:\/\/www.digitalmate.fr\/revolutions\/produit\/la-plus-grande-revolution-de-toute-lhistoire-de-lhumanite\/","url":"https:\/\/www.digitalmate.fr\/revolutions\/produit\/la-plus-grande-revolution-de-toute-lhistoire-de-lhumanite\/","name":"La plus grande r\u00e9volution de toute l'histoire de l'humanit\u00e9 - La plus grande r\u00e9volution","isPartOf":{"@id":"https:\/\/www.digitalmate.fr\/revolutions\/#website"},"primaryImageOfPage":{"@id":"https:\/\/www.digitalmate.fr\/revolutions\/produit\/la-plus-grande-revolution-de-toute-lhistoire-de-lhumanite\/#primaryimage"},"image":{"@id":"https:\/\/www.digitalmate.fr\/revolutions\/produit\/la-plus-grande-revolution-de-toute-lhistoire-de-lhumanite\/#primaryimage"},"thumbnailUrl":"https:\/\/www.digitalmate.fr\/revolutions\/wp-content\/uploads\/2021\/10\/revolution-1.jpg","datePublished":"2021-10-25T09:07:40+00:00","dateModified":"2025-02-19T07:02:39+00:00","breadcrumb":{"@id":"https:\/\/www.digitalmate.fr\/revolutions\/produit\/la-plus-grande-revolution-de-toute-lhistoire-de-lhumanite\/#breadcrumb"},"inLanguage":"fr-FR","potentialAction":[{"@type":"ReadAction","target":["https:\/\/www.digitalmate.fr\/revolutions\/produit\/la-plus-grande-revolution-de-toute-lhistoire-de-lhumanite\/"]}]},{"@type":"ImageObject","inLanguage":"fr-FR","@id":"https:\/\/www.digitalmate.fr\/revolutions\/produit\/la-plus-grande-revolution-de-toute-lhistoire-de-lhumanite\/#primaryimage","url":"https:\/\/www.digitalmate.fr\/revolutions\/wp-content\/uploads\/2021\/10\/revolution-1.jpg","contentUrl":"https:\/\/www.digitalmate.fr\/revolutions\/wp-content\/uploads\/2021\/10\/revolution-1.jpg","width":1087,"height":1836},{"@type":"BreadcrumbList","@id":"https:\/\/www.digitalmate.fr\/revolutions\/produit\/la-plus-grande-revolution-de-toute-lhistoire-de-lhumanite\/#breadcrumb","itemListElement":[{"@type":"ListItem","position":1,"name":"Accueil","item":"https:\/\/www.digitalmate.fr\/revolutions\/"},{"@type":"ListItem","position":2,"name":"Boutique","item":"https:\/\/www.digitalmate.fr\/revolutions\/boutique\/"},{"@type":"ListItem","position":3,"name":"La plus grande r\u00e9volution de toute l&rsquo;histoire de l&rsquo;humanit\u00e9"}]},{"@type":"WebSite","@id":"https:\/\/www.digitalmate.fr\/revolutions\/#website","url":"https:\/\/www.digitalmate.fr\/revolutions\/","name":"La plus grande r\u00e9volution","description":"","potentialAction":[{"@type":"SearchAction","target":{"@type":"EntryPoint","urlTemplate":"https:\/\/www.digitalmate.fr\/revolutions\/?s={search_term_string}"},"query-input":{"@type":"PropertyValueSpecification","valueRequired":true,"valueName":"search_term_string"}}],"inLanguage":"fr-FR"}]}},"_links":{"self":[{"href":"https:\/\/www.digitalmate.fr\/revolutions\/wp-json\/wp\/v2\/product\/123","targetHints":{"allow":["GET"]}}],"collection":[{"href":"https:\/\/www.digitalmate.fr\/revolutions\/wp-json\/wp\/v2\/product"}],"about":[{"href":"https:\/\/www.digitalmate.fr\/revolutions\/wp-json\/wp\/v2\/types\/product"}],"replies":[{"embeddable":true,"href":"https:\/\/www.digitalmate.fr\/revolutions\/wp-json\/wp\/v2\/comments?post=123"}],"wp:featuredmedia":[{"embeddable":true,"href":"https:\/\/www.digitalmate.fr\/revolutions\/wp-json\/wp\/v2\/media\/485"}],"wp:attachment":[{"href":"https:\/\/www.digitalmate.fr\/revolutions\/wp-json\/wp\/v2\/media?parent=123"}],"wp:term":[{"taxonomy":"product_brand","embeddable":true,"href":"https:\/\/www.digitalmate.fr\/revolutions\/wp-json\/wp\/v2\/product_brand?post=123"},{"taxonomy":"product_cat","embeddable":true,"href":"https:\/\/www.digitalmate.fr\/revolutions\/wp-json\/wp\/v2\/product_cat?post=123"},{"taxonomy":"product_tag","embeddable":true,"href":"https:\/\/www.digitalmate.fr\/revolutions\/wp-json\/wp\/v2\/product_tag?post=123"}],"curies":[{"name":"wp","href":"https:\/\/api.w.org\/{rel}","templated":true}]}}