{"id":82,"date":"2021-10-21T09:42:48","date_gmt":"2021-10-21T07:42:48","guid":{"rendered":"https:\/\/www.digitalmate.fr\/revolutions\/?page_id=82"},"modified":"2022-09-05T09:39:46","modified_gmt":"2022-09-05T07:39:46","slug":"concept","status":"publish","type":"page","link":"https:\/\/www.digitalmate.fr\/revolutions\/concept\/","title":{"rendered":"Concept"},"content":{"rendered":"\t\t<div data-elementor-type=\"wp-page\" data-elementor-id=\"82\" class=\"elementor elementor-82\" data-elementor-post-type=\"page\">\n\t\t\t\t\t\t<section class=\"elementor-section elementor-top-section elementor-element elementor-element-9af875d elementor-section-full_width elementor-section-height-min-height elementor-section-height-default elementor-section-items-middle\" data-id=\"9af875d\" data-element_type=\"section\">\n\t\t\t\t\t\t<div class=\"elementor-container elementor-column-gap-default\">\n\t\t\t\t\t<div class=\"elementor-column elementor-col-50 elementor-top-column elementor-element elementor-element-b4ff026\" data-id=\"b4ff026\" data-element_type=\"column\">\n\t\t\t<div class=\"elementor-widget-wrap elementor-element-populated\">\n\t\t\t\t\t\t<div class=\"elementor-element elementor-element-12d6046 elementor-widget elementor-widget-image\" data-id=\"12d6046\" data-element_type=\"widget\" data-widget_type=\"image.default\">\n\t\t\t\t<div class=\"elementor-widget-container\">\n\t\t\t\t\t\t\t\t\t\t\t\t\t\t\t<img fetchpriority=\"high\" decoding=\"async\" width=\"580\" height=\"552\" src=\"https:\/\/www.digitalmate.fr\/revolutions\/wp-content\/uploads\/2022\/05\/simu-1024x975.jpg\" class=\"attachment-large size-large wp-image-479\" alt=\"\" srcset=\"https:\/\/www.digitalmate.fr\/revolutions\/wp-content\/uploads\/2022\/05\/simu-1024x975.jpg 1024w, https:\/\/www.digitalmate.fr\/revolutions\/wp-content\/uploads\/2022\/05\/simu-300x286.jpg 300w, https:\/\/www.digitalmate.fr\/revolutions\/wp-content\/uploads\/2022\/05\/simu-768x731.jpg 768w, https:\/\/www.digitalmate.fr\/revolutions\/wp-content\/uploads\/2022\/05\/simu-1536x1463.jpg 1536w, https:\/\/www.digitalmate.fr\/revolutions\/wp-content\/uploads\/2022\/05\/simu-2048x1951.jpg 2048w, https:\/\/www.digitalmate.fr\/revolutions\/wp-content\/uploads\/2022\/05\/simu-1200x1143.jpg 1200w, https:\/\/www.digitalmate.fr\/revolutions\/wp-content\/uploads\/2022\/05\/simu-1980x1886.jpg 1980w, https:\/\/www.digitalmate.fr\/revolutions\/wp-content\/uploads\/2022\/05\/simu-600x571.jpg 600w\" sizes=\"(max-width: 580px) 100vw, 580px\" \/>\t\t\t\t\t\t\t\t\t\t\t\t\t\t\t<\/div>\n\t\t\t\t<\/div>\n\t\t\t\t\t<\/div>\n\t\t<\/div>\n\t\t\t\t<div class=\"elementor-column elementor-col-50 elementor-top-column elementor-element elementor-element-251e4a3\" data-id=\"251e4a3\" data-element_type=\"column\">\n\t\t\t<div class=\"elementor-widget-wrap elementor-element-populated\">\n\t\t\t\t\t\t<div class=\"elementor-element elementor-element-f41a569 elementor-widget elementor-widget-heading\" data-id=\"f41a569\" data-element_type=\"widget\" data-widget_type=\"heading.default\">\n\t\t\t\t<div class=\"elementor-widget-container\">\n\t\t\t\t\t<h2 class=\"elementor-heading-title elementor-size-default\">Le projet<\/h2>\t\t\t\t<\/div>\n\t\t\t\t<\/div>\n\t\t\t\t<div class=\"elementor-element elementor-element-bb56685 elementor-widget elementor-widget-heading\" data-id=\"bb56685\" data-element_type=\"widget\" data-widget_type=\"heading.default\">\n\t\t\t\t<div class=\"elementor-widget-container\">\n\t\t\t\t\t<h2 class=\"elementor-heading-title elementor-size-default\">accessible, p\u00e9dagogique, prospectif <\/h2>\t\t\t\t<\/div>\n\t\t\t\t<\/div>\n\t\t\t\t<div class=\"elementor-element elementor-element-d23dbf4 elementor-widget elementor-widget-heading\" data-id=\"d23dbf4\" data-element_type=\"widget\" data-widget_type=\"heading.default\">\n\t\t\t\t<div class=\"elementor-widget-container\">\n\t\t\t\t\t<h2 class=\"elementor-heading-title elementor-size-default\"><br> Nous proposons une exp\u00e9rience compl\u00e8te au travers de ce projet :<\/h2>\t\t\t\t<\/div>\n\t\t\t\t<\/div>\n\t\t\t\t<div class=\"elementor-element elementor-element-7c91a40 elementor-widget elementor-widget-text-editor\" data-id=\"7c91a40\" data-element_type=\"widget\" data-widget_type=\"text-editor.default\">\n\t\t\t\t<div class=\"elementor-widget-container\">\n\t\t\t\t\t\t\t\t\t<p>\u2022 Livre<br \/>\u2022 Site et <a href=\"https:\/\/apps.apple.com\/sn\/app\/la-plus-grande-r%C3%A9volution\/id1641307323\">application mobile<\/a><br \/>\u2022\u00a0<span style=\"letter-spacing: -0.27px;\"><a href=\"https:\/\/www.youtube.com\/channel\/UC___h3lYskNBDz6M0mb7urw\/videos\">Webs\u00e9rie<\/a><\/span><br \/>\u2022 Conf\u00e9rences \/ d\u00e9bats<br \/>\u2022 Pour le grand public. Simple d\u2019acc\u00e8s. Forme claire et accessible.<br \/>\u2022 Vulgarisation et synth\u00e8se au maximum.<\/p><p><a href=\"https:\/\/www.digitalmate.fr\/revolutions\/partenaires\/\">Partenaire<\/a> :<\/p>\t\t\t\t\t\t\t\t<\/div>\n\t\t\t\t<\/div>\n\t\t\t\t<div class=\"elementor-element elementor-element-3ccd494 elementor-widget elementor-widget-image\" data-id=\"3ccd494\" data-element_type=\"widget\" data-widget_type=\"image.default\">\n\t\t\t\t<div class=\"elementor-widget-container\">\n\t\t\t\t\t\t\t\t\t\t\t\t\t\t\t\t<a href=\"https:\/\/linnovore.com\/\" target=\"_blank\">\n\t\t\t\t\t\t\t<img decoding=\"async\" width=\"580\" height=\"132\" src=\"https:\/\/www.digitalmate.fr\/revolutions\/wp-content\/uploads\/2021\/11\/Innovore_petit-Vert-PMS_382C-1024x233.jpg\" class=\"attachment-large size-large wp-image-317\" alt=\"\" srcset=\"https:\/\/www.digitalmate.fr\/revolutions\/wp-content\/uploads\/2021\/11\/Innovore_petit-Vert-PMS_382C-1024x233.jpg 1024w, https:\/\/www.digitalmate.fr\/revolutions\/wp-content\/uploads\/2021\/11\/Innovore_petit-Vert-PMS_382C-300x68.jpg 300w, https:\/\/www.digitalmate.fr\/revolutions\/wp-content\/uploads\/2021\/11\/Innovore_petit-Vert-PMS_382C-768x174.jpg 768w, https:\/\/www.digitalmate.fr\/revolutions\/wp-content\/uploads\/2021\/11\/Innovore_petit-Vert-PMS_382C-1536x349.jpg 1536w, https:\/\/www.digitalmate.fr\/revolutions\/wp-content\/uploads\/2021\/11\/Innovore_petit-Vert-PMS_382C-2048x465.jpg 2048w, https:\/\/www.digitalmate.fr\/revolutions\/wp-content\/uploads\/2021\/11\/Innovore_petit-Vert-PMS_382C-1200x273.jpg 1200w, https:\/\/www.digitalmate.fr\/revolutions\/wp-content\/uploads\/2021\/11\/Innovore_petit-Vert-PMS_382C-1980x450.jpg 1980w, https:\/\/www.digitalmate.fr\/revolutions\/wp-content\/uploads\/2021\/11\/Innovore_petit-Vert-PMS_382C-600x136.jpg 600w\" sizes=\"(max-width: 580px) 100vw, 580px\" \/>\t\t\t\t\t\t\t\t<\/a>\n\t\t\t\t\t\t\t\t\t\t\t\t\t\t\t<\/div>\n\t\t\t\t<\/div>\n\t\t\t\t\t<\/div>\n\t\t<\/div>\n\t\t\t\t\t<\/div>\n\t\t<\/section>\n\t\t\t\t<\/div>\n\t\t","protected":false},"excerpt":{"rendered":"<p>Le projet accessible, p\u00e9dagogique, prospectif Nous proposons une exp\u00e9rience compl\u00e8te au travers de ce projet : \u2022 Livre\u2022 Site et application mobile\u2022\u00a0Webs\u00e9rie\u2022 Conf\u00e9rences \/ d\u00e9bats\u2022 Pour le grand public. Simple d\u2019acc\u00e8s. Forme claire et accessible.\u2022 Vulgarisation et synth\u00e8se au maximum. Partenaire :<\/p>\n","protected":false},"author":1,"featured_media":0,"parent":0,"menu_order":0,"comment_status":"closed","ping_status":"closed","template":"elementor_header_footer","meta":{"footnotes":""},"class_list":["post-82","page","type-page","status-publish","hentry"],"yoast_head":"<!-- This site is optimized with the Yoast SEO plugin v25.3 - https:\/\/yoast.com\/wordpress\/plugins\/seo\/ -->\n<title>Concept - La plus grande r\u00e9volution<\/title>\n<meta name=\"robots\" content=\"index, follow, max-snippet:-1, max-image-preview:large, max-video-preview:-1\" \/>\n<link rel=\"canonical\" href=\"https:\/\/www.digitalmate.fr\/revolutions\/concept\/\" \/>\n<meta property=\"og:locale\" content=\"fr_FR\" \/>\n<meta property=\"og:type\" content=\"article\" \/>\n<meta property=\"og:title\" content=\"Concept - La plus grande r\u00e9volution\" \/>\n<meta property=\"og:description\" content=\"Le projet accessible, p\u00e9dagogique, prospectif Nous proposons une exp\u00e9rience compl\u00e8te au travers de ce projet : \u2022 Livre\u2022 Site et application mobile\u2022\u00a0Webs\u00e9rie\u2022 Conf\u00e9rences \/ d\u00e9bats\u2022 Pour le grand public. Simple d\u2019acc\u00e8s. Forme claire et accessible.\u2022 Vulgarisation et synth\u00e8se au maximum. Partenaire :\" \/>\n<meta property=\"og:url\" content=\"https:\/\/www.digitalmate.fr\/revolutions\/concept\/\" \/>\n<meta property=\"og:site_name\" content=\"La plus grande r\u00e9volution\" \/>\n<meta property=\"article:modified_time\" content=\"2022-09-05T07:39:46+00:00\" \/>\n<meta property=\"og:image\" content=\"https:\/\/www.digitalmate.fr\/revolutions\/wp-content\/uploads\/2022\/05\/simu-1024x975.jpg\" \/>\n<meta name=\"twitter:card\" content=\"summary_large_image\" \/>\n<meta name=\"twitter:label1\" content=\"Dur\u00e9e de lecture estim\u00e9e\" \/>\n\t<meta name=\"twitter:data1\" content=\"1 minute\" \/>\n<script type=\"application\/ld+json\" class=\"yoast-schema-graph\">{\"@context\":\"https:\/\/schema.org\",\"@graph\":[{\"@type\":\"WebPage\",\"@id\":\"https:\/\/www.digitalmate.fr\/revolutions\/concept\/\",\"url\":\"https:\/\/www.digitalmate.fr\/revolutions\/concept\/\",\"name\":\"Concept - La plus grande r\u00e9volution\",\"isPartOf\":{\"@id\":\"https:\/\/www.digitalmate.fr\/revolutions\/#website\"},\"primaryImageOfPage\":{\"@id\":\"https:\/\/www.digitalmate.fr\/revolutions\/concept\/#primaryimage\"},\"image\":{\"@id\":\"https:\/\/www.digitalmate.fr\/revolutions\/concept\/#primaryimage\"},\"thumbnailUrl\":\"https:\/\/www.digitalmate.fr\/revolutions\/wp-content\/uploads\/2022\/05\/simu-1024x975.jpg\",\"datePublished\":\"2021-10-21T07:42:48+00:00\",\"dateModified\":\"2022-09-05T07:39:46+00:00\",\"breadcrumb\":{\"@id\":\"https:\/\/www.digitalmate.fr\/revolutions\/concept\/#breadcrumb\"},\"inLanguage\":\"fr-FR\",\"potentialAction\":[{\"@type\":\"ReadAction\",\"target\":[\"https:\/\/www.digitalmate.fr\/revolutions\/concept\/\"]}]},{\"@type\":\"ImageObject\",\"inLanguage\":\"fr-FR\",\"@id\":\"https:\/\/www.digitalmate.fr\/revolutions\/concept\/#primaryimage\",\"url\":\"https:\/\/www.digitalmate.fr\/revolutions\/wp-content\/uploads\/2022\/05\/simu.jpg\",\"contentUrl\":\"https:\/\/www.digitalmate.fr\/revolutions\/wp-content\/uploads\/2022\/05\/simu.jpg\",\"width\":2480,\"height\":2362},{\"@type\":\"BreadcrumbList\",\"@id\":\"https:\/\/www.digitalmate.fr\/revolutions\/concept\/#breadcrumb\",\"itemListElement\":[{\"@type\":\"ListItem\",\"position\":1,\"name\":\"Accueil\",\"item\":\"https:\/\/www.digitalmate.fr\/revolutions\/\"},{\"@type\":\"ListItem\",\"position\":2,\"name\":\"Concept\"}]},{\"@type\":\"WebSite\",\"@id\":\"https:\/\/www.digitalmate.fr\/revolutions\/#website\",\"url\":\"https:\/\/www.digitalmate.fr\/revolutions\/\",\"name\":\"La plus grande r\u00e9volution\",\"description\":\"\",\"potentialAction\":[{\"@type\":\"SearchAction\",\"target\":{\"@type\":\"EntryPoint\",\"urlTemplate\":\"https:\/\/www.digitalmate.fr\/revolutions\/?s={search_term_string}\"},\"query-input\":{\"@type\":\"PropertyValueSpecification\",\"valueRequired\":true,\"valueName\":\"search_term_string\"}}],\"inLanguage\":\"fr-FR\"}]}<\/script>\n<!-- \/ Yoast SEO plugin. -->","yoast_head_json":{"title":"Concept - La plus grande r\u00e9volution","robots":{"index":"index","follow":"follow","max-snippet":"max-snippet:-1","max-image-preview":"max-image-preview:large","max-video-preview":"max-video-preview:-1"},"canonical":"https:\/\/www.digitalmate.fr\/revolutions\/concept\/","og_locale":"fr_FR","og_type":"article","og_title":"Concept - La plus grande r\u00e9volution","og_description":"Le projet accessible, p\u00e9dagogique, prospectif Nous proposons une exp\u00e9rience compl\u00e8te au travers de ce projet : \u2022 Livre\u2022 Site et application mobile\u2022\u00a0Webs\u00e9rie\u2022 Conf\u00e9rences \/ d\u00e9bats\u2022 Pour le grand public. Simple d\u2019acc\u00e8s. Forme claire et accessible.\u2022 Vulgarisation et synth\u00e8se au maximum. Partenaire :","og_url":"https:\/\/www.digitalmate.fr\/revolutions\/concept\/","og_site_name":"La plus grande r\u00e9volution","article_modified_time":"2022-09-05T07:39:46+00:00","og_image":[{"url":"https:\/\/www.digitalmate.fr\/revolutions\/wp-content\/uploads\/2022\/05\/simu-1024x975.jpg","type":"","width":"","height":""}],"twitter_card":"summary_large_image","twitter_misc":{"Dur\u00e9e de lecture estim\u00e9e":"1 minute"},"schema":{"@context":"https:\/\/schema.org","@graph":[{"@type":"WebPage","@id":"https:\/\/www.digitalmate.fr\/revolutions\/concept\/","url":"https:\/\/www.digitalmate.fr\/revolutions\/concept\/","name":"Concept - La plus grande r\u00e9volution","isPartOf":{"@id":"https:\/\/www.digitalmate.fr\/revolutions\/#website"},"primaryImageOfPage":{"@id":"https:\/\/www.digitalmate.fr\/revolutions\/concept\/#primaryimage"},"image":{"@id":"https:\/\/www.digitalmate.fr\/revolutions\/concept\/#primaryimage"},"thumbnailUrl":"https:\/\/www.digitalmate.fr\/revolutions\/wp-content\/uploads\/2022\/05\/simu-1024x975.jpg","datePublished":"2021-10-21T07:42:48+00:00","dateModified":"2022-09-05T07:39:46+00:00","breadcrumb":{"@id":"https:\/\/www.digitalmate.fr\/revolutions\/concept\/#breadcrumb"},"inLanguage":"fr-FR","potentialAction":[{"@type":"ReadAction","target":["https:\/\/www.digitalmate.fr\/revolutions\/concept\/"]}]},{"@type":"ImageObject","inLanguage":"fr-FR","@id":"https:\/\/www.digitalmate.fr\/revolutions\/concept\/#primaryimage","url":"https:\/\/www.digitalmate.fr\/revolutions\/wp-content\/uploads\/2022\/05\/simu.jpg","contentUrl":"https:\/\/www.digitalmate.fr\/revolutions\/wp-content\/uploads\/2022\/05\/simu.jpg","width":2480,"height":2362},{"@type":"BreadcrumbList","@id":"https:\/\/www.digitalmate.fr\/revolutions\/concept\/#breadcrumb","itemListElement":[{"@type":"ListItem","position":1,"name":"Accueil","item":"https:\/\/www.digitalmate.fr\/revolutions\/"},{"@type":"ListItem","position":2,"name":"Concept"}]},{"@type":"WebSite","@id":"https:\/\/www.digitalmate.fr\/revolutions\/#website","url":"https:\/\/www.digitalmate.fr\/revolutions\/","name":"La plus grande r\u00e9volution","description":"","potentialAction":[{"@type":"SearchAction","target":{"@type":"EntryPoint","urlTemplate":"https:\/\/www.digitalmate.fr\/revolutions\/?s={search_term_string}"},"query-input":{"@type":"PropertyValueSpecification","valueRequired":true,"valueName":"search_term_string"}}],"inLanguage":"fr-FR"}]}},"_links":{"self":[{"href":"https:\/\/www.digitalmate.fr\/revolutions\/wp-json\/wp\/v2\/pages\/82","targetHints":{"allow":["GET"]}}],"collection":[{"href":"https:\/\/www.digitalmate.fr\/revolutions\/wp-json\/wp\/v2\/pages"}],"about":[{"href":"https:\/\/www.digitalmate.fr\/revolutions\/wp-json\/wp\/v2\/types\/page"}],"author":[{"embeddable":true,"href":"https:\/\/www.digitalmate.fr\/revolutions\/wp-json\/wp\/v2\/users\/1"}],"replies":[{"embeddable":true,"href":"https:\/\/www.digitalmate.fr\/revolutions\/wp-json\/wp\/v2\/comments?post=82"}],"version-history":[{"count":41,"href":"https:\/\/www.digitalmate.fr\/revolutions\/wp-json\/wp\/v2\/pages\/82\/revisions"}],"predecessor-version":[{"id":662,"href":"https:\/\/www.digitalmate.fr\/revolutions\/wp-json\/wp\/v2\/pages\/82\/revisions\/662"}],"wp:attachment":[{"href":"https:\/\/www.digitalmate.fr\/revolutions\/wp-json\/wp\/v2\/media?parent=82"}],"curies":[{"name":"wp","href":"https:\/\/api.w.org\/{rel}","templated":true}]}}