{"id":75,"date":"2021-10-21T09:21:50","date_gmt":"2021-10-21T07:21:50","guid":{"rendered":"https:\/\/www.digitalmate.fr\/revolutions\/?page_id=75"},"modified":"2022-09-20T16:42:39","modified_gmt":"2022-09-20T14:42:39","slug":"livre","status":"publish","type":"page","link":"https:\/\/www.digitalmate.fr\/revolutions\/livre\/","title":{"rendered":"Livre"},"content":{"rendered":"\t\t<div data-elementor-type=\"wp-page\" data-elementor-id=\"75\" class=\"elementor elementor-75\" data-elementor-post-type=\"page\">\n\t\t\t\t\t\t<section class=\"elementor-section elementor-top-section elementor-element elementor-element-034f5e8 elementor-section-height-min-height elementor-section-boxed elementor-section-height-default elementor-section-items-middle\" data-id=\"034f5e8\" data-element_type=\"section\" data-settings=\"{&quot;background_background&quot;:&quot;classic&quot;}\">\n\t\t\t\t\t\t<div class=\"elementor-container elementor-column-gap-default\">\n\t\t\t\t\t<div class=\"elementor-column elementor-col-50 elementor-top-column elementor-element elementor-element-7dadfb1\" data-id=\"7dadfb1\" data-element_type=\"column\">\n\t\t\t<div class=\"elementor-widget-wrap elementor-element-populated\">\n\t\t\t\t\t\t<div class=\"elementor-element elementor-element-3bdfb02 elementor-widget elementor-widget-heading\" data-id=\"3bdfb02\" data-element_type=\"widget\" data-widget_type=\"heading.default\">\n\t\t\t\t<div class=\"elementor-widget-container\">\n\t\t\t\t\t<h1 class=\"elementor-heading-title elementor-size-default\">Livre\n<\/h1>\t\t\t\t<\/div>\n\t\t\t\t<\/div>\n\t\t\t\t\t<\/div>\n\t\t<\/div>\n\t\t\t\t<div class=\"elementor-column elementor-col-50 elementor-top-column elementor-element elementor-element-33c2001\" data-id=\"33c2001\" data-element_type=\"column\">\n\t\t\t<div class=\"elementor-widget-wrap\">\n\t\t\t\t\t\t\t<\/div>\n\t\t<\/div>\n\t\t\t\t\t<\/div>\n\t\t<\/section>\n\t\t\t\t<section class=\"elementor-section elementor-top-section elementor-element elementor-element-c15cfb5 elementor-section-boxed elementor-section-height-default elementor-section-height-default\" data-id=\"c15cfb5\" data-element_type=\"section\">\n\t\t\t\t\t\t\t<div class=\"elementor-background-overlay\"><\/div>\n\t\t\t\t\t\t\t<div class=\"elementor-container elementor-column-gap-default\">\n\t\t\t\t\t<div class=\"elementor-column elementor-col-50 elementor-top-column elementor-element elementor-element-7398eab\" data-id=\"7398eab\" data-element_type=\"column\">\n\t\t\t<div class=\"elementor-widget-wrap\">\n\t\t\t\t\t\t\t<\/div>\n\t\t<\/div>\n\t\t\t\t<div class=\"elementor-column elementor-col-50 elementor-top-column elementor-element elementor-element-6cd4c3e\" data-id=\"6cd4c3e\" data-element_type=\"column\">\n\t\t\t<div class=\"elementor-widget-wrap elementor-element-populated\">\n\t\t\t\t\t\t<div class=\"elementor-element elementor-element-aec6c68 elementor-widget elementor-widget-heading\" data-id=\"aec6c68\" data-element_type=\"widget\" data-widget_type=\"heading.default\">\n\t\t\t\t<div class=\"elementor-widget-container\">\n\t\t\t\t\t<h2 class=\"elementor-heading-title elementor-size-default\">Pr\u00e9ambule : pourquoi ce livre ?<\/h2>\t\t\t\t<\/div>\n\t\t\t\t<\/div>\n\t\t\t\t<div class=\"elementor-element elementor-element-420ccaa elementor-widget elementor-widget-heading\" data-id=\"420ccaa\" data-element_type=\"widget\" data-widget_type=\"heading.default\">\n\t\t\t\t<div class=\"elementor-widget-container\">\n\t\t\t\t\t<h2 class=\"elementor-heading-title elementor-size-default\">Introduction : un livre en cinq temps<\/h2>\t\t\t\t<\/div>\n\t\t\t\t<\/div>\n\t\t\t\t<div class=\"elementor-element elementor-element-32e3134 elementor-widget elementor-widget-heading\" data-id=\"32e3134\" data-element_type=\"widget\" data-widget_type=\"heading.default\">\n\t\t\t\t<div class=\"elementor-widget-container\">\n\t\t\t\t\t<h2 class=\"elementor-heading-title elementor-size-default\">Partie 1 - Les r\u00e9volutions actuelles : perspectives historiques <\/h2>\t\t\t\t<\/div>\n\t\t\t\t<\/div>\n\t\t\t\t<div class=\"elementor-element elementor-element-c48816a elementor-widget elementor-widget-text-editor\" data-id=\"c48816a\" data-element_type=\"widget\" data-widget_type=\"text-editor.default\">\n\t\t\t\t<div class=\"elementor-widget-container\">\n\t\t\t\t\t\t\t\t\t<p>\u2022 Les r\u00e9volutions informationnelles<\/p><p>\u2022 Les r\u00e9volutions industrielles<\/p><p>\u2022 Encadr\u00e9 : Un r\u00f4le historique des technologies dans les dominations g\u00e9opolitiques<\/p><p>\u2022 Les r\u00e9volutions socioculturelles du XXe si\u00e8cle<\/p><p>\u2022 Conclusion : la fin du XXe si\u00e8cle et le d\u00e9but du XXIe semblent marquer une sorte de \u00ab point de bascule \u00bb<\/p>\t\t\t\t\t\t\t\t<\/div>\n\t\t\t\t<\/div>\n\t\t\t\t<div class=\"elementor-element elementor-element-e65a6f6 elementor-widget elementor-widget-heading\" data-id=\"e65a6f6\" data-element_type=\"widget\" data-widget_type=\"heading.default\">\n\t\t\t\t<div class=\"elementor-widget-container\">\n\t\t\t\t\t<h2 class=\"elementor-heading-title elementor-size-default\">Partie 2 - Les d\u00e9buts du XXIe : convergences, nouvelles \u00ab d\u00e9couvertes \u00bb et incertitudes<\/h2>\t\t\t\t<\/div>\n\t\t\t\t<\/div>\n\t\t\t\t<div class=\"elementor-element elementor-element-d3dccb9 elementor-widget elementor-widget-text-editor\" data-id=\"d3dccb9\" data-element_type=\"widget\" data-widget_type=\"text-editor.default\">\n\t\t\t\t<div class=\"elementor-widget-container\">\n\t\t\t\t\t\t\t\t\t<p>\u2022 La convergence des d\u00e9couvertes NBIC acc\u00e9l\u00e8re les r\u00e9volutions en cours<\/p><p>\u2022 Encadr\u00e9 &#8211; Apparition de l\u2019IA connexionniste : histoire, progr\u00e8s et limites <\/p><p>\u2022 Des jeux vid\u00e9o aux m\u00e9tavers : vers un monde virtuel ?<\/p><p>\u2022 De l\u2019homme r\u00e9par\u00e9 \u00e0 l\u2019homme augment\u00e9 : vers le \u00ab Transhumanisme \u00bb et la \u00ab Singularit\u00e9 \u00bb ?<\/p><p>\u2022 Des limites de la recherche scientifique et de la difficult\u00e9 \u00e0 s\u2019accorder sur une \u00e9thique et des r\u00e8gles mondiales partag\u00e9es<\/p><p>\u2022 Conclusion : une quatri\u00e8me r\u00e9volution industrielle est-elle en cours ?<\/p>\t\t\t\t\t\t\t\t<\/div>\n\t\t\t\t<\/div>\n\t\t\t\t<div class=\"elementor-element elementor-element-1ff5327 elementor-widget elementor-widget-heading\" data-id=\"1ff5327\" data-element_type=\"widget\" data-widget_type=\"heading.default\">\n\t\t\t\t<div class=\"elementor-widget-container\">\n\t\t\t\t\t<h2 class=\"elementor-heading-title elementor-size-default\">Partie 3 - Des \u00e9volutions du monde et des enjeux qui nous d\u00e9passent<\/h2>\t\t\t\t<\/div>\n\t\t\t\t<\/div>\n\t\t\t\t<div class=\"elementor-element elementor-element-fdaff24 elementor-widget elementor-widget-text-editor\" data-id=\"fdaff24\" data-element_type=\"widget\" data-widget_type=\"text-editor.default\">\n\t\t\t\t<div class=\"elementor-widget-container\">\n\t\t\t\t\t\t\t\t\t<p>\u2022 Quelles solutions pour r\u00e9pondre \u00e0 l\u2019urgence de la transition \u00e9cologique ?<\/p><p>\u2022 Encadr\u00e9 &#8211; Comment nourrir une plan\u00e8te en expansion d\u00e9mographique ?<\/p><p>\u2022 Encadr\u00e9 : Un univers en expansion<\/p><p>\u2022 Un nouvel \u00ab \u00e9quilibre g\u00e9opolitique mondial \u00bb avec l\u2019\u00e9mergence de nouvelles dominations technologiques<\/p><p>\u2022 Des GAFAM et BATX plus puissants que les Etats ?<\/p><p>\u2022 Conclusion : la puissance technologique, facteur clef des rapports de forces<\/p>\t\t\t\t\t\t\t\t<\/div>\n\t\t\t\t<\/div>\n\t\t\t\t<div class=\"elementor-element elementor-element-a3ef385 elementor-widget elementor-widget-heading\" data-id=\"a3ef385\" data-element_type=\"widget\" data-widget_type=\"heading.default\">\n\t\t\t\t<div class=\"elementor-widget-container\">\n\t\t\t\t\t<h2 class=\"elementor-heading-title elementor-size-default\">Partie 4 - De nouvelles menaces et d\u00e9fis pour nos vies quotidiennes<\/h2>\t\t\t\t<\/div>\n\t\t\t\t<\/div>\n\t\t\t\t<div class=\"elementor-element elementor-element-6ba7954 elementor-widget elementor-widget-text-editor\" data-id=\"6ba7954\" data-element_type=\"widget\" data-widget_type=\"text-editor.default\">\n\t\t\t\t<div class=\"elementor-widget-container\">\n\t\t\t\t\t\t\t\t\t<p>\u2022 Des (r)\u00e9volutions technologiques facteurs d\u2019in\u00e9galit\u00e9s individuelles<\/p><p>\u2022 Une information et des connaissances illimit\u00e9es : effets pervers et nouveaux enjeux<\/p><p>\u2022 Les pouvoirs \u00bb immenses du big data que nous alimentons nous-m\u00eames<\/p><p>\u2022 Quel avenir pour le \u00ab travail \u00bb ?<\/p><p>\u2022 Encadr\u00e9 &#8211; R\u00e9flexion critique sur le num\u00e9rique : la pr\u00e9servation de l\u2019ordre \u00e9tabli ou \u00ab le triomphe des conservateurs<\/p><p>\u2022 Ne sommes-nous pas d\u00e9j\u00e0 entr\u00e9s dans une troisi\u00e8me modernit\u00e9 de nature \u00ab techno-socioculturelle \u00bb ?<\/p>\t\t\t\t\t\t\t\t<\/div>\n\t\t\t\t<\/div>\n\t\t\t\t<div class=\"elementor-element elementor-element-240788d elementor-widget elementor-widget-heading\" data-id=\"240788d\" data-element_type=\"widget\" data-widget_type=\"heading.default\">\n\t\t\t\t<div class=\"elementor-widget-container\">\n\t\t\t\t\t<h2 class=\"elementor-heading-title elementor-size-default\">Partie 5 - Quelles perspectives ?<\/h2>\t\t\t\t<\/div>\n\t\t\t\t<\/div>\n\t\t\t\t<div class=\"elementor-element elementor-element-7d68d30 elementor-widget elementor-widget-text-editor\" data-id=\"7d68d30\" data-element_type=\"widget\" data-widget_type=\"text-editor.default\">\n\t\t\t\t<div class=\"elementor-widget-container\">\n\t\t\t\t\t\t\t\t\t<p>\u2022 Plus de vigilance pour une meilleure ma\u00eetrise des menaces au niveau individuel<\/p><p>\u2022 L\u2019Europe, nouveau terrain de d\u00e9cisions collectives pour r\u00e9pondre aux enjeux et aux menaces ?<\/p>\t\t\t\t\t\t\t\t<\/div>\n\t\t\t\t<\/div>\n\t\t\t\t<div class=\"elementor-element elementor-element-3a4ad2f elementor-widget elementor-widget-heading\" data-id=\"3a4ad2f\" data-element_type=\"widget\" data-widget_type=\"heading.default\">\n\t\t\t\t<div class=\"elementor-widget-container\">\n\t\t\t\t\t<h2 class=\"elementor-heading-title elementor-size-default\">Conclusion : la plus grande r\u00e9volution est loin d'\u00eatre achev\u00e9e ! <br><\/h2>\t\t\t\t<\/div>\n\t\t\t\t<\/div>\n\t\t\t\t\t<\/div>\n\t\t<\/div>\n\t\t\t\t\t<\/div>\n\t\t<\/section>\n\t\t\t\t<\/div>\n\t\t","protected":false},"excerpt":{"rendered":"<p>Livre Pr\u00e9ambule : pourquoi ce livre ? Introduction : un livre en cinq temps Partie 1 &#8211; Les r\u00e9volutions actuelles : perspectives historiques \u2022 Les r\u00e9volutions informationnelles \u2022 Les r\u00e9volutions industrielles \u2022 Encadr\u00e9 : Un r\u00f4le historique des technologies dans les dominations g\u00e9opolitiques \u2022 Les r\u00e9volutions socioculturelles du XXe si\u00e8cle \u2022 Conclusion : la fin [&hellip;]<\/p>\n","protected":false},"author":1,"featured_media":0,"parent":0,"menu_order":0,"comment_status":"closed","ping_status":"closed","template":"elementor_header_footer","meta":{"footnotes":""},"class_list":["post-75","page","type-page","status-publish","hentry"],"yoast_head":"<!-- This site is optimized with the Yoast SEO plugin v25.3 - https:\/\/yoast.com\/wordpress\/plugins\/seo\/ -->\n<title>Livre - La plus grande r\u00e9volution<\/title>\n<meta name=\"robots\" content=\"index, follow, max-snippet:-1, max-image-preview:large, max-video-preview:-1\" \/>\n<link rel=\"canonical\" href=\"https:\/\/www.digitalmate.fr\/revolutions\/livre\/\" \/>\n<meta property=\"og:locale\" content=\"fr_FR\" \/>\n<meta property=\"og:type\" content=\"article\" \/>\n<meta property=\"og:title\" content=\"Livre - La plus grande r\u00e9volution\" \/>\n<meta property=\"og:description\" content=\"Livre Pr\u00e9ambule : pourquoi ce livre ? Introduction : un livre en cinq temps Partie 1 &#8211; Les r\u00e9volutions actuelles : perspectives historiques \u2022 Les r\u00e9volutions informationnelles \u2022 Les r\u00e9volutions industrielles \u2022 Encadr\u00e9 : Un r\u00f4le historique des technologies dans les dominations g\u00e9opolitiques \u2022 Les r\u00e9volutions socioculturelles du XXe si\u00e8cle \u2022 Conclusion : la fin [&hellip;]\" \/>\n<meta property=\"og:url\" content=\"https:\/\/www.digitalmate.fr\/revolutions\/livre\/\" \/>\n<meta property=\"og:site_name\" content=\"La plus grande r\u00e9volution\" \/>\n<meta property=\"article:modified_time\" content=\"2022-09-20T14:42:39+00:00\" \/>\n<meta name=\"twitter:card\" content=\"summary_large_image\" \/>\n<meta name=\"twitter:label1\" content=\"Dur\u00e9e de lecture estim\u00e9e\" \/>\n\t<meta name=\"twitter:data1\" content=\"2 minutes\" \/>\n<script type=\"application\/ld+json\" class=\"yoast-schema-graph\">{\"@context\":\"https:\/\/schema.org\",\"@graph\":[{\"@type\":\"WebPage\",\"@id\":\"https:\/\/www.digitalmate.fr\/revolutions\/livre\/\",\"url\":\"https:\/\/www.digitalmate.fr\/revolutions\/livre\/\",\"name\":\"Livre - La plus grande r\u00e9volution\",\"isPartOf\":{\"@id\":\"https:\/\/www.digitalmate.fr\/revolutions\/#website\"},\"datePublished\":\"2021-10-21T07:21:50+00:00\",\"dateModified\":\"2022-09-20T14:42:39+00:00\",\"breadcrumb\":{\"@id\":\"https:\/\/www.digitalmate.fr\/revolutions\/livre\/#breadcrumb\"},\"inLanguage\":\"fr-FR\",\"potentialAction\":[{\"@type\":\"ReadAction\",\"target\":[\"https:\/\/www.digitalmate.fr\/revolutions\/livre\/\"]}]},{\"@type\":\"BreadcrumbList\",\"@id\":\"https:\/\/www.digitalmate.fr\/revolutions\/livre\/#breadcrumb\",\"itemListElement\":[{\"@type\":\"ListItem\",\"position\":1,\"name\":\"Accueil\",\"item\":\"https:\/\/www.digitalmate.fr\/revolutions\/\"},{\"@type\":\"ListItem\",\"position\":2,\"name\":\"Livre\"}]},{\"@type\":\"WebSite\",\"@id\":\"https:\/\/www.digitalmate.fr\/revolutions\/#website\",\"url\":\"https:\/\/www.digitalmate.fr\/revolutions\/\",\"name\":\"La plus grande r\u00e9volution\",\"description\":\"\",\"potentialAction\":[{\"@type\":\"SearchAction\",\"target\":{\"@type\":\"EntryPoint\",\"urlTemplate\":\"https:\/\/www.digitalmate.fr\/revolutions\/?s={search_term_string}\"},\"query-input\":{\"@type\":\"PropertyValueSpecification\",\"valueRequired\":true,\"valueName\":\"search_term_string\"}}],\"inLanguage\":\"fr-FR\"}]}<\/script>\n<!-- \/ Yoast SEO plugin. -->","yoast_head_json":{"title":"Livre - La plus grande r\u00e9volution","robots":{"index":"index","follow":"follow","max-snippet":"max-snippet:-1","max-image-preview":"max-image-preview:large","max-video-preview":"max-video-preview:-1"},"canonical":"https:\/\/www.digitalmate.fr\/revolutions\/livre\/","og_locale":"fr_FR","og_type":"article","og_title":"Livre - La plus grande r\u00e9volution","og_description":"Livre Pr\u00e9ambule : pourquoi ce livre ? Introduction : un livre en cinq temps Partie 1 &#8211; Les r\u00e9volutions actuelles : perspectives historiques \u2022 Les r\u00e9volutions informationnelles \u2022 Les r\u00e9volutions industrielles \u2022 Encadr\u00e9 : Un r\u00f4le historique des technologies dans les dominations g\u00e9opolitiques \u2022 Les r\u00e9volutions socioculturelles du XXe si\u00e8cle \u2022 Conclusion : la fin [&hellip;]","og_url":"https:\/\/www.digitalmate.fr\/revolutions\/livre\/","og_site_name":"La plus grande r\u00e9volution","article_modified_time":"2022-09-20T14:42:39+00:00","twitter_card":"summary_large_image","twitter_misc":{"Dur\u00e9e de lecture estim\u00e9e":"2 minutes"},"schema":{"@context":"https:\/\/schema.org","@graph":[{"@type":"WebPage","@id":"https:\/\/www.digitalmate.fr\/revolutions\/livre\/","url":"https:\/\/www.digitalmate.fr\/revolutions\/livre\/","name":"Livre - La plus grande r\u00e9volution","isPartOf":{"@id":"https:\/\/www.digitalmate.fr\/revolutions\/#website"},"datePublished":"2021-10-21T07:21:50+00:00","dateModified":"2022-09-20T14:42:39+00:00","breadcrumb":{"@id":"https:\/\/www.digitalmate.fr\/revolutions\/livre\/#breadcrumb"},"inLanguage":"fr-FR","potentialAction":[{"@type":"ReadAction","target":["https:\/\/www.digitalmate.fr\/revolutions\/livre\/"]}]},{"@type":"BreadcrumbList","@id":"https:\/\/www.digitalmate.fr\/revolutions\/livre\/#breadcrumb","itemListElement":[{"@type":"ListItem","position":1,"name":"Accueil","item":"https:\/\/www.digitalmate.fr\/revolutions\/"},{"@type":"ListItem","position":2,"name":"Livre"}]},{"@type":"WebSite","@id":"https:\/\/www.digitalmate.fr\/revolutions\/#website","url":"https:\/\/www.digitalmate.fr\/revolutions\/","name":"La plus grande r\u00e9volution","description":"","potentialAction":[{"@type":"SearchAction","target":{"@type":"EntryPoint","urlTemplate":"https:\/\/www.digitalmate.fr\/revolutions\/?s={search_term_string}"},"query-input":{"@type":"PropertyValueSpecification","valueRequired":true,"valueName":"search_term_string"}}],"inLanguage":"fr-FR"}]}},"_links":{"self":[{"href":"https:\/\/www.digitalmate.fr\/revolutions\/wp-json\/wp\/v2\/pages\/75","targetHints":{"allow":["GET"]}}],"collection":[{"href":"https:\/\/www.digitalmate.fr\/revolutions\/wp-json\/wp\/v2\/pages"}],"about":[{"href":"https:\/\/www.digitalmate.fr\/revolutions\/wp-json\/wp\/v2\/types\/page"}],"author":[{"embeddable":true,"href":"https:\/\/www.digitalmate.fr\/revolutions\/wp-json\/wp\/v2\/users\/1"}],"replies":[{"embeddable":true,"href":"https:\/\/www.digitalmate.fr\/revolutions\/wp-json\/wp\/v2\/comments?post=75"}],"version-history":[{"count":61,"href":"https:\/\/www.digitalmate.fr\/revolutions\/wp-json\/wp\/v2\/pages\/75\/revisions"}],"predecessor-version":[{"id":691,"href":"https:\/\/www.digitalmate.fr\/revolutions\/wp-json\/wp\/v2\/pages\/75\/revisions\/691"}],"wp:attachment":[{"href":"https:\/\/www.digitalmate.fr\/revolutions\/wp-json\/wp\/v2\/media?parent=75"}],"curies":[{"name":"wp","href":"https:\/\/api.w.org\/{rel}","templated":true}]}}