{"id":52,"date":"2021-10-21T08:59:32","date_gmt":"2021-10-21T06:59:32","guid":{"rendered":"https:\/\/www.digitalmate.fr\/revolutions\/?page_id=52"},"modified":"2022-05-24T08:04:06","modified_gmt":"2022-05-24T06:04:06","slug":"auteurs","status":"publish","type":"page","link":"https:\/\/www.digitalmate.fr\/revolutions\/auteurs\/","title":{"rendered":"Auteurs"},"content":{"rendered":"\t\t<div data-elementor-type=\"wp-page\" data-elementor-id=\"52\" class=\"elementor elementor-52\" data-elementor-post-type=\"page\">\n\t\t\t\t\t\t<section class=\"elementor-section elementor-top-section elementor-element elementor-element-97f5fed elementor-section-height-min-height elementor-section-boxed elementor-section-height-default elementor-section-items-middle\" data-id=\"97f5fed\" data-element_type=\"section\" data-settings=\"{&quot;background_background&quot;:&quot;classic&quot;}\">\n\t\t\t\t\t\t<div class=\"elementor-container elementor-column-gap-default\">\n\t\t\t\t\t<div class=\"elementor-column elementor-col-50 elementor-top-column elementor-element elementor-element-d955be3\" data-id=\"d955be3\" data-element_type=\"column\">\n\t\t\t<div class=\"elementor-widget-wrap elementor-element-populated\">\n\t\t\t\t\t\t<div class=\"elementor-element elementor-element-cb41d69 elementor-widget elementor-widget-heading\" data-id=\"cb41d69\" data-element_type=\"widget\" data-widget_type=\"heading.default\">\n\t\t\t\t<div class=\"elementor-widget-container\">\n\t\t\t\t\t<h1 class=\"elementor-heading-title elementor-size-default\">Auteurs<br><\/h1>\t\t\t\t<\/div>\n\t\t\t\t<\/div>\n\t\t\t\t\t<\/div>\n\t\t<\/div>\n\t\t\t\t<div class=\"elementor-column elementor-col-50 elementor-top-column elementor-element elementor-element-40adc61\" data-id=\"40adc61\" data-element_type=\"column\">\n\t\t\t<div class=\"elementor-widget-wrap\">\n\t\t\t\t\t\t\t<\/div>\n\t\t<\/div>\n\t\t\t\t\t<\/div>\n\t\t<\/section>\n\t\t\t\t<section class=\"elementor-section elementor-top-section elementor-element elementor-element-696835b elementor-section-boxed elementor-section-height-default elementor-section-height-default\" data-id=\"696835b\" data-element_type=\"section\">\n\t\t\t\t\t\t<div class=\"elementor-container elementor-column-gap-default\">\n\t\t\t\t\t<div class=\"elementor-column elementor-col-50 elementor-top-column elementor-element elementor-element-038788f\" data-id=\"038788f\" data-element_type=\"column\">\n\t\t\t<div class=\"elementor-widget-wrap elementor-element-populated\">\n\t\t\t\t\t\t<div class=\"elementor-element elementor-element-e8a1127 elementor-invisible elementor-widget elementor-widget-image\" data-id=\"e8a1127\" data-element_type=\"widget\" data-settings=\"{&quot;_animation&quot;:&quot;fadeIn&quot;}\" data-widget_type=\"image.default\">\n\t\t\t\t<div class=\"elementor-widget-container\">\n\t\t\t\t\t\t\t\t\t\t\t\t\t\t\t<img fetchpriority=\"high\" decoding=\"async\" width=\"580\" height=\"580\" src=\"https:\/\/www.digitalmate.fr\/revolutions\/wp-content\/uploads\/2022\/02\/anne-beaufume.jpg\" class=\"attachment-large size-large wp-image-410\" alt=\"\" srcset=\"https:\/\/www.digitalmate.fr\/revolutions\/wp-content\/uploads\/2022\/02\/anne-beaufume.jpg 600w, https:\/\/www.digitalmate.fr\/revolutions\/wp-content\/uploads\/2022\/02\/anne-beaufume-300x300.jpg 300w, https:\/\/www.digitalmate.fr\/revolutions\/wp-content\/uploads\/2022\/02\/anne-beaufume-150x150.jpg 150w, https:\/\/www.digitalmate.fr\/revolutions\/wp-content\/uploads\/2022\/02\/anne-beaufume-450x450.jpg 450w, https:\/\/www.digitalmate.fr\/revolutions\/wp-content\/uploads\/2022\/02\/anne-beaufume-100x100.jpg 100w\" sizes=\"(max-width: 580px) 100vw, 580px\" \/>\t\t\t\t\t\t\t\t\t\t\t\t\t\t\t<\/div>\n\t\t\t\t<\/div>\n\t\t\t\t\t<\/div>\n\t\t<\/div>\n\t\t\t\t<div class=\"elementor-column elementor-col-50 elementor-top-column elementor-element elementor-element-55db93a elementor-invisible\" data-id=\"55db93a\" data-element_type=\"column\" data-settings=\"{&quot;animation&quot;:&quot;fadeIn&quot;,&quot;animation_delay&quot;:200}\">\n\t\t\t<div class=\"elementor-widget-wrap elementor-element-populated\">\n\t\t\t\t\t\t<div class=\"elementor-element elementor-element-cac7356 elementor-widget elementor-widget-heading\" data-id=\"cac7356\" data-element_type=\"widget\" data-widget_type=\"heading.default\">\n\t\t\t\t<div class=\"elementor-widget-container\">\n\t\t\t\t\t<h2 class=\"elementor-heading-title elementor-size-default\">Anne Beaufum\u00e9<\/h2>\t\t\t\t<\/div>\n\t\t\t\t<\/div>\n\t\t\t\t<div class=\"elementor-element elementor-element-8023b14 elementor-widget elementor-widget-text-editor\" data-id=\"8023b14\" data-element_type=\"widget\" data-widget_type=\"text-editor.default\">\n\t\t\t\t<div class=\"elementor-widget-container\">\n\t\t\t\t\t\t\t\t\t<p>Sp\u00e9cialiste du changement social : veille socioculturelle, analyse des enjeux, menaces et opportunit\u00e9s que rec\u00e8lent les \u00e9volutions de soci\u00e9t\u00e9.<\/p><p>Directrice associ\u00e9e de Sociovision Cofremca de 1995 \u00e0 2008. Fondatrice du cabinet Vision &amp; Talents (enqu\u00eates sur des probl\u00e9matiques \u00ab\u00a0marketing strat\u00e9gique et innovation\u00a0\u00bb comme sur des enjeux de transformation des organisations).<\/p><p>Pr\u00e9sidente du Club des vigilants, think tank de diffusion de r\u00e9flexions et pistes d&rsquo;action susceptibles de faire avancer le d\u00e9bat public sur des sujets repr\u00e9sentant des enjeux pour le futur.<\/p>\t\t\t\t\t\t\t\t<\/div>\n\t\t\t\t<\/div>\n\t\t\t\t\t<\/div>\n\t\t<\/div>\n\t\t\t\t\t<\/div>\n\t\t<\/section>\n\t\t\t\t<section class=\"elementor-section elementor-top-section elementor-element elementor-element-2a6ff76 elementor-section-boxed elementor-section-height-default elementor-section-height-default\" data-id=\"2a6ff76\" data-element_type=\"section\">\n\t\t\t\t\t\t<div class=\"elementor-container elementor-column-gap-default\">\n\t\t\t\t\t<div class=\"elementor-column elementor-col-50 elementor-top-column elementor-element elementor-element-636fc2a elementor-invisible\" data-id=\"636fc2a\" data-element_type=\"column\" data-settings=\"{&quot;animation&quot;:&quot;fadeIn&quot;,&quot;animation_delay&quot;:200}\">\n\t\t\t<div class=\"elementor-widget-wrap elementor-element-populated\">\n\t\t\t\t\t\t<div class=\"elementor-element elementor-element-f5ee3a0 elementor-widget elementor-widget-heading\" data-id=\"f5ee3a0\" data-element_type=\"widget\" data-widget_type=\"heading.default\">\n\t\t\t\t<div class=\"elementor-widget-container\">\n\t\t\t\t\t<h2 class=\"elementor-heading-title elementor-size-default\">J\u00e9r\u00f4me Bondu<\/h2>\t\t\t\t<\/div>\n\t\t\t\t<\/div>\n\t\t\t\t<div class=\"elementor-element elementor-element-d2c1232 elementor-widget elementor-widget-text-editor\" data-id=\"d2c1232\" data-element_type=\"widget\" data-widget_type=\"text-editor.default\">\n\t\t\t\t<div class=\"elementor-widget-container\">\n\t\t\t\t\t\t\t\t\t<p>Expert en intelligence \u00e9conomique : veille, influence et s\u00e9curit\u00e9 informationnelle. Sp\u00e9cialis\u00e9 sur la place des GAFAM. Enseignant \u00e0 l&rsquo;IHEDN (Institut des hautes \u00e9tudes de d\u00e9fense nationale), l&rsquo;IAE de Paris et l&rsquo;IESEG. Conf\u00e9rencier. Intervenant.<br \/>Fondateur du cabinet de conseil : <a href=\"https:\/\/www.inter-ligere.fr\/\" target=\"_blank\" rel=\"noopener\">INTER-LIGERE<\/a><\/p><p>Auteur de nombreux livres dont :<br \/>Maitrisez internet avant qu\u2019internet ne vous ma\u00eetrise ! <br \/>Petit bestiaire de la gestion des informations<\/p>\t\t\t\t\t\t\t\t<\/div>\n\t\t\t\t<\/div>\n\t\t\t\t\t<\/div>\n\t\t<\/div>\n\t\t\t\t<div class=\"elementor-column elementor-col-50 elementor-top-column elementor-element elementor-element-0628ce6\" data-id=\"0628ce6\" data-element_type=\"column\">\n\t\t\t<div class=\"elementor-widget-wrap elementor-element-populated\">\n\t\t\t\t\t\t<div class=\"elementor-element elementor-element-2687fc2 elementor-invisible elementor-widget elementor-widget-image\" data-id=\"2687fc2\" data-element_type=\"widget\" data-settings=\"{&quot;_animation&quot;:&quot;fadeIn&quot;}\" data-widget_type=\"image.default\">\n\t\t\t\t<div class=\"elementor-widget-container\">\n\t\t\t\t\t\t\t\t\t\t\t\t\t\t\t<img decoding=\"async\" width=\"580\" height=\"580\" src=\"https:\/\/www.digitalmate.fr\/revolutions\/wp-content\/uploads\/2021\/10\/jerome-bondu.jpg\" class=\"attachment-large size-large wp-image-62\" alt=\"\" srcset=\"https:\/\/www.digitalmate.fr\/revolutions\/wp-content\/uploads\/2021\/10\/jerome-bondu.jpg 600w, https:\/\/www.digitalmate.fr\/revolutions\/wp-content\/uploads\/2021\/10\/jerome-bondu-300x300.jpg 300w, https:\/\/www.digitalmate.fr\/revolutions\/wp-content\/uploads\/2021\/10\/jerome-bondu-150x150.jpg 150w\" sizes=\"(max-width: 580px) 100vw, 580px\" \/>\t\t\t\t\t\t\t\t\t\t\t\t\t\t\t<\/div>\n\t\t\t\t<\/div>\n\t\t\t\t\t<\/div>\n\t\t<\/div>\n\t\t\t\t\t<\/div>\n\t\t<\/section>\n\t\t\t\t<section class=\"elementor-section elementor-top-section elementor-element elementor-element-a3f3e03 elementor-reverse-mobile elementor-section-boxed elementor-section-height-default elementor-section-height-default\" data-id=\"a3f3e03\" data-element_type=\"section\">\n\t\t\t\t\t\t<div class=\"elementor-container elementor-column-gap-default\">\n\t\t\t\t\t<div class=\"elementor-column elementor-col-50 elementor-top-column elementor-element elementor-element-c74c67f\" data-id=\"c74c67f\" data-element_type=\"column\">\n\t\t\t<div class=\"elementor-widget-wrap elementor-element-populated\">\n\t\t\t\t\t\t<div class=\"elementor-element elementor-element-3a63dda elementor-invisible elementor-widget elementor-widget-image\" data-id=\"3a63dda\" data-element_type=\"widget\" data-settings=\"{&quot;_animation&quot;:&quot;fadeIn&quot;}\" data-widget_type=\"image.default\">\n\t\t\t\t<div class=\"elementor-widget-container\">\n\t\t\t\t\t\t\t\t\t\t\t\t\t\t\t<img decoding=\"async\" width=\"580\" height=\"580\" src=\"https:\/\/www.digitalmate.fr\/revolutions\/wp-content\/uploads\/2021\/10\/jerome-coutou.jpg\" class=\"attachment-large size-large wp-image-63\" alt=\"\" srcset=\"https:\/\/www.digitalmate.fr\/revolutions\/wp-content\/uploads\/2021\/10\/jerome-coutou.jpg 600w, https:\/\/www.digitalmate.fr\/revolutions\/wp-content\/uploads\/2021\/10\/jerome-coutou-300x300.jpg 300w, https:\/\/www.digitalmate.fr\/revolutions\/wp-content\/uploads\/2021\/10\/jerome-coutou-150x150.jpg 150w\" sizes=\"(max-width: 580px) 100vw, 580px\" \/>\t\t\t\t\t\t\t\t\t\t\t\t\t\t\t<\/div>\n\t\t\t\t<\/div>\n\t\t\t\t\t<\/div>\n\t\t<\/div>\n\t\t\t\t<div class=\"elementor-column elementor-col-50 elementor-top-column elementor-element elementor-element-6f2ec7a elementor-invisible\" data-id=\"6f2ec7a\" data-element_type=\"column\" data-settings=\"{&quot;animation&quot;:&quot;fadeIn&quot;,&quot;animation_delay&quot;:200}\">\n\t\t\t<div class=\"elementor-widget-wrap elementor-element-populated\">\n\t\t\t\t\t\t<div class=\"elementor-element elementor-element-05308a6 elementor-widget elementor-widget-heading\" data-id=\"05308a6\" data-element_type=\"widget\" data-widget_type=\"heading.default\">\n\t\t\t\t<div class=\"elementor-widget-container\">\n\t\t\t\t\t<h2 class=\"elementor-heading-title elementor-size-default\">J\u00e9r\u00f4me Coutou<\/h2>\t\t\t\t<\/div>\n\t\t\t\t<\/div>\n\t\t\t\t<div class=\"elementor-element elementor-element-ca3dfc2 elementor-widget elementor-widget-text-editor\" data-id=\"ca3dfc2\" data-element_type=\"widget\" data-widget_type=\"text-editor.default\">\n\t\t\t\t<div class=\"elementor-widget-container\">\n\t\t\t\t\t\t\t\t\t<p>Expert en innovations technologiques, notamment r\u00e9alit\u00e9 augment\u00e9e et virtuelle, m\u00e9tavers.<br \/>Intervenant aupr\u00e8s de grands groupes et associations.<\/p><p>Fondateur et associ\u00e9 des agences de communication et de growth hacking : <a href=\"https:\/\/www.digitalmate.fr\" target=\"_blank\" rel=\"noopener\">DIGITAL MATE<\/a> &amp; <a href=\"https:\/\/www.max-ecom.fr\/\" target=\"_blank\" rel=\"noopener\">MAX-ECOM<\/a><br \/>Associ\u00e9 dans plusieurs autres structures digitales <span class=\"\">dont<\/span>\u00a0<a class=\"\" href=\"https:\/\/www.metaverse-mate.com\/\" target=\"_blank\" rel=\"noopener\">Metaverse-Mate.com<\/a><\/p>\t\t\t\t\t\t\t\t<\/div>\n\t\t\t\t<\/div>\n\t\t\t\t\t<\/div>\n\t\t<\/div>\n\t\t\t\t\t<\/div>\n\t\t<\/section>\n\t\t\t\t<section class=\"elementor-section elementor-top-section elementor-element elementor-element-36bca5a elementor-reverse-mobile elementor-section-boxed elementor-section-height-default elementor-section-height-default\" data-id=\"36bca5a\" data-element_type=\"section\">\n\t\t\t\t\t\t<div class=\"elementor-container elementor-column-gap-default\">\n\t\t\t\t\t<div class=\"elementor-column elementor-col-100 elementor-top-column elementor-element elementor-element-b4db39f elementor-invisible\" data-id=\"b4db39f\" data-element_type=\"column\" data-settings=\"{&quot;animation&quot;:&quot;fadeIn&quot;,&quot;animation_delay&quot;:200}\">\n\t\t\t<div class=\"elementor-widget-wrap elementor-element-populated\">\n\t\t\t\t\t\t<div class=\"elementor-element elementor-element-df53065 elementor-widget elementor-widget-heading\" data-id=\"df53065\" data-element_type=\"widget\" data-widget_type=\"heading.default\">\n\t\t\t\t<div class=\"elementor-widget-container\">\n\t\t\t\t\t<h2 class=\"elementor-heading-title elementor-size-default\">Participation au livre <\/h2>\t\t\t\t<\/div>\n\t\t\t\t<\/div>\n\t\t\t\t<div class=\"elementor-element elementor-element-33ba276 elementor-widget elementor-widget-text-editor\" data-id=\"33ba276\" data-element_type=\"widget\" data-widget_type=\"text-editor.default\">\n\t\t\t\t<div class=\"elementor-widget-container\">\n\t\t\t\t\t\t\t\t\t<p><span style=\"color: #02559e;\">Ecriture :<\/span><\/p>\n<p>Laure BLAGOJEVIC, conf\u00e9renci\u00e8re, auteure, pr\u00e9sidente de l\u2019agence Mediapolitain et fondatrice de l\u2019Innovore.<\/p>\n<p>Fran\u00e7ois DEHOZE, professeur de philosophie et formateur.<\/p>\n<p>Daniel LOISANCE, chirurgien cardiaque, professeur, responsable du Centre de Recherches Chirurgicales au CHU Henri Mondor. Pionnier de la microchirurgie et de la chirurgie assist\u00e9e par ordinateur, premier dans le monde \u00e0 avoir implant\u00e9 un demi-c\u0153ur artificiel portable, membre de l\u2019Acad\u00e9mie de m\u00e9decine, auteur de plusieurs livres.<\/p>\n<p>Jean-Pierre POUSSOU, professeur \u00e9m\u00e9rite d\u2019histoire moderne, ancien pr\u00e9sident de l\u2019Universit\u00e9 Paris Sorbonne-Paris IV, ancien recteur de l\u2019acad\u00e9mie de Bordeaux, auteur de nombreux livres.<\/p>\n<p>Jean ROHMER, chercheur \u00e0 l\u2019INRIA avant de diriger la recherche de la BU Intelligence Artificielle chez Bull pendant pr\u00e8s de 15 ans, docteur \u00e8s Sciences en Informatique, vice-pr\u00e9sident de l\u2019Institut Fredrik R. Bull, cofondateur de l\u2019Association Fran\u00e7aise pour l\u2019IA.<\/p>\n<p>&nbsp;<\/p>\n<p><span style=\"color: #02559e;\">Participation \u00e0 l&rsquo;\u00e9criture :<br><\/span><\/p>\n<p>Jean-Damien GONZALEZ, psychanalyste junguien, expert en Th\u00e9rapies par Exposition \u00e0 la R\u00e9alit\u00e9 Virtuelle et consultant en analyse transactionnelle, sp\u00e9cialistes des processus de pens\u00e9e.<br><br>Marie RACCUGLIA, sp\u00e9cialiste innovations et sciences cognitives (particuli\u00e8rement AR\/VR et m\u00e9tavers), conf\u00e9renci\u00e8re.<br><br>Alain WANG, journaliste, sinologue, conf\u00e9rencier, enseignant \u00e0 l\u2019\u00c9cole Centrale Paris et \u00e0 l\u2019Institut fran\u00e7ais de la Mode, auteur de nombreux livres dont \u00ab Les Chinois \u00bb. <br><\/p>\n<p><br><\/p>\n<p><span style=\"color: #02559e;\">Cr\u00e9ation maquette et iconographie :<\/span><\/p>\n<p>Gr\u00e9gory DAYON et Nathalie CHABERT, DIGITAL MATE<\/p>\n<p><br><\/p>\n<p><span style=\"color: #02559e;\">Remerciements :<\/span><\/p>\n<p>Jean-Pierre CLASTRE, C\u00e9cile BADOUAL, Nelly LAB\u00c8RE, Marc-Andr\u00e9 GAUDET, Bruno TRESSENS, Nicolas TISSOT, Catherine LARDY, Alexandre NOE, Alexandre SALAS-GORDO, \u2026<\/p>\t\t\t\t\t\t\t\t<\/div>\n\t\t\t\t<\/div>\n\t\t\t\t\t<\/div>\n\t\t<\/div>\n\t\t\t\t\t<\/div>\n\t\t<\/section>\n\t\t\t\t<\/div>\n\t\t","protected":false},"excerpt":{"rendered":"<p>Auteurs Anne Beaufum\u00e9 Sp\u00e9cialiste du changement social : veille socioculturelle, analyse des enjeux, menaces et opportunit\u00e9s que rec\u00e8lent les \u00e9volutions de soci\u00e9t\u00e9. Directrice associ\u00e9e de Sociovision Cofremca de 1995 \u00e0 2008. Fondatrice du cabinet Vision &amp; Talents (enqu\u00eates sur des probl\u00e9matiques \u00ab\u00a0marketing strat\u00e9gique et innovation\u00a0\u00bb comme sur des enjeux de transformation des organisations). Pr\u00e9sidente du [&hellip;]<\/p>\n","protected":false},"author":1,"featured_media":0,"parent":0,"menu_order":0,"comment_status":"closed","ping_status":"closed","template":"elementor_header_footer","meta":{"footnotes":""},"class_list":["post-52","page","type-page","status-publish","hentry"],"yoast_head":"<!-- This site is optimized with the Yoast SEO plugin v25.3 - https:\/\/yoast.com\/wordpress\/plugins\/seo\/ -->\n<title>Auteurs - La plus grande r\u00e9volution<\/title>\n<meta name=\"robots\" content=\"index, follow, max-snippet:-1, max-image-preview:large, max-video-preview:-1\" \/>\n<link rel=\"canonical\" href=\"https:\/\/www.digitalmate.fr\/revolutions\/auteurs\/\" \/>\n<meta property=\"og:locale\" content=\"fr_FR\" \/>\n<meta property=\"og:type\" content=\"article\" \/>\n<meta property=\"og:title\" content=\"Auteurs - La plus grande r\u00e9volution\" \/>\n<meta property=\"og:description\" content=\"Auteurs Anne Beaufum\u00e9 Sp\u00e9cialiste du changement social : veille socioculturelle, analyse des enjeux, menaces et opportunit\u00e9s que rec\u00e8lent les \u00e9volutions de soci\u00e9t\u00e9. Directrice associ\u00e9e de Sociovision Cofremca de 1995 \u00e0 2008. Fondatrice du cabinet Vision &amp; Talents (enqu\u00eates sur des probl\u00e9matiques \u00ab\u00a0marketing strat\u00e9gique et innovation\u00a0\u00bb comme sur des enjeux de transformation des organisations). Pr\u00e9sidente du [&hellip;]\" \/>\n<meta property=\"og:url\" content=\"https:\/\/www.digitalmate.fr\/revolutions\/auteurs\/\" \/>\n<meta property=\"og:site_name\" content=\"La plus grande r\u00e9volution\" \/>\n<meta property=\"article:modified_time\" content=\"2022-05-24T06:04:06+00:00\" \/>\n<meta property=\"og:image\" content=\"https:\/\/www.digitalmate.fr\/revolutions\/wp-content\/uploads\/2022\/02\/anne-beaufume.jpg\" \/>\n<meta name=\"twitter:card\" content=\"summary_large_image\" \/>\n<meta name=\"twitter:label1\" content=\"Dur\u00e9e de lecture estim\u00e9e\" \/>\n\t<meta name=\"twitter:data1\" content=\"3 minutes\" \/>\n<script type=\"application\/ld+json\" class=\"yoast-schema-graph\">{\"@context\":\"https:\/\/schema.org\",\"@graph\":[{\"@type\":\"WebPage\",\"@id\":\"https:\/\/www.digitalmate.fr\/revolutions\/auteurs\/\",\"url\":\"https:\/\/www.digitalmate.fr\/revolutions\/auteurs\/\",\"name\":\"Auteurs - La plus grande r\u00e9volution\",\"isPartOf\":{\"@id\":\"https:\/\/www.digitalmate.fr\/revolutions\/#website\"},\"primaryImageOfPage\":{\"@id\":\"https:\/\/www.digitalmate.fr\/revolutions\/auteurs\/#primaryimage\"},\"image\":{\"@id\":\"https:\/\/www.digitalmate.fr\/revolutions\/auteurs\/#primaryimage\"},\"thumbnailUrl\":\"https:\/\/www.digitalmate.fr\/revolutions\/wp-content\/uploads\/2022\/02\/anne-beaufume.jpg\",\"datePublished\":\"2021-10-21T06:59:32+00:00\",\"dateModified\":\"2022-05-24T06:04:06+00:00\",\"breadcrumb\":{\"@id\":\"https:\/\/www.digitalmate.fr\/revolutions\/auteurs\/#breadcrumb\"},\"inLanguage\":\"fr-FR\",\"potentialAction\":[{\"@type\":\"ReadAction\",\"target\":[\"https:\/\/www.digitalmate.fr\/revolutions\/auteurs\/\"]}]},{\"@type\":\"ImageObject\",\"inLanguage\":\"fr-FR\",\"@id\":\"https:\/\/www.digitalmate.fr\/revolutions\/auteurs\/#primaryimage\",\"url\":\"https:\/\/www.digitalmate.fr\/revolutions\/wp-content\/uploads\/2022\/02\/anne-beaufume.jpg\",\"contentUrl\":\"https:\/\/www.digitalmate.fr\/revolutions\/wp-content\/uploads\/2022\/02\/anne-beaufume.jpg\",\"width\":600,\"height\":600},{\"@type\":\"BreadcrumbList\",\"@id\":\"https:\/\/www.digitalmate.fr\/revolutions\/auteurs\/#breadcrumb\",\"itemListElement\":[{\"@type\":\"ListItem\",\"position\":1,\"name\":\"Accueil\",\"item\":\"https:\/\/www.digitalmate.fr\/revolutions\/\"},{\"@type\":\"ListItem\",\"position\":2,\"name\":\"Auteurs\"}]},{\"@type\":\"WebSite\",\"@id\":\"https:\/\/www.digitalmate.fr\/revolutions\/#website\",\"url\":\"https:\/\/www.digitalmate.fr\/revolutions\/\",\"name\":\"La plus grande r\u00e9volution\",\"description\":\"\",\"potentialAction\":[{\"@type\":\"SearchAction\",\"target\":{\"@type\":\"EntryPoint\",\"urlTemplate\":\"https:\/\/www.digitalmate.fr\/revolutions\/?s={search_term_string}\"},\"query-input\":{\"@type\":\"PropertyValueSpecification\",\"valueRequired\":true,\"valueName\":\"search_term_string\"}}],\"inLanguage\":\"fr-FR\"}]}<\/script>\n<!-- \/ Yoast SEO plugin. -->","yoast_head_json":{"title":"Auteurs - La plus grande r\u00e9volution","robots":{"index":"index","follow":"follow","max-snippet":"max-snippet:-1","max-image-preview":"max-image-preview:large","max-video-preview":"max-video-preview:-1"},"canonical":"https:\/\/www.digitalmate.fr\/revolutions\/auteurs\/","og_locale":"fr_FR","og_type":"article","og_title":"Auteurs - La plus grande r\u00e9volution","og_description":"Auteurs Anne Beaufum\u00e9 Sp\u00e9cialiste du changement social : veille socioculturelle, analyse des enjeux, menaces et opportunit\u00e9s que rec\u00e8lent les \u00e9volutions de soci\u00e9t\u00e9. Directrice associ\u00e9e de Sociovision Cofremca de 1995 \u00e0 2008. Fondatrice du cabinet Vision &amp; Talents (enqu\u00eates sur des probl\u00e9matiques \u00ab\u00a0marketing strat\u00e9gique et innovation\u00a0\u00bb comme sur des enjeux de transformation des organisations). Pr\u00e9sidente du [&hellip;]","og_url":"https:\/\/www.digitalmate.fr\/revolutions\/auteurs\/","og_site_name":"La plus grande r\u00e9volution","article_modified_time":"2022-05-24T06:04:06+00:00","og_image":[{"url":"https:\/\/www.digitalmate.fr\/revolutions\/wp-content\/uploads\/2022\/02\/anne-beaufume.jpg","type":"","width":"","height":""}],"twitter_card":"summary_large_image","twitter_misc":{"Dur\u00e9e de lecture estim\u00e9e":"3 minutes"},"schema":{"@context":"https:\/\/schema.org","@graph":[{"@type":"WebPage","@id":"https:\/\/www.digitalmate.fr\/revolutions\/auteurs\/","url":"https:\/\/www.digitalmate.fr\/revolutions\/auteurs\/","name":"Auteurs - La plus grande r\u00e9volution","isPartOf":{"@id":"https:\/\/www.digitalmate.fr\/revolutions\/#website"},"primaryImageOfPage":{"@id":"https:\/\/www.digitalmate.fr\/revolutions\/auteurs\/#primaryimage"},"image":{"@id":"https:\/\/www.digitalmate.fr\/revolutions\/auteurs\/#primaryimage"},"thumbnailUrl":"https:\/\/www.digitalmate.fr\/revolutions\/wp-content\/uploads\/2022\/02\/anne-beaufume.jpg","datePublished":"2021-10-21T06:59:32+00:00","dateModified":"2022-05-24T06:04:06+00:00","breadcrumb":{"@id":"https:\/\/www.digitalmate.fr\/revolutions\/auteurs\/#breadcrumb"},"inLanguage":"fr-FR","potentialAction":[{"@type":"ReadAction","target":["https:\/\/www.digitalmate.fr\/revolutions\/auteurs\/"]}]},{"@type":"ImageObject","inLanguage":"fr-FR","@id":"https:\/\/www.digitalmate.fr\/revolutions\/auteurs\/#primaryimage","url":"https:\/\/www.digitalmate.fr\/revolutions\/wp-content\/uploads\/2022\/02\/anne-beaufume.jpg","contentUrl":"https:\/\/www.digitalmate.fr\/revolutions\/wp-content\/uploads\/2022\/02\/anne-beaufume.jpg","width":600,"height":600},{"@type":"BreadcrumbList","@id":"https:\/\/www.digitalmate.fr\/revolutions\/auteurs\/#breadcrumb","itemListElement":[{"@type":"ListItem","position":1,"name":"Accueil","item":"https:\/\/www.digitalmate.fr\/revolutions\/"},{"@type":"ListItem","position":2,"name":"Auteurs"}]},{"@type":"WebSite","@id":"https:\/\/www.digitalmate.fr\/revolutions\/#website","url":"https:\/\/www.digitalmate.fr\/revolutions\/","name":"La plus grande r\u00e9volution","description":"","potentialAction":[{"@type":"SearchAction","target":{"@type":"EntryPoint","urlTemplate":"https:\/\/www.digitalmate.fr\/revolutions\/?s={search_term_string}"},"query-input":{"@type":"PropertyValueSpecification","valueRequired":true,"valueName":"search_term_string"}}],"inLanguage":"fr-FR"}]}},"_links":{"self":[{"href":"https:\/\/www.digitalmate.fr\/revolutions\/wp-json\/wp\/v2\/pages\/52","targetHints":{"allow":["GET"]}}],"collection":[{"href":"https:\/\/www.digitalmate.fr\/revolutions\/wp-json\/wp\/v2\/pages"}],"about":[{"href":"https:\/\/www.digitalmate.fr\/revolutions\/wp-json\/wp\/v2\/types\/page"}],"author":[{"embeddable":true,"href":"https:\/\/www.digitalmate.fr\/revolutions\/wp-json\/wp\/v2\/users\/1"}],"replies":[{"embeddable":true,"href":"https:\/\/www.digitalmate.fr\/revolutions\/wp-json\/wp\/v2\/comments?post=52"}],"version-history":[{"count":74,"href":"https:\/\/www.digitalmate.fr\/revolutions\/wp-json\/wp\/v2\/pages\/52\/revisions"}],"predecessor-version":[{"id":555,"href":"https:\/\/www.digitalmate.fr\/revolutions\/wp-json\/wp\/v2\/pages\/52\/revisions\/555"}],"wp:attachment":[{"href":"https:\/\/www.digitalmate.fr\/revolutions\/wp-json\/wp\/v2\/media?parent=52"}],"curies":[{"name":"wp","href":"https:\/\/api.w.org\/{rel}","templated":true}]}}