{"id":2,"date":"2021-10-20T15:58:08","date_gmt":"2021-10-20T13:58:08","guid":{"rendered":"https:\/\/www.digitalmate.fr\/revolutions\/?page_id=2"},"modified":"2022-09-19T16:34:28","modified_gmt":"2022-09-19T14:34:28","slug":"accueil","status":"publish","type":"page","link":"https:\/\/www.digitalmate.fr\/revolutions\/","title":{"rendered":"Accueil"},"content":{"rendered":"\t\t<div data-elementor-type=\"wp-page\" data-elementor-id=\"2\" class=\"elementor elementor-2\" data-elementor-post-type=\"page\">\n\t\t\t\t\t\t<section class=\"elementor-section elementor-top-section elementor-element elementor-element-8a50b89 elementor-section-height-min-height elementor-section-boxed elementor-section-height-default elementor-section-items-middle\" data-id=\"8a50b89\" data-element_type=\"section\" data-settings=\"{&quot;background_background&quot;:&quot;classic&quot;}\">\n\t\t\t\t\t\t<div class=\"elementor-container elementor-column-gap-default\">\n\t\t\t\t\t<div class=\"elementor-column elementor-col-50 elementor-top-column elementor-element elementor-element-1f19cba\" data-id=\"1f19cba\" data-element_type=\"column\">\n\t\t\t<div class=\"elementor-widget-wrap elementor-element-populated\">\n\t\t\t\t\t\t<div class=\"elementor-element elementor-element-cc692cc elementor-widget elementor-widget-image\" data-id=\"cc692cc\" data-element_type=\"widget\" data-widget_type=\"image.default\">\n\t\t\t\t<div class=\"elementor-widget-container\">\n\t\t\t\t\t\t\t\t\t\t\t\t\t\t\t<img fetchpriority=\"high\" decoding=\"async\" width=\"580\" height=\"442\" src=\"https:\/\/www.digitalmate.fr\/revolutions\/wp-content\/uploads\/2022\/04\/titre-1-1024x780.png\" class=\"attachment-large size-large wp-image-445\" alt=\"\" srcset=\"https:\/\/www.digitalmate.fr\/revolutions\/wp-content\/uploads\/2022\/04\/titre-1-1024x780.png 1024w, https:\/\/www.digitalmate.fr\/revolutions\/wp-content\/uploads\/2022\/04\/titre-1-300x229.png 300w, https:\/\/www.digitalmate.fr\/revolutions\/wp-content\/uploads\/2022\/04\/titre-1-768x585.png 768w, https:\/\/www.digitalmate.fr\/revolutions\/wp-content\/uploads\/2022\/04\/titre-1-1200x914.png 1200w, https:\/\/www.digitalmate.fr\/revolutions\/wp-content\/uploads\/2022\/04\/titre-1-600x457.png 600w, https:\/\/www.digitalmate.fr\/revolutions\/wp-content\/uploads\/2022\/04\/titre-1.png 1387w\" sizes=\"(max-width: 580px) 100vw, 580px\" \/>\t\t\t\t\t\t\t\t\t\t\t\t\t\t\t<\/div>\n\t\t\t\t<\/div>\n\t\t\t\t\t<\/div>\n\t\t<\/div>\n\t\t\t\t<div class=\"elementor-column elementor-col-50 elementor-top-column elementor-element elementor-element-9ea41ae\" data-id=\"9ea41ae\" data-element_type=\"column\">\n\t\t\t<div class=\"elementor-widget-wrap\">\n\t\t\t\t\t\t\t<\/div>\n\t\t<\/div>\n\t\t\t\t\t<\/div>\n\t\t<\/section>\n\t\t\t\t<section class=\"elementor-section elementor-top-section elementor-element elementor-element-8d160f2 elementor-section-boxed elementor-section-height-default elementor-section-height-default elementor-invisible\" data-id=\"8d160f2\" data-element_type=\"section\" data-settings=\"{&quot;animation&quot;:&quot;fadeInDown&quot;}\">\n\t\t\t\t\t\t<div class=\"elementor-container elementor-column-gap-default\">\n\t\t\t\t\t<div class=\"elementor-column elementor-col-100 elementor-top-column elementor-element elementor-element-47c751d\" data-id=\"47c751d\" data-element_type=\"column\">\n\t\t\t<div class=\"elementor-widget-wrap elementor-element-populated\">\n\t\t\t\t\t\t<div class=\"elementor-element elementor-element-5355e28 elementor-view-default elementor-widget elementor-widget-icon\" data-id=\"5355e28\" data-element_type=\"widget\" data-widget_type=\"icon.default\">\n\t\t\t\t<div class=\"elementor-widget-container\">\n\t\t\t\t\t\t\t<div class=\"elementor-icon-wrapper\">\n\t\t\t<div class=\"elementor-icon\">\n\t\t\t<i aria-hidden=\"true\" class=\"far fa-arrow-alt-circle-down\"><\/i>\t\t\t<\/div>\n\t\t<\/div>\n\t\t\t\t\t\t<\/div>\n\t\t\t\t<\/div>\n\t\t\t\t\t<\/div>\n\t\t<\/div>\n\t\t\t\t\t<\/div>\n\t\t<\/section>\n\t\t\t\t<section class=\"elementor-section elementor-top-section elementor-element elementor-element-d818f3e elementor-section-boxed elementor-section-height-default elementor-section-height-default\" data-id=\"d818f3e\" data-element_type=\"section\">\n\t\t\t\t\t\t<div class=\"elementor-container elementor-column-gap-default\">\n\t\t\t\t\t<div class=\"elementor-column elementor-col-100 elementor-top-column elementor-element elementor-element-3f0f84e\" data-id=\"3f0f84e\" data-element_type=\"column\">\n\t\t\t<div class=\"elementor-widget-wrap elementor-element-populated\">\n\t\t\t\t\t\t<div class=\"elementor-element elementor-element-c47767b elementor-widget elementor-widget-heading\" data-id=\"c47767b\" data-element_type=\"widget\" data-widget_type=\"heading.default\">\n\t\t\t\t<div class=\"elementor-widget-container\">\n\t\t\t\t\t<h2 class=\"elementor-heading-title elementor-size-default\">\u00cates-vous pr\u00eats pour les nouvelles r\u00e9volutions ?<br><\/h2>\t\t\t\t<\/div>\n\t\t\t\t<\/div>\n\t\t\t\t<div class=\"elementor-element elementor-element-893a3a5 elementor-widget elementor-widget-heading\" data-id=\"893a3a5\" data-element_type=\"widget\" data-widget_type=\"heading.default\">\n\t\t\t\t<div class=\"elementor-widget-container\">\n\t\t\t\t\t<h2 class=\"elementor-heading-title elementor-size-default\">O\u00f9 en serons-nous dans 10 ans ? Dans 20 ans ?<\/h2>\t\t\t\t<\/div>\n\t\t\t\t<\/div>\n\t\t\t\t<div class=\"elementor-element elementor-element-7a5ab55 elementor-widget elementor-widget-text-editor\" data-id=\"7a5ab55\" data-element_type=\"widget\" data-widget_type=\"text-editor.default\">\n\t\t\t\t<div class=\"elementor-widget-container\">\n\t\t\t\t\t\t\t\t\t<p>Les r\u00e9volutions qui s\u2019annoncent, comme celles que nous avons r\u00e9cemment connues pour la communication avec internet et les smartphones, seront l\u00e9gion dans les prochaines ann\u00e9es. Et elles s\u2019acc\u00e9l\u00e8rent, se croisent, donnant \u00e0 chacune d\u2019elles plus d\u2019ampleur.<\/p>\t\t\t\t\t\t\t\t<\/div>\n\t\t\t\t<\/div>\n\t\t\t\t<div class=\"elementor-element elementor-element-f10811a elementor-widget elementor-widget-heading\" data-id=\"f10811a\" data-element_type=\"widget\" data-widget_type=\"heading.default\">\n\t\t\t\t<div class=\"elementor-widget-container\">\n\t\t\t\t\t<h2 class=\"elementor-heading-title elementor-size-default\">Pr\u00e9parez-vous, le monde va changer, vite, tr\u00e8s vite. Serez-vous pr\u00eats ?<\/h2>\t\t\t\t<\/div>\n\t\t\t\t<\/div>\n\t\t\t\t<div class=\"elementor-element elementor-element-7301717 elementor-widget elementor-widget-text-editor\" data-id=\"7301717\" data-element_type=\"widget\" data-widget_type=\"text-editor.default\">\n\t\t\t\t<div class=\"elementor-widget-container\">\n\t\t\t\t\t\t\t\t\t<p><span style=\"letter-spacing: -0.27px; color: var( --e-global-color-text ); font-size: 1.8rem;\">R\u00e9volution de l\u2019information avec des donn\u00e9es issues de l\u2019analyse pr\u00e9dictive des algorithmes.<\/span><br>R\u00e9volution des transports, abandon de la voiture personnelle pour des voitures autonomes partag\u00e9es, poids-lourds autonomes, interconnection des v\u00e9hicules, gestion informatique du trafic.<br>R\u00e9volution de la logistique automatis\u00e9e, avec les livraisons par robots, par drones.<br>R\u00e9volution de la personnalisation des objets avec l\u2019impression 3D.<br>R\u00e9volution de la perception avec la r\u00e9alit\u00e9 virtuelle et augment\u00e9e.<br>R\u00e9volution de la m\u00e9decine, \u00e9radication de maladies majeures, modification des cellules, eug\u00e9nisme, nanotechnologies, hybridation home-machine\u2026<br>R\u00e9volution de l\u2019apprentissage avec des puces connect\u00e9es au cerveau.<br>R\u00e9volution de l\u2019information avec l\u2019information pr\u00e9dictive d\u00e9livr\u00e9es par les assistants vocaux (et demain directement \u00e0 notre cerveau), et des algorithmes avec la n\u00e9cessit\u00e9 et l\u2019extr\u00eame difficult\u00e9 de trier et d\u2019\u00e9valuer la qualit\u00e9 de l\u2019information.<br>R\u00e9volution de la vie priv\u00e9e, concept qui n\u2019existera presque plus avec les big data, le scoring des individus, cam\u00e9ras et \u00e9coutes syst\u00e9matis\u00e9es.<br>R\u00e9volution du travail qui sera r\u00e9alis\u00e9 de plus en plus par des intelligences artificielles et des robots, \u00e0 tous les niveaux de la soci\u00e9t\u00e9.<br>R\u00e9volution \u00e9nerg\u00e9tique : une course entre nouveaut\u00e9s scientifiques et d\u00e9r\u00e8glement climatique.<br>\nR\u00e9volution de la vie priv\u00e9e, concept qui pourrait ne presque plus exister avec les big data, le scoring ou profilage des individus (actif aujourd\u2019hui avec le cr\u00e9dit social en Chine), les cam\u00e9ras et \u00e9coutes syst\u00e9matis\u00e9es, les puces, etc. ;<br>\nTokenisation de la soci\u00e9t\u00e9 (blockchain, NFT) et r\u00e9volution des \u00e9changes (cryptomonnaies).<\/p>\t\t\t\t\t\t\t\t<\/div>\n\t\t\t\t<\/div>\n\t\t\t\t<div class=\"elementor-element elementor-element-ca928ca elementor-widget elementor-widget-heading\" data-id=\"ca928ca\" data-element_type=\"widget\" data-widget_type=\"heading.default\">\n\t\t\t\t<div class=\"elementor-widget-container\">\n\t\t\t\t\t<h2 class=\"elementor-heading-title elementor-size-default\">Les r\u00e9volutions sont en marche\u2026<br>\nL\u2019important d\u00e9sormais, c\u2019est ce que nous allons en faire !<br><br><br><\/h2>\t\t\t\t<\/div>\n\t\t\t\t<\/div>\n\t\t\t\t\t<\/div>\n\t\t<\/div>\n\t\t\t\t\t<\/div>\n\t\t<\/section>\n\t\t\t\t<section class=\"elementor-section elementor-top-section elementor-element elementor-element-c247f90 elementor-section-boxed elementor-section-height-default elementor-section-height-default\" data-id=\"c247f90\" data-element_type=\"section\">\n\t\t\t\t\t\t<div class=\"elementor-container elementor-column-gap-default\">\n\t\t\t\t\t<div class=\"elementor-column elementor-col-100 elementor-top-column elementor-element elementor-element-96982e1\" data-id=\"96982e1\" data-element_type=\"column\">\n\t\t\t<div class=\"elementor-widget-wrap elementor-element-populated\">\n\t\t\t\t\t\t<section class=\"elementor-section elementor-inner-section elementor-element elementor-element-634732a elementor-section-boxed elementor-section-height-default elementor-section-height-default\" data-id=\"634732a\" data-element_type=\"section\">\n\t\t\t\t\t\t<div class=\"elementor-container elementor-column-gap-default\">\n\t\t\t\t\t<div class=\"elementor-column elementor-col-50 elementor-inner-column elementor-element elementor-element-c68a3df\" data-id=\"c68a3df\" data-element_type=\"column\">\n\t\t\t<div class=\"elementor-widget-wrap elementor-element-populated\">\n\t\t\t\t\t\t<div class=\"elementor-element elementor-element-cb4288d elementor-widget elementor-widget-image\" data-id=\"cb4288d\" data-element_type=\"widget\" data-widget_type=\"image.default\">\n\t\t\t\t<div class=\"elementor-widget-container\">\n\t\t\t\t\t\t\t\t\t\t\t\t\t\t\t\t<a href=\"https:\/\/www.digitalmate.fr\" target=\"_blank\">\n\t\t\t\t\t\t\t<img decoding=\"async\" width=\"580\" height=\"292\" src=\"https:\/\/www.digitalmate.fr\/revolutions\/wp-content\/uploads\/2021\/10\/digital-mate-logo.png\" class=\"attachment-large size-large wp-image-232\" alt=\"\" srcset=\"https:\/\/www.digitalmate.fr\/revolutions\/wp-content\/uploads\/2021\/10\/digital-mate-logo.png 1001w, https:\/\/www.digitalmate.fr\/revolutions\/wp-content\/uploads\/2021\/10\/digital-mate-logo-300x151.png 300w, https:\/\/www.digitalmate.fr\/revolutions\/wp-content\/uploads\/2021\/10\/digital-mate-logo-768x387.png 768w, https:\/\/www.digitalmate.fr\/revolutions\/wp-content\/uploads\/2021\/10\/digital-mate-logo-600x302.png 600w\" sizes=\"(max-width: 580px) 100vw, 580px\" \/>\t\t\t\t\t\t\t\t<\/a>\n\t\t\t\t\t\t\t\t\t\t\t\t\t\t\t<\/div>\n\t\t\t\t<\/div>\n\t\t\t\t\t<\/div>\n\t\t<\/div>\n\t\t\t\t<div class=\"elementor-column elementor-col-50 elementor-inner-column elementor-element elementor-element-8ffebb0\" data-id=\"8ffebb0\" data-element_type=\"column\">\n\t\t\t<div class=\"elementor-widget-wrap elementor-element-populated\">\n\t\t\t\t\t\t<div class=\"elementor-element elementor-element-cb46ca0 elementor-widget elementor-widget-image\" data-id=\"cb46ca0\" data-element_type=\"widget\" data-widget_type=\"image.default\">\n\t\t\t\t<div class=\"elementor-widget-container\">\n\t\t\t\t\t\t\t\t\t\t\t\t\t\t\t\t<a href=\"https:\/\/www.inter-ligere.fr\/\" target=\"_blank\">\n\t\t\t\t\t\t\t<img decoding=\"async\" width=\"200\" height=\"100\" src=\"https:\/\/www.digitalmate.fr\/revolutions\/wp-content\/uploads\/2021\/10\/logo-inter-ligere.png\" class=\"attachment-large size-large wp-image-234\" alt=\"\" \/>\t\t\t\t\t\t\t\t<\/a>\n\t\t\t\t\t\t\t\t\t\t\t\t\t\t\t<\/div>\n\t\t\t\t<\/div>\n\t\t\t\t\t<\/div>\n\t\t<\/div>\n\t\t\t\t\t<\/div>\n\t\t<\/section>\n\t\t\t\t\t<\/div>\n\t\t<\/div>\n\t\t\t\t\t<\/div>\n\t\t<\/section>\n\t\t\t\t<\/div>\n\t\t","protected":false},"excerpt":{"rendered":"<p>\u00cates-vous pr\u00eats pour les nouvelles r\u00e9volutions ? O\u00f9 en serons-nous dans 10 ans ? Dans 20 ans ? Les r\u00e9volutions qui s\u2019annoncent, comme celles que nous avons r\u00e9cemment connues pour la communication avec internet et les smartphones, seront l\u00e9gion dans les prochaines ann\u00e9es. Et elles s\u2019acc\u00e9l\u00e8rent, se croisent, donnant \u00e0 chacune d\u2019elles plus d\u2019ampleur. Pr\u00e9parez-vous, [&hellip;]<\/p>\n","protected":false},"author":1,"featured_media":0,"parent":0,"menu_order":0,"comment_status":"closed","ping_status":"closed","template":"elementor_header_footer","meta":{"footnotes":""},"class_list":["post-2","page","type-page","status-publish","hentry"],"yoast_head":"<!-- This site is optimized with the Yoast SEO plugin v25.3 - https:\/\/yoast.com\/wordpress\/plugins\/seo\/ -->\n<title>Accueil - La plus grande r\u00e9volution<\/title>\n<meta name=\"robots\" content=\"index, follow, max-snippet:-1, max-image-preview:large, max-video-preview:-1\" \/>\n<link rel=\"canonical\" href=\"https:\/\/www.digitalmate.fr\/revolutions\/\" \/>\n<meta property=\"og:locale\" content=\"fr_FR\" \/>\n<meta property=\"og:type\" content=\"article\" \/>\n<meta property=\"og:title\" content=\"Accueil - La plus grande r\u00e9volution\" \/>\n<meta property=\"og:description\" content=\"\u00cates-vous pr\u00eats pour les nouvelles r\u00e9volutions ? O\u00f9 en serons-nous dans 10 ans ? Dans 20 ans ? Les r\u00e9volutions qui s\u2019annoncent, comme celles que nous avons r\u00e9cemment connues pour la communication avec internet et les smartphones, seront l\u00e9gion dans les prochaines ann\u00e9es. Et elles s\u2019acc\u00e9l\u00e8rent, se croisent, donnant \u00e0 chacune d\u2019elles plus d\u2019ampleur. Pr\u00e9parez-vous, [&hellip;]\" \/>\n<meta property=\"og:url\" content=\"https:\/\/www.digitalmate.fr\/revolutions\/\" \/>\n<meta property=\"og:site_name\" content=\"La plus grande r\u00e9volution\" \/>\n<meta property=\"article:modified_time\" content=\"2022-09-19T14:34:28+00:00\" \/>\n<meta property=\"og:image\" content=\"https:\/\/www.digitalmate.fr\/revolutions\/wp-content\/uploads\/2021\/10\/revolution.jpg\" \/>\n\t<meta property=\"og:image:width\" content=\"700\" \/>\n\t<meta property=\"og:image:height\" content=\"546\" \/>\n\t<meta property=\"og:image:type\" content=\"image\/jpeg\" \/>\n<meta name=\"twitter:card\" content=\"summary_large_image\" \/>\n<meta name=\"twitter:image\" content=\"https:\/\/www.digitalmate.fr\/revolutions\/wp-content\/uploads\/2021\/10\/revolution.jpg\" \/>\n<meta name=\"twitter:label1\" content=\"Dur\u00e9e de lecture estim\u00e9e\" \/>\n\t<meta name=\"twitter:data1\" content=\"3 minutes\" \/>\n<script type=\"application\/ld+json\" class=\"yoast-schema-graph\">{\"@context\":\"https:\/\/schema.org\",\"@graph\":[{\"@type\":\"WebPage\",\"@id\":\"https:\/\/www.digitalmate.fr\/revolutions\/\",\"url\":\"https:\/\/www.digitalmate.fr\/revolutions\/\",\"name\":\"Accueil - La plus grande r\u00e9volution\",\"isPartOf\":{\"@id\":\"https:\/\/www.digitalmate.fr\/revolutions\/#website\"},\"primaryImageOfPage\":{\"@id\":\"https:\/\/www.digitalmate.fr\/revolutions\/#primaryimage\"},\"image\":{\"@id\":\"https:\/\/www.digitalmate.fr\/revolutions\/#primaryimage\"},\"thumbnailUrl\":\"https:\/\/www.digitalmate.fr\/revolutions\/wp-content\/uploads\/2022\/04\/titre-1-1024x780.png\",\"datePublished\":\"2021-10-20T13:58:08+00:00\",\"dateModified\":\"2022-09-19T14:34:28+00:00\",\"breadcrumb\":{\"@id\":\"https:\/\/www.digitalmate.fr\/revolutions\/#breadcrumb\"},\"inLanguage\":\"fr-FR\",\"potentialAction\":[{\"@type\":\"ReadAction\",\"target\":[\"https:\/\/www.digitalmate.fr\/revolutions\/\"]}]},{\"@type\":\"ImageObject\",\"inLanguage\":\"fr-FR\",\"@id\":\"https:\/\/www.digitalmate.fr\/revolutions\/#primaryimage\",\"url\":\"https:\/\/www.digitalmate.fr\/revolutions\/wp-content\/uploads\/2022\/04\/titre-1.png\",\"contentUrl\":\"https:\/\/www.digitalmate.fr\/revolutions\/wp-content\/uploads\/2022\/04\/titre-1.png\",\"width\":1387,\"height\":1057},{\"@type\":\"BreadcrumbList\",\"@id\":\"https:\/\/www.digitalmate.fr\/revolutions\/#breadcrumb\",\"itemListElement\":[{\"@type\":\"ListItem\",\"position\":1,\"name\":\"Accueil\",\"item\":\"https:\/\/www.digitalmate.fr\/revolutions\/\"},{\"@type\":\"ListItem\",\"position\":2,\"name\":\"Accueil\"}]},{\"@type\":\"WebSite\",\"@id\":\"https:\/\/www.digitalmate.fr\/revolutions\/#website\",\"url\":\"https:\/\/www.digitalmate.fr\/revolutions\/\",\"name\":\"La plus grande r\u00e9volution\",\"description\":\"\",\"potentialAction\":[{\"@type\":\"SearchAction\",\"target\":{\"@type\":\"EntryPoint\",\"urlTemplate\":\"https:\/\/www.digitalmate.fr\/revolutions\/?s={search_term_string}\"},\"query-input\":{\"@type\":\"PropertyValueSpecification\",\"valueRequired\":true,\"valueName\":\"search_term_string\"}}],\"inLanguage\":\"fr-FR\"}]}<\/script>\n<!-- \/ Yoast SEO plugin. -->","yoast_head_json":{"title":"Accueil - La plus grande r\u00e9volution","robots":{"index":"index","follow":"follow","max-snippet":"max-snippet:-1","max-image-preview":"max-image-preview:large","max-video-preview":"max-video-preview:-1"},"canonical":"https:\/\/www.digitalmate.fr\/revolutions\/","og_locale":"fr_FR","og_type":"article","og_title":"Accueil - La plus grande r\u00e9volution","og_description":"\u00cates-vous pr\u00eats pour les nouvelles r\u00e9volutions ? O\u00f9 en serons-nous dans 10 ans ? Dans 20 ans ? Les r\u00e9volutions qui s\u2019annoncent, comme celles que nous avons r\u00e9cemment connues pour la communication avec internet et les smartphones, seront l\u00e9gion dans les prochaines ann\u00e9es. Et elles s\u2019acc\u00e9l\u00e8rent, se croisent, donnant \u00e0 chacune d\u2019elles plus d\u2019ampleur. Pr\u00e9parez-vous, [&hellip;]","og_url":"https:\/\/www.digitalmate.fr\/revolutions\/","og_site_name":"La plus grande r\u00e9volution","article_modified_time":"2022-09-19T14:34:28+00:00","og_image":[{"width":700,"height":546,"url":"https:\/\/www.digitalmate.fr\/revolutions\/wp-content\/uploads\/2021\/10\/revolution.jpg","type":"image\/jpeg"}],"twitter_card":"summary_large_image","twitter_image":"https:\/\/www.digitalmate.fr\/revolutions\/wp-content\/uploads\/2021\/10\/revolution.jpg","twitter_misc":{"Dur\u00e9e de lecture estim\u00e9e":"3 minutes"},"schema":{"@context":"https:\/\/schema.org","@graph":[{"@type":"WebPage","@id":"https:\/\/www.digitalmate.fr\/revolutions\/","url":"https:\/\/www.digitalmate.fr\/revolutions\/","name":"Accueil - La plus grande r\u00e9volution","isPartOf":{"@id":"https:\/\/www.digitalmate.fr\/revolutions\/#website"},"primaryImageOfPage":{"@id":"https:\/\/www.digitalmate.fr\/revolutions\/#primaryimage"},"image":{"@id":"https:\/\/www.digitalmate.fr\/revolutions\/#primaryimage"},"thumbnailUrl":"https:\/\/www.digitalmate.fr\/revolutions\/wp-content\/uploads\/2022\/04\/titre-1-1024x780.png","datePublished":"2021-10-20T13:58:08+00:00","dateModified":"2022-09-19T14:34:28+00:00","breadcrumb":{"@id":"https:\/\/www.digitalmate.fr\/revolutions\/#breadcrumb"},"inLanguage":"fr-FR","potentialAction":[{"@type":"ReadAction","target":["https:\/\/www.digitalmate.fr\/revolutions\/"]}]},{"@type":"ImageObject","inLanguage":"fr-FR","@id":"https:\/\/www.digitalmate.fr\/revolutions\/#primaryimage","url":"https:\/\/www.digitalmate.fr\/revolutions\/wp-content\/uploads\/2022\/04\/titre-1.png","contentUrl":"https:\/\/www.digitalmate.fr\/revolutions\/wp-content\/uploads\/2022\/04\/titre-1.png","width":1387,"height":1057},{"@type":"BreadcrumbList","@id":"https:\/\/www.digitalmate.fr\/revolutions\/#breadcrumb","itemListElement":[{"@type":"ListItem","position":1,"name":"Accueil","item":"https:\/\/www.digitalmate.fr\/revolutions\/"},{"@type":"ListItem","position":2,"name":"Accueil"}]},{"@type":"WebSite","@id":"https:\/\/www.digitalmate.fr\/revolutions\/#website","url":"https:\/\/www.digitalmate.fr\/revolutions\/","name":"La plus grande r\u00e9volution","description":"","potentialAction":[{"@type":"SearchAction","target":{"@type":"EntryPoint","urlTemplate":"https:\/\/www.digitalmate.fr\/revolutions\/?s={search_term_string}"},"query-input":{"@type":"PropertyValueSpecification","valueRequired":true,"valueName":"search_term_string"}}],"inLanguage":"fr-FR"}]}},"_links":{"self":[{"href":"https:\/\/www.digitalmate.fr\/revolutions\/wp-json\/wp\/v2\/pages\/2","targetHints":{"allow":["GET"]}}],"collection":[{"href":"https:\/\/www.digitalmate.fr\/revolutions\/wp-json\/wp\/v2\/pages"}],"about":[{"href":"https:\/\/www.digitalmate.fr\/revolutions\/wp-json\/wp\/v2\/types\/page"}],"author":[{"embeddable":true,"href":"https:\/\/www.digitalmate.fr\/revolutions\/wp-json\/wp\/v2\/users\/1"}],"replies":[{"embeddable":true,"href":"https:\/\/www.digitalmate.fr\/revolutions\/wp-json\/wp\/v2\/comments?post=2"}],"version-history":[{"count":55,"href":"https:\/\/www.digitalmate.fr\/revolutions\/wp-json\/wp\/v2\/pages\/2\/revisions"}],"predecessor-version":[{"id":682,"href":"https:\/\/www.digitalmate.fr\/revolutions\/wp-json\/wp\/v2\/pages\/2\/revisions\/682"}],"wp:attachment":[{"href":"https:\/\/www.digitalmate.fr\/revolutions\/wp-json\/wp\/v2\/media?parent=2"}],"curies":[{"name":"wp","href":"https:\/\/api.w.org\/{rel}","templated":true}]}}