{"id":91,"date":"2025-02-13T14:37:44","date_gmt":"2025-02-13T13:37:44","guid":{"rendered":"https:\/\/www.digitalmate.fr\/les-sens-de-l-ia\/?page_id=91"},"modified":"2025-02-13T14:38:10","modified_gmt":"2025-02-13T13:38:10","slug":"temoignages","status":"publish","type":"page","link":"https:\/\/www.digitalmate.fr\/les-sens-de-l-ia\/temoignages\/","title":{"rendered":"T\u00e9moignages"},"content":{"rendered":"\t\t<div data-elementor-type=\"wp-page\" data-elementor-id=\"91\" class=\"elementor elementor-91\" data-elementor-post-type=\"page\">\n\t\t\t\t\t\t<section class=\"elementor-section elementor-top-section elementor-element elementor-element-1f38f6bf elementor-section-height-min-height elementor-section-boxed elementor-section-height-default elementor-section-items-middle\" data-id=\"1f38f6bf\" data-element_type=\"section\" data-settings=\"{&quot;background_background&quot;:&quot;classic&quot;}\">\n\t\t\t\t\t\t<div class=\"elementor-container elementor-column-gap-default\">\n\t\t\t\t\t<div class=\"elementor-column elementor-col-50 elementor-top-column elementor-element elementor-element-54a95b01\" data-id=\"54a95b01\" data-element_type=\"column\">\n\t\t\t<div class=\"elementor-widget-wrap elementor-element-populated\">\n\t\t\t\t\t\t<div class=\"elementor-element elementor-element-3fa12c34 elementor-widget elementor-widget-heading\" data-id=\"3fa12c34\" data-element_type=\"widget\" data-widget_type=\"heading.default\">\n\t\t\t\t<div class=\"elementor-widget-container\">\n\t\t\t\t\t<h1 class=\"elementor-heading-title elementor-size-default\">T\u00e9moignages<br><\/h1>\t\t\t\t<\/div>\n\t\t\t\t<\/div>\n\t\t\t\t\t<\/div>\n\t\t<\/div>\n\t\t\t\t<div class=\"elementor-column elementor-col-50 elementor-top-column elementor-element elementor-element-186d048d\" data-id=\"186d048d\" data-element_type=\"column\">\n\t\t\t<div class=\"elementor-widget-wrap\">\n\t\t\t\t\t\t\t<\/div>\n\t\t<\/div>\n\t\t\t\t\t<\/div>\n\t\t<\/section>\n\t\t\t\t<section class=\"elementor-section elementor-top-section elementor-element elementor-element-167e152a elementor-section-boxed elementor-section-height-default elementor-section-height-default\" data-id=\"167e152a\" data-element_type=\"section\">\n\t\t\t\t\t\t<div class=\"elementor-container elementor-column-gap-default\">\n\t\t\t\t\t<div class=\"elementor-column elementor-col-100 elementor-top-column elementor-element elementor-element-4a4578ba elementor-invisible\" data-id=\"4a4578ba\" data-element_type=\"column\" data-settings=\"{&quot;animation&quot;:&quot;fadeIn&quot;,&quot;animation_delay&quot;:200}\">\n\t\t\t<div class=\"elementor-widget-wrap elementor-element-populated\">\n\t\t\t\t\t\t<div class=\"elementor-element elementor-element-5f5a4b07 elementor-widget elementor-widget-text-editor\" data-id=\"5f5a4b07\" data-element_type=\"widget\" data-widget_type=\"text-editor.default\">\n\t\t\t\t<div class=\"elementor-widget-container\">\n\t\t\t\t\t\t\t\t\t<p>O\u00f9 serons-nous dans 10 ans, 20 ans, 30 ans ? Vaste question et enjeu fondamental pour les \u00e9quipes innovation. Quel futur imaginer alors que la crise que nous sommes en train de vivre a balay\u00e9 en un instant nos visions, nos convictions pour en acc\u00e9l\u00e9rer certaines et en stopper nette d\u2019autres. Les nouvelles technologies vont-elles trop vite pour la soci\u00e9t\u00e9 ? De la r\u00e9volution des transports \u00e0 celle du travail, de la m\u00e9decine, de l\u2019enseignement ou bien d\u2019autres encore c\u2019est notre vie toute enti\u00e8re qui va connaitre dans ce si\u00e8cle de profondes mutations. C\u2019est parce que nous voulons engager nos r\u00e9flexions dans une perspective r\u00e9solument au b\u00e9n\u00e9fice de l\u2019homme que nous soutenons et partageons avec nos \u00e9quipes ce projet r\u00e9f\u00e9rence en mati\u00e8re de prospective technologique.<\/p><p style=\"text-align: right;\"><em>Catherine LARDY, conseill\u00e8re innovation aupr\u00e8s de la direction g\u00e9n\u00e9rale Groupe IMA<\/em><\/p>\t\t\t\t\t\t\t\t<\/div>\n\t\t\t\t<\/div>\n\t\t\t\t<div class=\"elementor-element elementor-element-527df570 elementor-widget-divider--view-line elementor-widget elementor-widget-divider\" data-id=\"527df570\" data-element_type=\"widget\" data-widget_type=\"divider.default\">\n\t\t\t\t<div class=\"elementor-widget-container\">\n\t\t\t\t\t\t\t<div class=\"elementor-divider\">\n\t\t\t<span class=\"elementor-divider-separator\">\n\t\t\t\t\t\t<\/span>\n\t\t<\/div>\n\t\t\t\t\t\t<\/div>\n\t\t\t\t<\/div>\n\t\t\t\t<div class=\"elementor-element elementor-element-6f78278d elementor-widget elementor-widget-text-editor\" data-id=\"6f78278d\" data-element_type=\"widget\" data-widget_type=\"text-editor.default\">\n\t\t\t\t<div class=\"elementor-widget-container\">\n\t\t\t\t\t\t\t\t\t<p>Je ne pouvais pas passer \u00e0 c\u00f4t\u00e9 de ce super projet qui nous permet de mieux comprendre le nouveau monde. Je soutiens depuis le premier jour, en tant que partenaire, Anne Beaufum\u00e9, J\u00e9r\u00f4me Bondu et J\u00e9r\u00f4me Coutou pour ce projet in\u00e9dit de \u00a0\u00bb La plus grande r\u00e9volution de l&rsquo;histoire de l&rsquo;humanit\u00e9\u00a0\u00bb<\/p><p style=\"text-align: right;\"><em>Jean-Pierre CLASTRE,\u00a0Groupe SCATLER, co-fondateur du groupe CASH PISCINE<\/em><\/p>\t\t\t\t\t\t\t\t<\/div>\n\t\t\t\t<\/div>\n\t\t\t\t<div class=\"elementor-element elementor-element-786e00b2 elementor-widget-divider--view-line elementor-widget elementor-widget-divider\" data-id=\"786e00b2\" data-element_type=\"widget\" data-widget_type=\"divider.default\">\n\t\t\t\t<div class=\"elementor-widget-container\">\n\t\t\t\t\t\t\t<div class=\"elementor-divider\">\n\t\t\t<span class=\"elementor-divider-separator\">\n\t\t\t\t\t\t<\/span>\n\t\t<\/div>\n\t\t\t\t\t\t<\/div>\n\t\t\t\t<\/div>\n\t\t\t\t<div class=\"elementor-element elementor-element-6bcab68 elementor-widget elementor-widget-text-editor\" data-id=\"6bcab68\" data-element_type=\"widget\" data-widget_type=\"text-editor.default\">\n\t\t\t\t<div class=\"elementor-widget-container\">\n\t\t\t\t\t\t\t\t\t<p>Cet ouvrage apporte un \u00e9clairage singulier sur la diversit\u00e9, la simultan\u00e9it\u00e9 et l\u2019\u00e9tendue des mutations technologiques et soci\u00e9tales en cours, susceptibles de forger l\u2019avenir. Constatant l\u2019acc\u00e9l\u00e9ration exponentielle de leur d\u00e9ploiement, il a le m\u00e9rite de mettre en garde contre les risques inh\u00e9rents \u00e0 leur non ma\u00eetrise tant au niveau des \u00e9tats et des organisations internationales qu\u2019au niveau des individus. L\u2019accent port\u00e9 sur la complexit\u00e9 n\u00e9e de leur interconnexion pointe du doigt l\u2019incertitude li\u00e9e au futur. Il met en \u00e9vidence que sa construction ne se fait plus au travers des seules avanc\u00e9es qu\u2019il offre mais aussi de sa confrontation avec les enjeux gigantesques du monde contemporain. Esquissant des protections collectives et individuelles face aux mutations, il est une introduction salutaire, pour le lecteur, \u00e0 une r\u00e9flexion plus large sur la notion de progr\u00e8s associ\u00e9e, et c\u2019est une premi\u00e8re, \u00e0 des limites plan\u00e9taires, v\u00e9ritable novation au regard du mode de pens\u00e9e actuel.\u00a0<\/p><p style=\"text-align: right;\"><em>Christian MULLER, ancien DG <\/em><em>AXA ART GROUP<\/em><\/p>\t\t\t\t\t\t\t\t<\/div>\n\t\t\t\t<\/div>\n\t\t\t\t<div class=\"elementor-element elementor-element-1089316 elementor-widget-divider--view-line elementor-widget elementor-widget-divider\" data-id=\"1089316\" data-element_type=\"widget\" data-widget_type=\"divider.default\">\n\t\t\t\t<div class=\"elementor-widget-container\">\n\t\t\t\t\t\t\t<div class=\"elementor-divider\">\n\t\t\t<span class=\"elementor-divider-separator\">\n\t\t\t\t\t\t<\/span>\n\t\t<\/div>\n\t\t\t\t\t\t<\/div>\n\t\t\t\t<\/div>\n\t\t\t\t<div class=\"elementor-element elementor-element-4d098065 elementor-widget elementor-widget-text-editor\" data-id=\"4d098065\" data-element_type=\"widget\" data-widget_type=\"text-editor.default\">\n\t\t\t\t<div class=\"elementor-widget-container\">\n\t\t\t\t\t\t\t\t\t<p class=\"p1\"><span class=\"s1\">Un grand Merci pour votre livre. <\/span><span class=\"s1\">J\u2019ai ador\u00e9. Superbe \u00e9tat des lieux sur ce que nous devons savoir et que personne n\u2019a pris le temps de nous enseigner. Alors merci pour votre temps. <\/span><span class=\"s1\">Votre ouvrage est ajust\u00e9 et pertinent, et donne d\u2019excellentes cl\u00e9s pour demain (et pour maintenant). <\/span><span class=\"s1\">Je ne l\u2019ai plus en main, car je l\u2019ai confi\u00e9 \u00e0 un ami..! <\/span><span class=\"s1\">Il sera dans ma salle d\u2019attente, en consultation libre avec tous les livres qui m\u2019inspirent. <\/span><span class=\"s1\">Vraiment merci. <\/span><span class=\"s1\">Je viens \u00e9galement d\u2019int\u00e9grer votre application sur I phone. <\/span><span class=\"s1\">Je vous souhaite une excellente semaine.<\/span><\/p><p style=\"text-align: right;\"><em>Julien DESBUISSON, consultant, formateur et conf\u00e9rencier AEF\u00a0<\/em><\/p>\t\t\t\t\t\t\t\t<\/div>\n\t\t\t\t<\/div>\n\t\t\t\t<div class=\"elementor-element elementor-element-7c28bd86 elementor-widget-divider--view-line elementor-widget elementor-widget-divider\" data-id=\"7c28bd86\" data-element_type=\"widget\" data-widget_type=\"divider.default\">\n\t\t\t\t<div class=\"elementor-widget-container\">\n\t\t\t\t\t\t\t<div class=\"elementor-divider\">\n\t\t\t<span class=\"elementor-divider-separator\">\n\t\t\t\t\t\t<\/span>\n\t\t<\/div>\n\t\t\t\t\t\t<\/div>\n\t\t\t\t<\/div>\n\t\t\t\t<div class=\"elementor-element elementor-element-2c080b6e elementor-widget elementor-widget-text-editor\" data-id=\"2c080b6e\" data-element_type=\"widget\" data-widget_type=\"text-editor.default\">\n\t\t\t\t<div class=\"elementor-widget-container\">\n\t\t\t\t\t\t\t\t\t<p>Un livre qui permet d\u2019aborder avec p\u00e9dagogie, la complexit\u00e9 de notre soci\u00e9t\u00e9, ses progr\u00e8s techniques et les r\u00e9seaux qui la constitue. Il est un ouvrage simple (et non pas simpliste), qui s\u2019efforce d\u2019ouvrir des pistes de r\u00e9flexions \u00e0 travers de nombreuses r\u00e9f\u00e9rences et sources.\u00a0<\/p><p>Ce travail de r\u00e9f\u00e9rencement cibl\u00e9 permet au lecture d\u2019approfondir de grands th\u00e8mes li\u00e9s \u00e0 l\u2019\u00e9volution des technologies mais aussi de nos usages et de nos comportements.<\/p><p style=\"text-align: right;\"><i style=\"color: var( --e-global-color-text ); font-size: inherit; letter-spacing: -0.015em; text-align: inherit;\">David-Olivier DESCOMBES, CEO-Fondateur DOD Architecte<\/i><\/p>\t\t\t\t\t\t\t\t<\/div>\n\t\t\t\t<\/div>\n\t\t\t\t<div class=\"elementor-element elementor-element-22c3c8c2 elementor-widget-divider--view-line elementor-widget elementor-widget-divider\" data-id=\"22c3c8c2\" data-element_type=\"widget\" data-widget_type=\"divider.default\">\n\t\t\t\t<div class=\"elementor-widget-container\">\n\t\t\t\t\t\t\t<div class=\"elementor-divider\">\n\t\t\t<span class=\"elementor-divider-separator\">\n\t\t\t\t\t\t<\/span>\n\t\t<\/div>\n\t\t\t\t\t\t<\/div>\n\t\t\t\t<\/div>\n\t\t\t\t<div class=\"elementor-element elementor-element-2da8704b elementor-widget elementor-widget-text-editor\" data-id=\"2da8704b\" data-element_type=\"widget\" data-widget_type=\"text-editor.default\">\n\t\t\t\t<div class=\"elementor-widget-container\">\n\t\t\t\t\t\t\t\t\t<p>C\u2019est avec beaucoup d\u2019int\u00e9r\u00eat que j\u2019ai d\u00e9couvert le projet et son \u00e9co-syst\u00e8me port\u00e9 par J\u00e9r\u00f4me Coutou. Je soutiens \u00e9videmment cette belle initiative et suis fier d\u2019en \u00eatre partenaire. Je connais J\u00e9r\u00f4me depuis de nombreuses ann\u00e9es, depuis l\u2019origine de son installation professionnelle. Il m\u2019a toujours impressionn\u00e9 par sa vision avant-gardiste, par son intelligence et son talent. Cette fois encore, je suis admiratif en d\u00e9couvrant cet exceptionnel projet ! J\u2019ai eu l&rsquo;opportunit\u00e9 de d\u00e9couvrir et de suivre la r\u00e9daction de \u00ab la plus grande r\u00e9volution de toute l\u2019histoire de l\u2019humanit\u00e9 \u00a0\u00bb avec Anne Beaufum\u00e9 et J\u00e9r\u00f4me Bondu, et de pouvoir l\u2019offrir aux collaborateurs de notre soci\u00e9t\u00e9 et \u00e0 nos clients.<\/p><p style=\"text-align: right;\"><em>Alexandre SALAS-GORDO, Expert-Comptable Associ\u00e9 du cabinet SALAS-GORDO &amp; COELHO<\/em><\/p>\t\t\t\t\t\t\t\t<\/div>\n\t\t\t\t<\/div>\n\t\t\t\t<div class=\"elementor-element elementor-element-3a08cca6 elementor-widget-divider--view-line elementor-widget elementor-widget-divider\" data-id=\"3a08cca6\" data-element_type=\"widget\" data-widget_type=\"divider.default\">\n\t\t\t\t<div class=\"elementor-widget-container\">\n\t\t\t\t\t\t\t<div class=\"elementor-divider\">\n\t\t\t<span class=\"elementor-divider-separator\">\n\t\t\t\t\t\t<\/span>\n\t\t<\/div>\n\t\t\t\t\t\t<\/div>\n\t\t\t\t<\/div>\n\t\t\t\t<div class=\"elementor-element elementor-element-134723d2 elementor-widget elementor-widget-text-editor\" data-id=\"134723d2\" data-element_type=\"widget\" data-widget_type=\"text-editor.default\">\n\t\t\t\t<div class=\"elementor-widget-container\">\n\t\t\t\t\t\t\t\t\t<div>Le cabinet AVOCAGIR est fier d\u2019\u00eatre partenaire du projet d\u00e9velopp\u00e9 par notre ami J\u00e9r\u00f4me COUTOU concernant la sortie du projet avec Anne Beaufum\u00e9 et J\u00e9r\u00f4me Bondu concernant le monde de demain et la r\u00e9volution technologique en cours.<\/div><div>Tr\u00e8s heureux de soutenir ce projet passionnant et de le partager avec nos collaborateurs.<\/div><div>\u00a0<\/div><div style=\"text-align: right;\"><em>Ma\u00eetre Marc DUFRANC, g\u00e9rant SCP AVOCAGIR<\/em><\/div>\t\t\t\t\t\t\t\t<\/div>\n\t\t\t\t<\/div>\n\t\t\t\t<div class=\"elementor-element elementor-element-14f2ca88 elementor-widget-divider--view-line elementor-widget elementor-widget-divider\" data-id=\"14f2ca88\" data-element_type=\"widget\" data-widget_type=\"divider.default\">\n\t\t\t\t<div class=\"elementor-widget-container\">\n\t\t\t\t\t\t\t<div class=\"elementor-divider\">\n\t\t\t<span class=\"elementor-divider-separator\">\n\t\t\t\t\t\t<\/span>\n\t\t<\/div>\n\t\t\t\t\t\t<\/div>\n\t\t\t\t<\/div>\n\t\t\t\t<div class=\"elementor-element elementor-element-628e8a39 elementor-widget elementor-widget-text-editor\" data-id=\"628e8a39\" data-element_type=\"widget\" data-widget_type=\"text-editor.default\">\n\t\t\t\t<div class=\"elementor-widget-container\">\n\t\t\t\t\t\t\t\t\t<div class=\"\" style=\"text-align: left;\"><span class=\"\">J&rsquo;ai toujours \u00e9t\u00e9 fascin\u00e9 par la passion et l&rsquo;enthousiasme de J\u00e9r\u00f4me Coutou pour les \u00e9volutions technologiques et leur impact sur notre civilisation. Je suis impatient de d\u00e9couvrir son travail <\/span><span class=\"\">avec Anne Beaufum\u00e9 et J\u00e9r\u00f4me Bondu. <br><\/span><\/div>\n<div class=\"\"><span class=\"\">&nbsp;<\/span><\/div>\n<div class=\"\" style=\"text-align: right;\"><em><span class=\"\">Romain BESSUGES-MEUSY<\/span><span class=\"\">, Fondateur d&rsquo;Axeptio<\/span><\/em><\/div>\t\t\t\t\t\t\t\t<\/div>\n\t\t\t\t<\/div>\n\t\t\t\t<div class=\"elementor-element elementor-element-5e786713 elementor-widget-divider--view-line elementor-widget elementor-widget-divider\" data-id=\"5e786713\" data-element_type=\"widget\" data-widget_type=\"divider.default\">\n\t\t\t\t<div class=\"elementor-widget-container\">\n\t\t\t\t\t\t\t<div class=\"elementor-divider\">\n\t\t\t<span class=\"elementor-divider-separator\">\n\t\t\t\t\t\t<\/span>\n\t\t<\/div>\n\t\t\t\t\t\t<\/div>\n\t\t\t\t<\/div>\n\t\t\t\t<div class=\"elementor-element elementor-element-35212677 elementor-widget elementor-widget-text-editor\" data-id=\"35212677\" data-element_type=\"widget\" data-widget_type=\"text-editor.default\">\n\t\t\t\t<div class=\"elementor-widget-container\">\n\t\t\t\t\t\t\t\t\t<p style=\"text-align: left;\">Je suis ravi d\u2019accompagner les J\u00e9r\u00f4me dans ce projet. Anticiper les prochains paradigmes est un enjeu fondamental pour notre \u00e9conomie, notre soci\u00e9t\u00e9. C\u2019est un des objectifs de cet projet augment\u00e9 qui propose lui m\u00eame une nouvelle forme de lecture. Nous ne pouvons pas rater la prochaine r\u00e9volution scientifique ! Ce projet nous transporte dans le futur, il nous fait r\u00eaver et c\u2019est important \ud83d\ude42<em><br><\/em><\/p>\n<p style=\"text-align: right;\"><em>K\u00e9vin MALACARNE, fondateur Action soins infirmiers<\/em><\/p>\t\t\t\t\t\t\t\t<\/div>\n\t\t\t\t<\/div>\n\t\t\t\t\t<\/div>\n\t\t<\/div>\n\t\t\t\t\t<\/div>\n\t\t<\/section>\n\t\t\t\t<\/div>\n\t\t","protected":false},"excerpt":{"rendered":"<p>T\u00e9moignages O\u00f9 serons-nous dans 10 ans, 20 ans, 30 ans ? Vaste question et enjeu fondamental pour les \u00e9quipes innovation. Quel futur imaginer alors que la crise que nous sommes en train de vivre a balay\u00e9 en un instant nos visions, nos convictions pour en acc\u00e9l\u00e9rer certaines et en stopper nette d\u2019autres. Les nouvelles technologies [&hellip;]<\/p>\n","protected":false},"author":1,"featured_media":0,"parent":0,"menu_order":0,"comment_status":"closed","ping_status":"closed","template":"elementor_header_footer","meta":{"footnotes":""},"class_list":["post-91","page","type-page","status-publish","hentry"],"_links":{"self":[{"href":"https:\/\/www.digitalmate.fr\/les-sens-de-l-ia\/wp-json\/wp\/v2\/pages\/91","targetHints":{"allow":["GET"]}}],"collection":[{"href":"https:\/\/www.digitalmate.fr\/les-sens-de-l-ia\/wp-json\/wp\/v2\/pages"}],"about":[{"href":"https:\/\/www.digitalmate.fr\/les-sens-de-l-ia\/wp-json\/wp\/v2\/types\/page"}],"author":[{"embeddable":true,"href":"https:\/\/www.digitalmate.fr\/les-sens-de-l-ia\/wp-json\/wp\/v2\/users\/1"}],"replies":[{"embeddable":true,"href":"https:\/\/www.digitalmate.fr\/les-sens-de-l-ia\/wp-json\/wp\/v2\/comments?post=91"}],"version-history":[{"count":4,"href":"https:\/\/www.digitalmate.fr\/les-sens-de-l-ia\/wp-json\/wp\/v2\/pages\/91\/revisions"}],"predecessor-version":[{"id":95,"href":"https:\/\/www.digitalmate.fr\/les-sens-de-l-ia\/wp-json\/wp\/v2\/pages\/91\/revisions\/95"}],"wp:attachment":[{"href":"https:\/\/www.digitalmate.fr\/les-sens-de-l-ia\/wp-json\/wp\/v2\/media?parent=91"}],"curies":[{"name":"wp","href":"https:\/\/api.w.org\/{rel}","templated":true}]}}