{"id":86,"date":"2025-02-13T14:36:16","date_gmt":"2025-02-13T13:36:16","guid":{"rendered":"https:\/\/www.digitalmate.fr\/les-sens-de-l-ia\/?page_id=86"},"modified":"2025-02-25T15:44:51","modified_gmt":"2025-02-25T14:44:51","slug":"partenaires","status":"publish","type":"page","link":"https:\/\/www.digitalmate.fr\/les-sens-de-l-ia\/partenaires\/","title":{"rendered":"Partenaires"},"content":{"rendered":"\t\t<div data-elementor-type=\"wp-page\" data-elementor-id=\"86\" class=\"elementor elementor-86\" data-elementor-post-type=\"page\">\n\t\t\t\t\t\t<section class=\"elementor-section elementor-top-section elementor-element elementor-element-5f87638d elementor-section-height-min-height elementor-section-boxed elementor-section-height-default elementor-section-items-middle\" data-id=\"5f87638d\" data-element_type=\"section\" data-settings=\"{&quot;background_background&quot;:&quot;classic&quot;}\">\n\t\t\t\t\t\t<div class=\"elementor-container elementor-column-gap-default\">\n\t\t\t\t\t<div class=\"elementor-column elementor-col-50 elementor-top-column elementor-element elementor-element-339f63fc\" data-id=\"339f63fc\" data-element_type=\"column\">\n\t\t\t<div class=\"elementor-widget-wrap elementor-element-populated\">\n\t\t\t\t\t\t<div class=\"elementor-element elementor-element-6a8e4f72 elementor-widget elementor-widget-heading\" data-id=\"6a8e4f72\" data-element_type=\"widget\" data-widget_type=\"heading.default\">\n\t\t\t\t<div class=\"elementor-widget-container\">\n\t\t\t\t\t<h1 class=\"elementor-heading-title elementor-size-default\">Devenir partenaire<br><\/h1>\t\t\t\t<\/div>\n\t\t\t\t<\/div>\n\t\t\t\t\t<\/div>\n\t\t<\/div>\n\t\t\t\t<div class=\"elementor-column elementor-col-50 elementor-top-column elementor-element elementor-element-783e4fde\" data-id=\"783e4fde\" data-element_type=\"column\">\n\t\t\t<div class=\"elementor-widget-wrap\">\n\t\t\t\t\t\t\t<\/div>\n\t\t<\/div>\n\t\t\t\t\t<\/div>\n\t\t<\/section>\n\t\t\t\t<section class=\"elementor-section elementor-top-section elementor-element elementor-element-1b8c15da elementor-section-boxed elementor-section-height-default elementor-section-height-default\" data-id=\"1b8c15da\" data-element_type=\"section\" data-settings=\"{&quot;background_background&quot;:&quot;classic&quot;}\">\n\t\t\t\t\t\t<div class=\"elementor-container elementor-column-gap-default\">\n\t\t\t\t\t<div class=\"elementor-column elementor-col-100 elementor-top-column elementor-element elementor-element-1cc8872e\" data-id=\"1cc8872e\" data-element_type=\"column\">\n\t\t\t<div class=\"elementor-widget-wrap elementor-element-populated\">\n\t\t\t\t\t\t<div class=\"elementor-element elementor-element-2bb23a71 elementor-widget elementor-widget-heading\" data-id=\"2bb23a71\" data-element_type=\"widget\" data-widget_type=\"heading.default\">\n\t\t\t\t<div class=\"elementor-widget-container\">\n\t\t\t\t\t<h2 class=\"elementor-heading-title elementor-size-default\">Nous avons tenu \u00e0 associer \u00e0 ce projet in\u00e9dit<br>des entreprises partenaires<\/h2>\t\t\t\t<\/div>\n\t\t\t\t<\/div>\n\t\t\t\t<section class=\"elementor-section elementor-inner-section elementor-element elementor-element-1654f292 elementor-section-boxed elementor-section-height-default elementor-section-height-default\" data-id=\"1654f292\" data-element_type=\"section\">\n\t\t\t\t\t\t<div class=\"elementor-container elementor-column-gap-default\">\n\t\t\t\t\t<div class=\"elementor-column elementor-col-50 elementor-inner-column elementor-element elementor-element-2eba1246\" data-id=\"2eba1246\" data-element_type=\"column\">\n\t\t\t<div class=\"elementor-widget-wrap elementor-element-populated\">\n\t\t\t\t\t\t<div class=\"elementor-element elementor-element-19cae52 elementor-widget elementor-widget-heading\" data-id=\"19cae52\" data-element_type=\"widget\" data-widget_type=\"heading.default\">\n\t\t\t\t<div class=\"elementor-widget-container\">\n\t\t\t\t\t<h2 class=\"elementor-heading-title elementor-size-default\">Le projet est un concept g\u00e9n\u00e9ral englobant :<\/h2>\t\t\t\t<\/div>\n\t\t\t\t<\/div>\n\t\t\t\t<div class=\"elementor-element elementor-element-1ec7a3e4 elementor-widget elementor-widget-text-editor\" data-id=\"1ec7a3e4\" data-element_type=\"widget\" data-widget_type=\"text-editor.default\">\n\t\t\t\t<div class=\"elementor-widget-container\">\n\t\t\t\t\t\t\t\t\t<p>\u2022 Le livre et les podcasts<br \/>\u2022 Le site<br \/>\u2022 Des conf\u00e9rences d\u00e9bats<br \/>\u2022 Des formations<\/p>\t\t\t\t\t\t\t\t<\/div>\n\t\t\t\t<\/div>\n\t\t\t\t\t<\/div>\n\t\t<\/div>\n\t\t\t\t<div class=\"elementor-column elementor-col-50 elementor-inner-column elementor-element elementor-element-95f7c7b\" data-id=\"95f7c7b\" data-element_type=\"column\">\n\t\t\t<div class=\"elementor-widget-wrap elementor-element-populated\">\n\t\t\t\t\t\t<div class=\"elementor-element elementor-element-13cdbd64 elementor-widget elementor-widget-heading\" data-id=\"13cdbd64\" data-element_type=\"widget\" data-widget_type=\"heading.default\">\n\t\t\t\t<div class=\"elementor-widget-container\">\n\t\t\t\t\t<h2 class=\"elementor-heading-title elementor-size-default\">D\u00e9tail de la contribution des partenaires :<\/h2>\t\t\t\t<\/div>\n\t\t\t\t<\/div>\n\t\t\t\t<div class=\"elementor-element elementor-element-5c9da6e8 elementor-widget elementor-widget-text-editor\" data-id=\"5c9da6e8\" data-element_type=\"widget\" data-widget_type=\"text-editor.default\">\n\t\t\t\t<div class=\"elementor-widget-container\">\n\t\t\t\t\t\t\t\t\t<p>\u2022 Financement de la conception \/ impression du livre<br \/>\u2022 Financement des podcasts<br \/>\u2022 Financement du site et application d\u00e9di\u00e9s\u00a0<br \/>\u2022 Financement et soutien \u00e0 la promotion du projet<\/p>\t\t\t\t\t\t\t\t<\/div>\n\t\t\t\t<\/div>\n\t\t\t\t\t<\/div>\n\t\t<\/div>\n\t\t\t\t\t<\/div>\n\t\t<\/section>\n\t\t\t\t<div class=\"elementor-element elementor-element-33639d7d elementor-widget elementor-widget-heading\" data-id=\"33639d7d\" data-element_type=\"widget\" data-widget_type=\"heading.default\">\n\t\t\t\t<div class=\"elementor-widget-container\">\n\t\t\t\t\t<h2 class=\"elementor-heading-title elementor-size-default\"><br>Partenaires<\/h2>\t\t\t\t<\/div>\n\t\t\t\t<\/div>\n\t\t\t\t<div class=\"elementor-element elementor-element-43efba3b elementor-widget elementor-widget-text-editor\" data-id=\"43efba3b\" data-element_type=\"widget\" data-widget_type=\"text-editor.default\">\n\t\t\t\t<div class=\"elementor-widget-container\">\n\t\t\t\t\t\t\t\t\t<p>Groupe IMA, Groupe Scatler, Sancuac, Ellipse Affichage, Avocagir, Cabinet ASG\u00a0<\/p>\t\t\t\t\t\t\t\t<\/div>\n\t\t\t\t<\/div>\n\t\t\t\t<div class=\"elementor-element elementor-element-392eb81 elementor-widget elementor-widget-image\" data-id=\"392eb81\" data-element_type=\"widget\" data-widget_type=\"image.default\">\n\t\t\t\t<div class=\"elementor-widget-container\">\n\t\t\t\t\t\t\t\t\t\t\t\t\t\t\t<img fetchpriority=\"high\" decoding=\"async\" width=\"2336\" height=\"1584\" src=\"https:\/\/www.digitalmate.fr\/les-sens-de-l-ia\/wp-content\/uploads\/2025\/02\/Capture-decran-2025-02-14-a-07.57.51.png\" class=\"attachment-full size-full wp-image-137\" alt=\"\" srcset=\"https:\/\/www.digitalmate.fr\/les-sens-de-l-ia\/wp-content\/uploads\/2025\/02\/Capture-decran-2025-02-14-a-07.57.51.png 2336w, https:\/\/www.digitalmate.fr\/les-sens-de-l-ia\/wp-content\/uploads\/2025\/02\/Capture-decran-2025-02-14-a-07.57.51-300x203.png 300w, https:\/\/www.digitalmate.fr\/les-sens-de-l-ia\/wp-content\/uploads\/2025\/02\/Capture-decran-2025-02-14-a-07.57.51-1024x694.png 1024w, https:\/\/www.digitalmate.fr\/les-sens-de-l-ia\/wp-content\/uploads\/2025\/02\/Capture-decran-2025-02-14-a-07.57.51-768x521.png 768w, https:\/\/www.digitalmate.fr\/les-sens-de-l-ia\/wp-content\/uploads\/2025\/02\/Capture-decran-2025-02-14-a-07.57.51-1536x1042.png 1536w, https:\/\/www.digitalmate.fr\/les-sens-de-l-ia\/wp-content\/uploads\/2025\/02\/Capture-decran-2025-02-14-a-07.57.51-2048x1389.png 2048w\" sizes=\"(max-width: 2336px) 100vw, 2336px\" \/>\t\t\t\t\t\t\t\t\t\t\t\t\t\t\t<\/div>\n\t\t\t\t<\/div>\n\t\t\t\t<div class=\"elementor-element elementor-element-a225c83 elementor-widget elementor-widget-image\" data-id=\"a225c83\" data-element_type=\"widget\" data-widget_type=\"image.default\">\n\t\t\t\t<div class=\"elementor-widget-container\">\n\t\t\t\t\t\t\t\t\t\t\t\t\t\t\t<img decoding=\"async\" width=\"2338\" height=\"1776\" src=\"https:\/\/www.digitalmate.fr\/les-sens-de-l-ia\/wp-content\/uploads\/2025\/02\/Capture-decran-2025-02-14-a-07.58.03.png\" class=\"attachment-full size-full wp-image-138\" alt=\"\" srcset=\"https:\/\/www.digitalmate.fr\/les-sens-de-l-ia\/wp-content\/uploads\/2025\/02\/Capture-decran-2025-02-14-a-07.58.03.png 2338w, https:\/\/www.digitalmate.fr\/les-sens-de-l-ia\/wp-content\/uploads\/2025\/02\/Capture-decran-2025-02-14-a-07.58.03-300x228.png 300w, https:\/\/www.digitalmate.fr\/les-sens-de-l-ia\/wp-content\/uploads\/2025\/02\/Capture-decran-2025-02-14-a-07.58.03-1024x778.png 1024w, https:\/\/www.digitalmate.fr\/les-sens-de-l-ia\/wp-content\/uploads\/2025\/02\/Capture-decran-2025-02-14-a-07.58.03-768x583.png 768w, https:\/\/www.digitalmate.fr\/les-sens-de-l-ia\/wp-content\/uploads\/2025\/02\/Capture-decran-2025-02-14-a-07.58.03-1536x1167.png 1536w, https:\/\/www.digitalmate.fr\/les-sens-de-l-ia\/wp-content\/uploads\/2025\/02\/Capture-decran-2025-02-14-a-07.58.03-2048x1556.png 2048w\" sizes=\"(max-width: 2338px) 100vw, 2338px\" \/>\t\t\t\t\t\t\t\t\t\t\t\t\t\t\t<\/div>\n\t\t\t\t<\/div>\n\t\t\t\t<div class=\"elementor-element elementor-element-1ebd2540 elementor-widget elementor-widget-text-editor\" data-id=\"1ebd2540\" data-element_type=\"widget\" data-widget_type=\"text-editor.default\">\n\t\t\t\t<div class=\"elementor-widget-container\">\n\t\t\t\t\t\t\t\t\t<p>Gr\u00e2ce \u00e0 notre autonomie compl\u00e8te (maison d\u2019\u00e9dition &#8211; cr\u00e9ation Digital Mate), nous proposons des \u00e9ditions sp\u00e9cifiques pour les entreprises (\u00e0 partir de 200 exemplaires).<\/p><p>Ces versions d\u00e9di\u00e9es pourront int\u00e9grer des pages additionnelles et de la r\u00e9alit\u00e9 augment\u00e9e sur la politique de l\u2019entreprise, ses r\u00e9flexions et ses actions par rapport \u00e0 ces diff\u00e9rentes r\u00e9volutions et comment l\u2019entreprise pr\u00e9pare le monde de demain. Les m\u00eames personnalisations pourront \u00eatre r\u00e9alis\u00e9es sur le site et l&rsquo;application.<\/p><p>Nous sommes \u00e0 votre disposition pour imager le projet qui vous correspond le mieux : J\u00e9r\u00f4me : 06 85 75 38 09<\/p>\t\t\t\t\t\t\t\t<\/div>\n\t\t\t\t<\/div>\n\t\t\t\t\t<\/div>\n\t\t<\/div>\n\t\t\t\t\t<\/div>\n\t\t<\/section>\n\t\t\t\t<\/div>\n\t\t","protected":false},"excerpt":{"rendered":"<p>Devenir partenaire Nous avons tenu \u00e0 associer \u00e0 ce projet in\u00e9ditdes entreprises partenaires Le projet est un concept g\u00e9n\u00e9ral englobant : \u2022 Le livre et les podcasts\u2022 Le site\u2022 Des conf\u00e9rences d\u00e9bats\u2022 Des formations D\u00e9tail de la contribution des partenaires : \u2022 Financement de la conception \/ impression du livre\u2022 Financement des podcasts\u2022 Financement du [&hellip;]<\/p>\n","protected":false},"author":1,"featured_media":0,"parent":0,"menu_order":0,"comment_status":"closed","ping_status":"closed","template":"elementor_header_footer","meta":{"footnotes":""},"class_list":["post-86","page","type-page","status-publish","hentry"],"_links":{"self":[{"href":"https:\/\/www.digitalmate.fr\/les-sens-de-l-ia\/wp-json\/wp\/v2\/pages\/86","targetHints":{"allow":["GET"]}}],"collection":[{"href":"https:\/\/www.digitalmate.fr\/les-sens-de-l-ia\/wp-json\/wp\/v2\/pages"}],"about":[{"href":"https:\/\/www.digitalmate.fr\/les-sens-de-l-ia\/wp-json\/wp\/v2\/types\/page"}],"author":[{"embeddable":true,"href":"https:\/\/www.digitalmate.fr\/les-sens-de-l-ia\/wp-json\/wp\/v2\/users\/1"}],"replies":[{"embeddable":true,"href":"https:\/\/www.digitalmate.fr\/les-sens-de-l-ia\/wp-json\/wp\/v2\/comments?post=86"}],"version-history":[{"count":16,"href":"https:\/\/www.digitalmate.fr\/les-sens-de-l-ia\/wp-json\/wp\/v2\/pages\/86\/revisions"}],"predecessor-version":[{"id":188,"href":"https:\/\/www.digitalmate.fr\/les-sens-de-l-ia\/wp-json\/wp\/v2\/pages\/86\/revisions\/188"}],"wp:attachment":[{"href":"https:\/\/www.digitalmate.fr\/les-sens-de-l-ia\/wp-json\/wp\/v2\/media?parent=86"}],"curies":[{"name":"wp","href":"https:\/\/api.w.org\/{rel}","templated":true}]}}