{"id":78,"date":"2025-02-13T14:33:22","date_gmt":"2025-02-13T13:33:22","guid":{"rendered":"https:\/\/www.digitalmate.fr\/les-sens-de-l-ia\/?page_id=78"},"modified":"2025-02-19T08:04:46","modified_gmt":"2025-02-19T07:04:46","slug":"concept","status":"publish","type":"page","link":"https:\/\/www.digitalmate.fr\/les-sens-de-l-ia\/concept\/","title":{"rendered":"Concept"},"content":{"rendered":"\t\t<div data-elementor-type=\"wp-page\" data-elementor-id=\"78\" class=\"elementor elementor-78\" data-elementor-post-type=\"page\">\n\t\t\t\t\t\t<section class=\"elementor-section elementor-top-section elementor-element elementor-element-3faad915 elementor-section-full_width elementor-section-height-min-height elementor-section-height-default elementor-section-items-middle\" data-id=\"3faad915\" data-element_type=\"section\">\n\t\t\t\t\t\t<div class=\"elementor-container elementor-column-gap-default\">\n\t\t\t\t\t<div class=\"elementor-column elementor-col-50 elementor-top-column elementor-element elementor-element-6ae62856\" data-id=\"6ae62856\" data-element_type=\"column\">\n\t\t\t<div class=\"elementor-widget-wrap elementor-element-populated\">\n\t\t\t\t\t\t<div class=\"elementor-element elementor-element-10080c4e elementor-widget elementor-widget-image\" data-id=\"10080c4e\" data-element_type=\"widget\" data-widget_type=\"image.default\">\n\t\t\t\t<div class=\"elementor-widget-container\">\n\t\t\t\t\t\t\t\t\t\t\t\t\t\t\t<img fetchpriority=\"high\" decoding=\"async\" width=\"800\" height=\"762\" src=\"https:\/\/www.digitalmate.fr\/les-sens-de-l-ia\/wp-content\/uploads\/2025\/02\/simu-sensia-1-1024x975.jpg\" class=\"attachment-large size-large wp-image-171\" alt=\"\" srcset=\"https:\/\/www.digitalmate.fr\/les-sens-de-l-ia\/wp-content\/uploads\/2025\/02\/simu-sensia-1-1024x975.jpg 1024w, https:\/\/www.digitalmate.fr\/les-sens-de-l-ia\/wp-content\/uploads\/2025\/02\/simu-sensia-1-300x286.jpg 300w, https:\/\/www.digitalmate.fr\/les-sens-de-l-ia\/wp-content\/uploads\/2025\/02\/simu-sensia-1-768x732.jpg 768w, https:\/\/www.digitalmate.fr\/les-sens-de-l-ia\/wp-content\/uploads\/2025\/02\/simu-sensia-1.jpg 1200w\" sizes=\"(max-width: 800px) 100vw, 800px\" \/>\t\t\t\t\t\t\t\t\t\t\t\t\t\t\t<\/div>\n\t\t\t\t<\/div>\n\t\t\t\t\t<\/div>\n\t\t<\/div>\n\t\t\t\t<div class=\"elementor-column elementor-col-50 elementor-top-column elementor-element elementor-element-519b37c1\" data-id=\"519b37c1\" data-element_type=\"column\">\n\t\t\t<div class=\"elementor-widget-wrap elementor-element-populated\">\n\t\t\t\t\t\t<div class=\"elementor-element elementor-element-56cd566b elementor-widget elementor-widget-heading\" data-id=\"56cd566b\" data-element_type=\"widget\" data-widget_type=\"heading.default\">\n\t\t\t\t<div class=\"elementor-widget-container\">\n\t\t\t\t\t<h2 class=\"elementor-heading-title elementor-size-default\">Le projet<\/h2>\t\t\t\t<\/div>\n\t\t\t\t<\/div>\n\t\t\t\t<div class=\"elementor-element elementor-element-af86b3b elementor-widget elementor-widget-heading\" data-id=\"af86b3b\" data-element_type=\"widget\" data-widget_type=\"heading.default\">\n\t\t\t\t<div class=\"elementor-widget-container\">\n\t\t\t\t\t<h2 class=\"elementor-heading-title elementor-size-default\">accessible, p\u00e9dagogique, prospectif <\/h2>\t\t\t\t<\/div>\n\t\t\t\t<\/div>\n\t\t\t\t<div class=\"elementor-element elementor-element-21da4ad8 elementor-widget elementor-widget-heading\" data-id=\"21da4ad8\" data-element_type=\"widget\" data-widget_type=\"heading.default\">\n\t\t\t\t<div class=\"elementor-widget-container\">\n\t\t\t\t\t<h2 class=\"elementor-heading-title elementor-size-default\"><br> Nous proposons une exp\u00e9rience compl\u00e8te au travers de ce projet :<\/h2>\t\t\t\t<\/div>\n\t\t\t\t<\/div>\n\t\t\t\t<div class=\"elementor-element elementor-element-1b744929 elementor-widget elementor-widget-text-editor\" data-id=\"1b744929\" data-element_type=\"widget\" data-widget_type=\"text-editor.default\">\n\t\t\t\t<div class=\"elementor-widget-container\">\n\t\t\t\t\t\t\t\t\t<p>\u2022 Livre<br \/>\u2022 Site<br \/>\u2022\u00a0<span style=\"letter-spacing: -0.27px;\"><a href=\"https:\/\/www.youtube.com\/channel\/UC___h3lYskNBDz6M0mb7urw\/videos\">Interviews<\/a><\/span><br \/>\u2022 Conf\u00e9rences \/ d\u00e9bats<br \/>\u2022 Formations<br \/>\u2022 Pour le grand public. Simple d\u2019acc\u00e8s. Forme claire et accessible.<br \/>\u2022 Vulgarisation et synth\u00e8se au maximum.<\/p>\t\t\t\t\t\t\t\t<\/div>\n\t\t\t\t<\/div>\n\t\t\t\t\t<\/div>\n\t\t<\/div>\n\t\t\t\t\t<\/div>\n\t\t<\/section>\n\t\t\t\t<\/div>\n\t\t","protected":false},"excerpt":{"rendered":"<p>Le projet accessible, p\u00e9dagogique, prospectif Nous proposons une exp\u00e9rience compl\u00e8te au travers de ce projet : \u2022 Livre\u2022 Site\u2022\u00a0Interviews\u2022 Conf\u00e9rences \/ d\u00e9bats\u2022 Formations\u2022 Pour le grand public. Simple d\u2019acc\u00e8s. Forme claire et accessible.\u2022 Vulgarisation et synth\u00e8se au maximum.<\/p>\n","protected":false},"author":1,"featured_media":0,"parent":0,"menu_order":0,"comment_status":"closed","ping_status":"closed","template":"elementor_header_footer","meta":{"footnotes":""},"class_list":["post-78","page","type-page","status-publish","hentry"],"_links":{"self":[{"href":"https:\/\/www.digitalmate.fr\/les-sens-de-l-ia\/wp-json\/wp\/v2\/pages\/78","targetHints":{"allow":["GET"]}}],"collection":[{"href":"https:\/\/www.digitalmate.fr\/les-sens-de-l-ia\/wp-json\/wp\/v2\/pages"}],"about":[{"href":"https:\/\/www.digitalmate.fr\/les-sens-de-l-ia\/wp-json\/wp\/v2\/types\/page"}],"author":[{"embeddable":true,"href":"https:\/\/www.digitalmate.fr\/les-sens-de-l-ia\/wp-json\/wp\/v2\/users\/1"}],"replies":[{"embeddable":true,"href":"https:\/\/www.digitalmate.fr\/les-sens-de-l-ia\/wp-json\/wp\/v2\/comments?post=78"}],"version-history":[{"count":10,"href":"https:\/\/www.digitalmate.fr\/les-sens-de-l-ia\/wp-json\/wp\/v2\/pages\/78\/revisions"}],"predecessor-version":[{"id":174,"href":"https:\/\/www.digitalmate.fr\/les-sens-de-l-ia\/wp-json\/wp\/v2\/pages\/78\/revisions\/174"}],"wp:attachment":[{"href":"https:\/\/www.digitalmate.fr\/les-sens-de-l-ia\/wp-json\/wp\/v2\/media?parent=78"}],"curies":[{"name":"wp","href":"https:\/\/api.w.org\/{rel}","templated":true}]}}