{"id":6,"date":"2025-02-13T13:50:02","date_gmt":"2025-02-13T12:50:02","guid":{"rendered":"https:\/\/www.digitalmate.fr\/les-sens-de-l-ia\/?page_id=6"},"modified":"2025-07-13T11:55:24","modified_gmt":"2025-07-13T09:55:24","slug":"accueil","status":"publish","type":"page","link":"https:\/\/www.digitalmate.fr\/les-sens-de-l-ia\/","title":{"rendered":"Accueil"},"content":{"rendered":"\t\t<div data-elementor-type=\"wp-post\" data-elementor-id=\"6\" class=\"elementor elementor-6\" data-elementor-post-type=\"page\">\n\t\t\t\t\t\t<section class=\"elementor-section elementor-top-section elementor-element elementor-element-f59a487 elementor-section-height-min-height elementor-section-boxed elementor-section-height-default elementor-section-items-middle\" data-id=\"f59a487\" data-element_type=\"section\" data-settings=\"{&quot;background_background&quot;:&quot;classic&quot;}\">\n\t\t\t\t\t\t\t<div class=\"elementor-background-overlay\"><\/div>\n\t\t\t\t\t\t\t<div class=\"elementor-container elementor-column-gap-default\">\n\t\t\t\t\t<div class=\"elementor-column elementor-col-100 elementor-top-column elementor-element elementor-element-ccb8dfa\" data-id=\"ccb8dfa\" data-element_type=\"column\">\n\t\t\t<div class=\"elementor-widget-wrap elementor-element-populated\">\n\t\t\t\t\t\t<div class=\"elementor-element elementor-element-6e97f3e7 elementor-widget elementor-widget-image\" data-id=\"6e97f3e7\" data-element_type=\"widget\" data-widget_type=\"image.default\">\n\t\t\t\t<div class=\"elementor-widget-container\">\n\t\t\t\t\t\t\t\t\t\t\t\t\t\t\t<img fetchpriority=\"high\" decoding=\"async\" width=\"800\" height=\"595\" src=\"https:\/\/www.digitalmate.fr\/les-sens-de-l-ia\/wp-content\/uploads\/2025\/02\/les-sens-de-l-ia-titre.png\" class=\"attachment-large size-large wp-image-45\" alt=\"\" srcset=\"https:\/\/www.digitalmate.fr\/les-sens-de-l-ia\/wp-content\/uploads\/2025\/02\/les-sens-de-l-ia-titre.png 800w, https:\/\/www.digitalmate.fr\/les-sens-de-l-ia\/wp-content\/uploads\/2025\/02\/les-sens-de-l-ia-titre-300x223.png 300w, https:\/\/www.digitalmate.fr\/les-sens-de-l-ia\/wp-content\/uploads\/2025\/02\/les-sens-de-l-ia-titre-768x571.png 768w\" sizes=\"(max-width: 800px) 100vw, 800px\" \/>\t\t\t\t\t\t\t\t\t\t\t\t\t\t\t<\/div>\n\t\t\t\t<\/div>\n\t\t\t\t\t<\/div>\n\t\t<\/div>\n\t\t\t\t\t<\/div>\n\t\t<\/section>\n\t\t\t\t<section class=\"elementor-section elementor-top-section elementor-element elementor-element-5fe8a5ea elementor-section-boxed elementor-section-height-default elementor-section-height-default elementor-invisible\" data-id=\"5fe8a5ea\" data-element_type=\"section\" data-settings=\"{&quot;animation&quot;:&quot;fadeInDown&quot;}\">\n\t\t\t\t\t\t<div class=\"elementor-container elementor-column-gap-default\">\n\t\t\t\t\t<div class=\"elementor-column elementor-col-100 elementor-top-column elementor-element elementor-element-fdeedd2\" data-id=\"fdeedd2\" data-element_type=\"column\">\n\t\t\t<div class=\"elementor-widget-wrap elementor-element-populated\">\n\t\t\t\t\t\t<div class=\"elementor-element elementor-element-53b33ddf elementor-view-default elementor-widget elementor-widget-icon\" data-id=\"53b33ddf\" data-element_type=\"widget\" data-widget_type=\"icon.default\">\n\t\t\t\t<div class=\"elementor-widget-container\">\n\t\t\t\t\t\t\t<div class=\"elementor-icon-wrapper\">\n\t\t\t<div class=\"elementor-icon\">\n\t\t\t<svg aria-hidden=\"true\" class=\"e-font-icon-svg e-far-arrow-alt-circle-down\" viewBox=\"0 0 512 512\" xmlns=\"http:\/\/www.w3.org\/2000\/svg\"><path d=\"M256 8C119 8 8 119 8 256s111 248 248 248 248-111 248-248S393 8 256 8zm0 448c-110.5 0-200-89.5-200-200S145.5 56 256 56s200 89.5 200 200-89.5 200-200 200zm-32-316v116h-67c-10.7 0-16 12.9-8.5 20.5l99 99c4.7 4.7 12.3 4.7 17 0l99-99c7.6-7.6 2.2-20.5-8.5-20.5h-67V140c0-6.6-5.4-12-12-12h-40c-6.6 0-12 5.4-12 12z\"><\/path><\/svg>\t\t\t<\/div>\n\t\t<\/div>\n\t\t\t\t\t\t<\/div>\n\t\t\t\t<\/div>\n\t\t\t\t\t<\/div>\n\t\t<\/div>\n\t\t\t\t\t<\/div>\n\t\t<\/section>\n\t\t\t\t<section class=\"elementor-section elementor-top-section elementor-element elementor-element-20f1da16 elementor-section-boxed elementor-section-height-default elementor-section-height-default\" data-id=\"20f1da16\" data-element_type=\"section\">\n\t\t\t\t\t\t<div class=\"elementor-container elementor-column-gap-default\">\n\t\t\t\t\t<div class=\"elementor-column elementor-col-100 elementor-top-column elementor-element elementor-element-30a5d71\" data-id=\"30a5d71\" data-element_type=\"column\">\n\t\t\t<div class=\"elementor-widget-wrap elementor-element-populated\">\n\t\t\t\t\t\t<div class=\"elementor-element elementor-element-b66e4d7 elementor-widget elementor-widget-heading\" data-id=\"b66e4d7\" data-element_type=\"widget\" data-widget_type=\"heading.default\">\n\t\t\t\t<div class=\"elementor-widget-container\">\n\t\t\t\t\t<h2 class=\"elementor-heading-title elementor-size-default\">Et si la cl\u00e9 de l'IA r\u00e9sidait dans le sens que nous donnons \u00e0 notre propre existence ? <br> <\/h2>\t\t\t\t<\/div>\n\t\t\t\t<\/div>\n\t\t\t\t<div class=\"elementor-element elementor-element-4ce272d5 elementor-widget elementor-widget-text-editor\" data-id=\"4ce272d5\" data-element_type=\"widget\" data-widget_type=\"text-editor.default\">\n\t\t\t\t<div class=\"elementor-widget-container\">\n\t\t\t\t\t\t\t\t\t<h5 class=\"p1\"><span class=\"s1\">L\u2019intelligence artificielle red\u00e9finit notre rapport au travail, \u00e0 la cr\u00e9ativit\u00e9, \u00e0 la connaissance\u2026 et peut-\u00eatre m\u00eame \u00e0 nous-m\u00eames. <\/span><\/h5><h5 class=\"p1\"><span class=\"s1\">Sommes-nous en train de d\u00e9l\u00e9guer notre libre arbitre aux algorithmes ?<\/span><\/h5><h5 class=\"p1\"><span class=\"s1\">Comment \u00e9viter que l\u2019IA ne creuse les in\u00e9galit\u00e9s et ne menace nos d\u00e9mocraties ? Et surtout, quel r\u00f4le voulons-nous lui donner dans notre avenir collectif ?<\/span><\/h5><h5 class=\"p1\"><span class=\"s1\">\u00c0 travers une exploration accessible et percutante,\u00a0J\u00e9r\u00f4me Coutou, consultant en transformations IA, et\u00a0Nathalie Granier, sp\u00e9cialiste en cyber-psychologie, nous plongent au c\u0153ur des d\u00e9fis et des opportunit\u00e9s de cette r\u00e9volution.<\/span><\/h5><h5 class=\"p1\"><span class=\"s1\">Entre \u00e9thique, philosophie, psychologie et bouleversements technologiques, ce livre propose des cl\u00e9s pour comprendre, anticiper et fa\u00e7onner un futur o\u00f9 l\u2019humain ne sera pas rel\u00e9gu\u00e9 au second plan.<\/span><\/h5>\t\t\t\t\t\t\t\t<\/div>\n\t\t\t\t<\/div>\n\t\t\t\t<div class=\"elementor-element elementor-element-73df44e0 elementor-widget elementor-widget-heading\" data-id=\"73df44e0\" data-element_type=\"widget\" data-widget_type=\"heading.default\">\n\t\t\t\t<div class=\"elementor-widget-container\">\n\t\t\t\t\t<h2 class=\"elementor-heading-title elementor-size-default\">L\u2019IA transforme le monde...\n\n<br><br>La vraie question est : que voulons-nous en faire ?<br><br><\/h2>\t\t\t\t<\/div>\n\t\t\t\t<\/div>\n\t\t\t\t<div class=\"elementor-element elementor-element-5a8d4b0 elementor-widget elementor-widget-heading\" data-id=\"5a8d4b0\" data-element_type=\"widget\" data-widget_type=\"heading.default\">\n\t\t\t\t<div class=\"elementor-widget-container\">\n\t\t\t\t\t<h2 class=\"elementor-heading-title elementor-size-default\"><a href=\"https:\/\/notebooklm.google.com\/notebook\/e0e352e9-55de-44e0-a56e-753bb21914fc\/audio\">\ud83d\udc49 Cliquez ici pour \u00e9couter le podcast de pr\u00e9sentation du livre ! <\/a><\/h2>\t\t\t\t<\/div>\n\t\t\t\t<\/div>\n\t\t\t\t<div class=\"elementor-element elementor-element-e5e9676 elementor-widget elementor-widget-heading\" data-id=\"e5e9676\" data-element_type=\"widget\" data-widget_type=\"heading.default\">\n\t\t\t\t<div class=\"elementor-widget-container\">\n\t\t\t\t\t<h2 class=\"elementor-heading-title elementor-size-default\"><a href=\"https:\/\/notebooklm.google.com\/notebook\/97bbee58-ac1a-44d7-bfa2-37f9eada467c\/audio\">\ud83d\udc49 Le podcast sur la partie psychologie<\/a><\/h2>\t\t\t\t<\/div>\n\t\t\t\t<\/div>\n\t\t\t\t<div class=\"elementor-element elementor-element-6afecac elementor-widget elementor-widget-heading\" data-id=\"6afecac\" data-element_type=\"widget\" data-widget_type=\"heading.default\">\n\t\t\t\t<div class=\"elementor-widget-container\">\n\t\t\t\t\t<h2 class=\"elementor-heading-title elementor-size-default\"><a href=\"https:\/\/notebooklm.google.com\/notebook\/1cdef557-96a1-441c-813b-833bcc8e5d83\/audio\">\ud83d\udc49 Le podcast sur la partie travail et politique<\/a><\/h2>\t\t\t\t<\/div>\n\t\t\t\t<\/div>\n\t\t\t\t<div class=\"elementor-element elementor-element-1875527 elementor-widget elementor-widget-heading\" data-id=\"1875527\" data-element_type=\"widget\" data-widget_type=\"heading.default\">\n\t\t\t\t<div class=\"elementor-widget-container\">\n\t\t\t\t\t<h2 class=\"elementor-heading-title elementor-size-default\"><a href=\"https:\/\/notebooklm.google.com\/notebook\/fb7091d1-de93-4384-b687-b90631907b89\/audio\">\ud83d\udc49 Le podcast sur la partie IA forte et sens de la vie<\/a><\/h2>\t\t\t\t<\/div>\n\t\t\t\t<\/div>\n\t\t\t\t<div class=\"elementor-element elementor-element-9d7fc65 elementor-widget elementor-widget-heading\" data-id=\"9d7fc65\" data-element_type=\"widget\" data-widget_type=\"heading.default\">\n\t\t\t\t<div class=\"elementor-widget-container\">\n\t\t\t\t\t<h2 class=\"elementor-heading-title elementor-size-default\"><a href=\"https:\/\/notebooklm.google.com\/notebook\/687d36bc-daf6-4b16-82ab-d06a83bf9782\/audio\">\ud83d\udc49 Le podcast sur la partie philosophie<\/a><\/h2>\t\t\t\t<\/div>\n\t\t\t\t<\/div>\n\t\t\t\t<div class=\"elementor-element elementor-element-8d97ee8 elementor-widget elementor-widget-heading\" data-id=\"8d97ee8\" data-element_type=\"widget\" data-widget_type=\"heading.default\">\n\t\t\t\t<div class=\"elementor-widget-container\">\n\t\t\t\t\t<h2 class=\"elementor-heading-title elementor-size-default\"><a href=\"https:\/\/notebooklm.google.com\/notebook\/0f1c4dcf-9451-426a-b05c-1a377b7466d0\/audio\">\ud83d\udc49 Le podcast sur la partie apprentissage<\/a><\/h2>\t\t\t\t<\/div>\n\t\t\t\t<\/div>\n\t\t\t\t\t<\/div>\n\t\t<\/div>\n\t\t\t\t\t<\/div>\n\t\t<\/section>\n\t\t\t\t<section class=\"elementor-section elementor-top-section elementor-element elementor-element-54df084e elementor-section-boxed elementor-section-height-default elementor-section-height-default\" data-id=\"54df084e\" data-element_type=\"section\">\n\t\t\t\t\t\t<div class=\"elementor-container elementor-column-gap-default\">\n\t\t\t\t\t<div class=\"elementor-column elementor-col-100 elementor-top-column elementor-element elementor-element-3a9829d0\" data-id=\"3a9829d0\" data-element_type=\"column\">\n\t\t\t<div class=\"elementor-widget-wrap elementor-element-populated\">\n\t\t\t\t\t\t<section class=\"elementor-section elementor-inner-section elementor-element elementor-element-5113124f elementor-section-boxed elementor-section-height-default elementor-section-height-default\" data-id=\"5113124f\" data-element_type=\"section\">\n\t\t\t\t\t\t<div class=\"elementor-container elementor-column-gap-default\">\n\t\t\t\t\t<div class=\"elementor-column elementor-col-100 elementor-inner-column elementor-element elementor-element-7a4a9c00\" data-id=\"7a4a9c00\" data-element_type=\"column\">\n\t\t\t<div class=\"elementor-widget-wrap elementor-element-populated\">\n\t\t\t\t\t\t<div class=\"elementor-element elementor-element-31b75d50 elementor-widget elementor-widget-image\" data-id=\"31b75d50\" data-element_type=\"widget\" data-widget_type=\"image.default\">\n\t\t\t\t<div class=\"elementor-widget-container\">\n\t\t\t\t\t\t\t\t\t\t\t\t\t\t\t\t<a href=\"https:\/\/www.inter-ligere.fr\/\" target=\"_blank\">\n\t\t\t\t\t\t\t<img decoding=\"async\" width=\"800\" height=\"403\" src=\"https:\/\/www.digitalmate.fr\/les-sens-de-l-ia\/wp-content\/uploads\/2025\/02\/digital-mate-logo.png\" class=\"attachment-large size-large wp-image-46\" alt=\"\" srcset=\"https:\/\/www.digitalmate.fr\/les-sens-de-l-ia\/wp-content\/uploads\/2025\/02\/digital-mate-logo.png 1001w, https:\/\/www.digitalmate.fr\/les-sens-de-l-ia\/wp-content\/uploads\/2025\/02\/digital-mate-logo-300x151.png 300w, https:\/\/www.digitalmate.fr\/les-sens-de-l-ia\/wp-content\/uploads\/2025\/02\/digital-mate-logo-768x387.png 768w\" sizes=\"(max-width: 800px) 100vw, 800px\" \/>\t\t\t\t\t\t\t\t<\/a>\n\t\t\t\t\t\t\t\t\t\t\t\t\t\t\t<\/div>\n\t\t\t\t<\/div>\n\t\t\t\t\t<\/div>\n\t\t<\/div>\n\t\t\t\t\t<\/div>\n\t\t<\/section>\n\t\t\t\t\t<\/div>\n\t\t<\/div>\n\t\t\t\t\t<\/div>\n\t\t<\/section>\n\t\t\t\t<\/div>\n\t\t","protected":false},"excerpt":{"rendered":"<p>Et si la cl\u00e9 de l&rsquo;IA r\u00e9sidait dans le sens que nous donnons \u00e0 notre propre existence ? L\u2019intelligence artificielle red\u00e9finit notre rapport au travail, \u00e0 la cr\u00e9ativit\u00e9, \u00e0 la connaissance\u2026 et peut-\u00eatre m\u00eame \u00e0 nous-m\u00eames. Sommes-nous en train de d\u00e9l\u00e9guer notre libre arbitre aux algorithmes ? Comment \u00e9viter que l\u2019IA ne creuse les in\u00e9galit\u00e9s [&hellip;]<\/p>\n","protected":false},"author":1,"featured_media":0,"parent":0,"menu_order":0,"comment_status":"closed","ping_status":"closed","template":"elementor_header_footer","meta":{"footnotes":""},"class_list":["post-6","page","type-page","status-publish","hentry"],"_links":{"self":[{"href":"https:\/\/www.digitalmate.fr\/les-sens-de-l-ia\/wp-json\/wp\/v2\/pages\/6","targetHints":{"allow":["GET"]}}],"collection":[{"href":"https:\/\/www.digitalmate.fr\/les-sens-de-l-ia\/wp-json\/wp\/v2\/pages"}],"about":[{"href":"https:\/\/www.digitalmate.fr\/les-sens-de-l-ia\/wp-json\/wp\/v2\/types\/page"}],"author":[{"embeddable":true,"href":"https:\/\/www.digitalmate.fr\/les-sens-de-l-ia\/wp-json\/wp\/v2\/users\/1"}],"replies":[{"embeddable":true,"href":"https:\/\/www.digitalmate.fr\/les-sens-de-l-ia\/wp-json\/wp\/v2\/comments?post=6"}],"version-history":[{"count":53,"href":"https:\/\/www.digitalmate.fr\/les-sens-de-l-ia\/wp-json\/wp\/v2\/pages\/6\/revisions"}],"predecessor-version":[{"id":230,"href":"https:\/\/www.digitalmate.fr\/les-sens-de-l-ia\/wp-json\/wp\/v2\/pages\/6\/revisions\/230"}],"wp:attachment":[{"href":"https:\/\/www.digitalmate.fr\/les-sens-de-l-ia\/wp-json\/wp\/v2\/media?parent=6"}],"curies":[{"name":"wp","href":"https:\/\/api.w.org\/{rel}","templated":true}]}}