{"id":55,"date":"2025-02-13T14:20:04","date_gmt":"2025-02-13T13:20:04","guid":{"rendered":"https:\/\/www.digitalmate.fr\/les-sens-de-l-ia\/?page_id=55"},"modified":"2025-02-24T10:24:32","modified_gmt":"2025-02-24T09:24:32","slug":"auteurs","status":"publish","type":"page","link":"https:\/\/www.digitalmate.fr\/les-sens-de-l-ia\/auteurs\/","title":{"rendered":"Auteurs"},"content":{"rendered":"\t\t<div data-elementor-type=\"wp-page\" data-elementor-id=\"55\" class=\"elementor elementor-55\" data-elementor-post-type=\"page\">\n\t\t\t\t\t\t<section class=\"elementor-section elementor-top-section elementor-element elementor-element-3c39f2a5 elementor-section-height-min-height elementor-section-boxed elementor-section-height-default elementor-section-items-middle\" data-id=\"3c39f2a5\" data-element_type=\"section\" data-settings=\"{&quot;background_background&quot;:&quot;classic&quot;}\">\n\t\t\t\t\t\t<div class=\"elementor-container elementor-column-gap-default\">\n\t\t\t\t\t<div class=\"elementor-column elementor-col-50 elementor-top-column elementor-element elementor-element-741cd37d\" data-id=\"741cd37d\" data-element_type=\"column\">\n\t\t\t<div class=\"elementor-widget-wrap elementor-element-populated\">\n\t\t\t\t\t\t<div class=\"elementor-element elementor-element-4351ba2b elementor-widget elementor-widget-heading\" data-id=\"4351ba2b\" data-element_type=\"widget\" data-widget_type=\"heading.default\">\n\t\t\t\t<div class=\"elementor-widget-container\">\n\t\t\t\t\t<h1 class=\"elementor-heading-title elementor-size-default\">Auteurs<br><\/h1>\t\t\t\t<\/div>\n\t\t\t\t<\/div>\n\t\t\t\t\t<\/div>\n\t\t<\/div>\n\t\t\t\t<div class=\"elementor-column elementor-col-50 elementor-top-column elementor-element elementor-element-6e04441b\" data-id=\"6e04441b\" data-element_type=\"column\">\n\t\t\t<div class=\"elementor-widget-wrap\">\n\t\t\t\t\t\t\t<\/div>\n\t\t<\/div>\n\t\t\t\t\t<\/div>\n\t\t<\/section>\n\t\t\t\t<section class=\"elementor-section elementor-top-section elementor-element elementor-element-67d751f1 elementor-reverse-mobile elementor-section-boxed elementor-section-height-default elementor-section-height-default\" data-id=\"67d751f1\" data-element_type=\"section\">\n\t\t\t\t\t\t<div class=\"elementor-container elementor-column-gap-default\">\n\t\t\t\t\t<div class=\"elementor-column elementor-col-50 elementor-top-column elementor-element elementor-element-2c912c09\" data-id=\"2c912c09\" data-element_type=\"column\">\n\t\t\t<div class=\"elementor-widget-wrap elementor-element-populated\">\n\t\t\t\t\t\t<div class=\"elementor-element elementor-element-95f5971 elementor-invisible elementor-widget elementor-widget-image\" data-id=\"95f5971\" data-element_type=\"widget\" data-settings=\"{&quot;_animation&quot;:&quot;fadeIn&quot;}\" data-widget_type=\"image.default\">\n\t\t\t\t<div class=\"elementor-widget-container\">\n\t\t\t\t\t\t\t\t\t\t\t\t\t\t\t<img fetchpriority=\"high\" decoding=\"async\" width=\"800\" height=\"800\" src=\"https:\/\/www.digitalmate.fr\/les-sens-de-l-ia\/wp-content\/uploads\/2025\/02\/1739345670890.jpeg\" class=\"attachment-large size-large wp-image-145\" alt=\"\" srcset=\"https:\/\/www.digitalmate.fr\/les-sens-de-l-ia\/wp-content\/uploads\/2025\/02\/1739345670890.jpeg 800w, https:\/\/www.digitalmate.fr\/les-sens-de-l-ia\/wp-content\/uploads\/2025\/02\/1739345670890-300x300.jpeg 300w, https:\/\/www.digitalmate.fr\/les-sens-de-l-ia\/wp-content\/uploads\/2025\/02\/1739345670890-150x150.jpeg 150w, https:\/\/www.digitalmate.fr\/les-sens-de-l-ia\/wp-content\/uploads\/2025\/02\/1739345670890-768x768.jpeg 768w\" sizes=\"(max-width: 800px) 100vw, 800px\" \/>\t\t\t\t\t\t\t\t\t\t\t\t\t\t\t<\/div>\n\t\t\t\t<\/div>\n\t\t\t\t\t<\/div>\n\t\t<\/div>\n\t\t\t\t<div class=\"elementor-column elementor-col-50 elementor-top-column elementor-element elementor-element-399f8a7a elementor-invisible\" data-id=\"399f8a7a\" data-element_type=\"column\" data-settings=\"{&quot;animation&quot;:&quot;fadeIn&quot;,&quot;animation_delay&quot;:200}\">\n\t\t\t<div class=\"elementor-widget-wrap elementor-element-populated\">\n\t\t\t\t\t\t<div class=\"elementor-element elementor-element-7e41567d elementor-widget elementor-widget-heading\" data-id=\"7e41567d\" data-element_type=\"widget\" data-widget_type=\"heading.default\">\n\t\t\t\t<div class=\"elementor-widget-container\">\n\t\t\t\t\t<h2 class=\"elementor-heading-title elementor-size-default\">J\u00e9r\u00f4me Coutou<\/h2>\t\t\t\t<\/div>\n\t\t\t\t<\/div>\n\t\t\t\t<div class=\"elementor-element elementor-element-26d06462 elementor-widget elementor-widget-text-editor\" data-id=\"26d06462\" data-element_type=\"widget\" data-widget_type=\"text-editor.default\">\n\t\t\t\t<div class=\"elementor-widget-container\">\n\t\t\t\t\t\t\t\t\t<p>Expert en innovations technologiques, notamment intelligence artificielle et technologies immersives.<br \/>Intervenant aupr\u00e8s de grands groupes et associations.<\/p><p class=\"p1\">Conf\u00e9rencier &amp; consultant aupr\u00e8s de grands groupes et \u00e9coles en IA.\u00a0Expert APM. Professeur &amp; concepteur du programme IA &#8211; PGE INSEEC.<\/p><p>Fondateur et associ\u00e9 des agences de communication et de growth hacking : <a href=\"https:\/\/www.digitalmate.fr\" target=\"_blank\" rel=\"noopener\">DIGITAL MATE<\/a> &amp; <a href=\"https:\/\/www.max-ecom.fr\/\" target=\"_blank\" rel=\"noopener\">MAX-ECOM<\/a><br \/>Associ\u00e9 dans plusieurs autres structures digitales dont\u00a0<a href=\"https:\/\/www.metaverse-mate.com\/\" target=\"_blank\" rel=\"noopener\">Metaverse-Mate.com<\/a><\/p>\t\t\t\t\t\t\t\t<\/div>\n\t\t\t\t<\/div>\n\t\t\t\t\t<\/div>\n\t\t<\/div>\n\t\t\t\t\t<\/div>\n\t\t<\/section>\n\t\t\t\t<section class=\"elementor-section elementor-top-section elementor-element elementor-element-278b49d8 elementor-section-boxed elementor-section-height-default elementor-section-height-default\" data-id=\"278b49d8\" data-element_type=\"section\">\n\t\t\t\t\t\t<div class=\"elementor-container elementor-column-gap-default\">\n\t\t\t\t\t<div class=\"elementor-column elementor-col-50 elementor-top-column elementor-element elementor-element-1d65d82c elementor-invisible\" data-id=\"1d65d82c\" data-element_type=\"column\" data-settings=\"{&quot;animation&quot;:&quot;fadeIn&quot;,&quot;animation_delay&quot;:200}\">\n\t\t\t<div class=\"elementor-widget-wrap elementor-element-populated\">\n\t\t\t\t\t\t<div class=\"elementor-element elementor-element-255cba7c elementor-widget elementor-widget-heading\" data-id=\"255cba7c\" data-element_type=\"widget\" data-widget_type=\"heading.default\">\n\t\t\t\t<div class=\"elementor-widget-container\">\n\t\t\t\t\t<h2 class=\"elementor-heading-title elementor-size-default\">Nathalie Granier<\/h2>\t\t\t\t<\/div>\n\t\t\t\t<\/div>\n\t\t\t\t<div class=\"elementor-element elementor-element-6894089f elementor-widget elementor-widget-text-editor\" data-id=\"6894089f\" data-element_type=\"widget\" data-widget_type=\"text-editor.default\">\n\t\t\t\t<div class=\"elementor-widget-container\">\n\t\t\t\t\t\t\t\t\t<p class=\"p1\">Cyber-psychologue sp\u00e9cialiste de l&rsquo;analyse comportementale des cyberattaquants.<\/p><p class=\"p1\">Experte en Threat Intelligence avec un focus particulier sur les manipulations psychologiques et les attaques par ing\u00e9nierie sociale.<\/p><p class=\"p1\">Autrice de nombreuses publications, intervention dans les m\u00e9dias et conf\u00e9renci\u00e8re.<\/p>\t\t\t\t\t\t\t\t<\/div>\n\t\t\t\t<\/div>\n\t\t\t\t\t<\/div>\n\t\t<\/div>\n\t\t\t\t<div class=\"elementor-column elementor-col-50 elementor-top-column elementor-element elementor-element-2f70ae28\" data-id=\"2f70ae28\" data-element_type=\"column\">\n\t\t\t<div class=\"elementor-widget-wrap elementor-element-populated\">\n\t\t\t\t\t\t<div class=\"elementor-element elementor-element-7ee5764e elementor-invisible elementor-widget elementor-widget-image\" data-id=\"7ee5764e\" data-element_type=\"widget\" data-settings=\"{&quot;_animation&quot;:&quot;fadeIn&quot;}\" data-widget_type=\"image.default\">\n\t\t\t\t<div class=\"elementor-widget-container\">\n\t\t\t\t\t\t\t\t\t\t\t\t\t\t\t<img decoding=\"async\" width=\"768\" height=\"1024\" src=\"https:\/\/www.digitalmate.fr\/les-sens-de-l-ia\/wp-content\/uploads\/2025\/02\/PHOTO-2025-02-14-09-34-07-768x1024.jpg\" class=\"attachment-large size-large wp-image-152\" alt=\"\" srcset=\"https:\/\/www.digitalmate.fr\/les-sens-de-l-ia\/wp-content\/uploads\/2025\/02\/PHOTO-2025-02-14-09-34-07-768x1024.jpg 768w, https:\/\/www.digitalmate.fr\/les-sens-de-l-ia\/wp-content\/uploads\/2025\/02\/PHOTO-2025-02-14-09-34-07-225x300.jpg 225w, https:\/\/www.digitalmate.fr\/les-sens-de-l-ia\/wp-content\/uploads\/2025\/02\/PHOTO-2025-02-14-09-34-07.jpg 1080w\" sizes=\"(max-width: 768px) 100vw, 768px\" \/>\t\t\t\t\t\t\t\t\t\t\t\t\t\t\t<\/div>\n\t\t\t\t<\/div>\n\t\t\t\t\t<\/div>\n\t\t<\/div>\n\t\t\t\t\t<\/div>\n\t\t<\/section>\n\t\t\t\t<section class=\"elementor-section elementor-top-section elementor-element elementor-element-3875910a elementor-reverse-mobile elementor-section-boxed elementor-section-height-default elementor-section-height-default\" data-id=\"3875910a\" data-element_type=\"section\">\n\t\t\t\t\t\t<div class=\"elementor-container elementor-column-gap-default\">\n\t\t\t\t\t<div class=\"elementor-column elementor-col-100 elementor-top-column elementor-element elementor-element-3d90f444 elementor-invisible\" data-id=\"3d90f444\" data-element_type=\"column\" data-settings=\"{&quot;animation&quot;:&quot;fadeIn&quot;,&quot;animation_delay&quot;:200}\">\n\t\t\t<div class=\"elementor-widget-wrap elementor-element-populated\">\n\t\t\t\t\t\t<div class=\"elementor-element elementor-element-3baa2688 elementor-widget elementor-widget-heading\" data-id=\"3baa2688\" data-element_type=\"widget\" data-widget_type=\"heading.default\">\n\t\t\t\t<div class=\"elementor-widget-container\">\n\t\t\t\t\t<h2 class=\"elementor-heading-title elementor-size-default\">Participation au livre <\/h2>\t\t\t\t<\/div>\n\t\t\t\t<\/div>\n\t\t\t\t<div class=\"elementor-element elementor-element-79591854 elementor-widget elementor-widget-text-editor\" data-id=\"79591854\" data-element_type=\"widget\" data-widget_type=\"text-editor.default\">\n\t\t\t\t<div class=\"elementor-widget-container\">\n\t\t\t\t\t\t\t\t\t<p><span style=\"color: #02559e;\">Cr\u00e9ation maquette et iconographie :<\/span><\/p><p>Gr\u00e9gory DAYON, DIGITAL MATE<br \/>Illustrations : Digital Mate, Grok<\/p><p>\u00a0<\/p><p><span style=\"color: #02559e;\">Nos partenaires :<\/span><\/p><p>Un grand merci pour leur confiance \u00e0 Jean-Pierre Clastre (<span style=\"color: var( --e-global-color-text ); font-size: 1rem;\">Groupe SCATLER<\/span><span style=\"color: var( --e-global-color-text ); font-size: 1rem;\">), Matthieu Sanchez (SANSUAC) et pour leur soutien : Stanislas d&rsquo;Anthonay (ELLIPSE AFFICHAGE)\u00a0<\/span><\/p><p>\u00a0<\/p><p><span style=\"color: #02559e;\">Remerciements :<\/span><\/p><p><span style=\"color: var( --e-global-color-text ); font-size: 1rem;\">Nous remercions chaleureusement toutes les personnes qui nous ont aid\u00e9 \u00e0 r\u00e9aliser ce livre, et notamment nos relecteurs\u00a0: Christian &amp; Isabelle, Pierre-Antoine, Elise, Nathalie, Bastien, Gregory, Daniel, Luc, Michel, Philippe, Marc-Andr\u00e9, Jean-Damien, \u2026<\/span><\/p>\t\t\t\t\t\t\t\t<\/div>\n\t\t\t\t<\/div>\n\t\t\t\t\t<\/div>\n\t\t<\/div>\n\t\t\t\t\t<\/div>\n\t\t<\/section>\n\t\t\t\t<\/div>\n\t\t","protected":false},"excerpt":{"rendered":"<p>Auteurs J\u00e9r\u00f4me Coutou Expert en innovations technologiques, notamment intelligence artificielle et technologies immersives.Intervenant aupr\u00e8s de grands groupes et associations. Conf\u00e9rencier &amp; consultant aupr\u00e8s de grands groupes et \u00e9coles en IA.\u00a0Expert APM. Professeur &amp; concepteur du programme IA &#8211; PGE INSEEC. Fondateur et associ\u00e9 des agences de communication et de growth hacking : DIGITAL MATE &amp; [&hellip;]<\/p>\n","protected":false},"author":1,"featured_media":0,"parent":0,"menu_order":0,"comment_status":"closed","ping_status":"closed","template":"elementor_header_footer","meta":{"footnotes":""},"class_list":["post-55","page","type-page","status-publish","hentry"],"_links":{"self":[{"href":"https:\/\/www.digitalmate.fr\/les-sens-de-l-ia\/wp-json\/wp\/v2\/pages\/55","targetHints":{"allow":["GET"]}}],"collection":[{"href":"https:\/\/www.digitalmate.fr\/les-sens-de-l-ia\/wp-json\/wp\/v2\/pages"}],"about":[{"href":"https:\/\/www.digitalmate.fr\/les-sens-de-l-ia\/wp-json\/wp\/v2\/types\/page"}],"author":[{"embeddable":true,"href":"https:\/\/www.digitalmate.fr\/les-sens-de-l-ia\/wp-json\/wp\/v2\/users\/1"}],"replies":[{"embeddable":true,"href":"https:\/\/www.digitalmate.fr\/les-sens-de-l-ia\/wp-json\/wp\/v2\/comments?post=55"}],"version-history":[{"count":19,"href":"https:\/\/www.digitalmate.fr\/les-sens-de-l-ia\/wp-json\/wp\/v2\/pages\/55\/revisions"}],"predecessor-version":[{"id":181,"href":"https:\/\/www.digitalmate.fr\/les-sens-de-l-ia\/wp-json\/wp\/v2\/pages\/55\/revisions\/181"}],"wp:attachment":[{"href":"https:\/\/www.digitalmate.fr\/les-sens-de-l-ia\/wp-json\/wp\/v2\/media?parent=55"}],"curies":[{"name":"wp","href":"https:\/\/api.w.org\/{rel}","templated":true}]}}