{"id":97,"date":"2026-01-30T16:43:27","date_gmt":"2026-01-30T15:43:27","guid":{"rendered":"https:\/\/www.digitalmate.fr\/en-toute-humanite\/?page_id=97"},"modified":"2026-01-30T16:44:11","modified_gmt":"2026-01-30T15:44:11","slug":"conferences","status":"publish","type":"page","link":"https:\/\/www.digitalmate.fr\/en-toute-humanite\/conferences\/","title":{"rendered":"Conf\u00e9rences"},"content":{"rendered":"\t\t<div data-elementor-type=\"wp-page\" data-elementor-id=\"97\" class=\"elementor elementor-97\" data-elementor-post-type=\"page\">\n\t\t\t\t\t\t<section class=\"elementor-section elementor-top-section elementor-element elementor-element-5c1dc09a elementor-section-height-min-height elementor-section-boxed elementor-section-height-default elementor-section-items-middle\" data-id=\"5c1dc09a\" data-element_type=\"section\" data-settings=\"{&quot;background_background&quot;:&quot;classic&quot;}\">\n\t\t\t\t\t\t<div class=\"elementor-container elementor-column-gap-default\">\n\t\t\t\t\t<div class=\"elementor-column elementor-col-50 elementor-top-column elementor-element elementor-element-605e9c63\" data-id=\"605e9c63\" data-element_type=\"column\">\n\t\t\t<div class=\"elementor-widget-wrap elementor-element-populated\">\n\t\t\t\t\t\t<div class=\"elementor-element elementor-element-51afccdc elementor-widget elementor-widget-heading\" data-id=\"51afccdc\" data-element_type=\"widget\" data-widget_type=\"heading.default\">\n\t\t\t\t\t<h1 class=\"elementor-heading-title elementor-size-default\">Conf\u00e9rences<br><\/h1>\t\t\t\t<\/div>\n\t\t\t\t\t<\/div>\n\t\t<\/div>\n\t\t\t\t<div class=\"elementor-column elementor-col-50 elementor-top-column elementor-element elementor-element-59fdfc61\" data-id=\"59fdfc61\" data-element_type=\"column\">\n\t\t\t<div class=\"elementor-widget-wrap\">\n\t\t\t\t\t\t\t<\/div>\n\t\t<\/div>\n\t\t\t\t\t<\/div>\n\t\t<\/section>\n\t\t\t\t<section class=\"elementor-section elementor-top-section elementor-element elementor-element-3db1f2da elementor-section-boxed elementor-section-height-default elementor-section-height-default\" data-id=\"3db1f2da\" data-element_type=\"section\">\n\t\t\t\t\t\t<div class=\"elementor-container elementor-column-gap-default\">\n\t\t\t\t\t<div class=\"elementor-column elementor-col-50 elementor-top-column elementor-element elementor-element-7ce2b65b\" data-id=\"7ce2b65b\" data-element_type=\"column\">\n\t\t\t<div class=\"elementor-widget-wrap elementor-element-populated\">\n\t\t\t\t\t\t<div class=\"elementor-element elementor-element-1ad5cf30 elementor-widget elementor-widget-image\" data-id=\"1ad5cf30\" data-element_type=\"widget\" data-widget_type=\"image.default\">\n\t\t\t\t\t\t\t\t\t\t\t\t\t\t\t<img fetchpriority=\"high\" decoding=\"async\" width=\"683\" height=\"1024\" src=\"https:\/\/www.digitalmate.fr\/en-toute-humanite\/wp-content\/uploads\/2026\/01\/Jerome-683x1024.jpg\" class=\"attachment-large size-large wp-image-20\" alt=\"\" srcset=\"https:\/\/www.digitalmate.fr\/en-toute-humanite\/wp-content\/uploads\/2026\/01\/Jerome-683x1024.jpg 683w, https:\/\/www.digitalmate.fr\/en-toute-humanite\/wp-content\/uploads\/2026\/01\/Jerome-200x300.jpg 200w, https:\/\/www.digitalmate.fr\/en-toute-humanite\/wp-content\/uploads\/2026\/01\/Jerome-768x1152.jpg 768w, https:\/\/www.digitalmate.fr\/en-toute-humanite\/wp-content\/uploads\/2026\/01\/Jerome.jpg 800w\" sizes=\"(max-width: 683px) 100vw, 683px\" \/>\t\t\t\t\t\t\t\t\t\t\t\t\t\t\t<\/div>\n\t\t\t\t\t<\/div>\n\t\t<\/div>\n\t\t\t\t<div class=\"elementor-column elementor-col-50 elementor-top-column elementor-element elementor-element-58c37e0c\" data-id=\"58c37e0c\" data-element_type=\"column\">\n\t\t\t<div class=\"elementor-widget-wrap elementor-element-populated\">\n\t\t\t\t\t\t<div class=\"elementor-element elementor-element-1c79cde9 elementor-widget elementor-widget-text-editor\" data-id=\"1c79cde9\" data-element_type=\"widget\" data-widget_type=\"text-editor.default\">\n\t\t\t\t\t\t\t\t\t<p>Le projet \u00ab La plus grande r\u00e9volution de toute l\u2019histoire de l\u2019Humanit\u00e9 \u00bb <br>est un projet complet incluant :<\/p>\n<p>&#8211; un livre<\/p>\n<p>&#8211; une chaine YouTube avec des interviews d\u2019experts sur diff\u00e9rents sujets et d\u2019autres contenus \u00e0 venir<\/p>\n<p>&#8211; des conf\u00e9rences \/ d\u00e9bats et formations pour le grand public et \/ ou les entreprises.<\/p>\n<p>&#8211; des projets digitaux (application mobile int\u00e9grant de la r\u00e9alit\u00e9 augment\u00e9e \/ m\u00e9tavers)<\/p><p><br><\/p>\n<p><\/p>\n<p>Vous souhaitez organiser une conf\u00e9rence \u00ab\u00a0La plus grande r\u00e9volution &#8230;\u00a0\u00bb ou une formation ?<\/p><p><br><\/p>\t\t\t\t\t\t\t\t<\/div>\n\t\t\t\t<div class=\"elementor-element elementor-element-50073ade elementor-align-left elementor-widget elementor-widget-button\" data-id=\"50073ade\" data-element_type=\"widget\" data-widget_type=\"button.default\">\n\t\t\t\t\t\t\t\t\t\t<a class=\"elementor-button elementor-button-link elementor-size-sm\" href=\"https:\/\/www.digitalmate.fr\/revolutions\/contact\/\">\n\t\t\t\t\t\t<span class=\"elementor-button-content-wrapper\">\n\t\t\t\t\t\t\t\t\t<span class=\"elementor-button-text\">Nous contacter<\/span>\n\t\t\t\t\t<\/span>\n\t\t\t\t\t<\/a>\n\t\t\t\t\t\t\t\t<\/div>\n\t\t\t\t\t<\/div>\n\t\t<\/div>\n\t\t\t\t\t<\/div>\n\t\t<\/section>\n\t\t\t\t<\/div>\n\t\t","protected":false},"excerpt":{"rendered":"<p>Conf\u00e9rences Le projet \u00ab La plus grande r\u00e9volution de toute l\u2019histoire de l\u2019Humanit\u00e9 \u00bb est un projet complet incluant : &#8211; un livre &#8211; une chaine YouTube avec des interviews d\u2019experts sur diff\u00e9rents sujets et d\u2019autres contenus \u00e0 venir &#8211; des conf\u00e9rences \/ d\u00e9bats et formations pour le grand public et \/ ou les entreprises. [&hellip;]<\/p>\n","protected":false},"author":1,"featured_media":0,"parent":0,"menu_order":0,"comment_status":"closed","ping_status":"closed","template":"elementor_header_footer","meta":{"footnotes":""},"class_list":["post-97","page","type-page","status-publish","hentry"],"_links":{"self":[{"href":"https:\/\/www.digitalmate.fr\/en-toute-humanite\/wp-json\/wp\/v2\/pages\/97","targetHints":{"allow":["GET"]}}],"collection":[{"href":"https:\/\/www.digitalmate.fr\/en-toute-humanite\/wp-json\/wp\/v2\/pages"}],"about":[{"href":"https:\/\/www.digitalmate.fr\/en-toute-humanite\/wp-json\/wp\/v2\/types\/page"}],"author":[{"embeddable":true,"href":"https:\/\/www.digitalmate.fr\/en-toute-humanite\/wp-json\/wp\/v2\/users\/1"}],"replies":[{"embeddable":true,"href":"https:\/\/www.digitalmate.fr\/en-toute-humanite\/wp-json\/wp\/v2\/comments?post=97"}],"version-history":[{"count":5,"href":"https:\/\/www.digitalmate.fr\/en-toute-humanite\/wp-json\/wp\/v2\/pages\/97\/revisions"}],"predecessor-version":[{"id":102,"href":"https:\/\/www.digitalmate.fr\/en-toute-humanite\/wp-json\/wp\/v2\/pages\/97\/revisions\/102"}],"wp:attachment":[{"href":"https:\/\/www.digitalmate.fr\/en-toute-humanite\/wp-json\/wp\/v2\/media?parent=97"}],"curies":[{"name":"wp","href":"https:\/\/api.w.org\/{rel}","templated":true}]}}