{"id":2,"date":"2026-01-30T14:45:05","date_gmt":"2026-01-30T13:45:05","guid":{"rendered":"https:\/\/www.digitalmate.fr\/en-toute-humanite\/?page_id=2"},"modified":"2026-02-24T16:57:08","modified_gmt":"2026-02-24T15:57:08","slug":"accueil","status":"publish","type":"page","link":"https:\/\/www.digitalmate.fr\/en-toute-humanite\/","title":{"rendered":"Accueil"},"content":{"rendered":"\t\t<div data-elementor-type=\"wp-page\" data-elementor-id=\"2\" class=\"elementor elementor-2\" data-elementor-post-type=\"page\">\n\t\t\t\t\t\t<section class=\"elementor-section elementor-top-section elementor-element elementor-element-22963252 elementor-section-height-min-height elementor-section-boxed elementor-section-height-default elementor-section-items-middle\" data-id=\"22963252\" data-element_type=\"section\" data-settings=\"{&quot;background_background&quot;:&quot;classic&quot;}\">\n\t\t\t\t\t\t\t<div class=\"elementor-background-overlay\"><\/div>\n\t\t\t\t\t\t\t<div class=\"elementor-container elementor-column-gap-default\">\n\t\t\t\t\t<div class=\"elementor-column elementor-col-100 elementor-top-column elementor-element elementor-element-273603ba\" data-id=\"273603ba\" data-element_type=\"column\">\n\t\t\t<div class=\"elementor-widget-wrap elementor-element-populated\">\n\t\t\t\t\t\t<div class=\"elementor-element elementor-element-3a9517d8 elementor-widget elementor-widget-image\" data-id=\"3a9517d8\" data-element_type=\"widget\" data-widget_type=\"image.default\">\n\t\t\t\t\t\t\t\t\t\t\t\t\t\t\t<img fetchpriority=\"high\" decoding=\"async\" width=\"800\" height=\"477\" src=\"https:\/\/www.digitalmate.fr\/en-toute-humanite\/wp-content\/uploads\/2026\/01\/en-toute-humanite.png\" class=\"attachment-large size-large wp-image-31\" alt=\"\" srcset=\"https:\/\/www.digitalmate.fr\/en-toute-humanite\/wp-content\/uploads\/2026\/01\/en-toute-humanite.png 956w, https:\/\/www.digitalmate.fr\/en-toute-humanite\/wp-content\/uploads\/2026\/01\/en-toute-humanite-300x179.png 300w, https:\/\/www.digitalmate.fr\/en-toute-humanite\/wp-content\/uploads\/2026\/01\/en-toute-humanite-768x458.png 768w\" sizes=\"(max-width: 800px) 100vw, 800px\" \/>\t\t\t\t\t\t\t\t\t\t\t\t\t\t\t<\/div>\n\t\t\t\t\t<\/div>\n\t\t<\/div>\n\t\t\t\t\t<\/div>\n\t\t<\/section>\n\t\t\t\t<section class=\"elementor-section elementor-top-section elementor-element elementor-element-1067c2f6 elementor-section-boxed elementor-section-height-default elementor-section-height-default elementor-invisible\" data-id=\"1067c2f6\" data-element_type=\"section\" data-settings=\"{&quot;animation&quot;:&quot;fadeInDown&quot;}\">\n\t\t\t\t\t\t<div class=\"elementor-container elementor-column-gap-default\">\n\t\t\t\t\t<div class=\"elementor-column elementor-col-100 elementor-top-column elementor-element elementor-element-475bfd93\" data-id=\"475bfd93\" data-element_type=\"column\">\n\t\t\t<div class=\"elementor-widget-wrap elementor-element-populated\">\n\t\t\t\t\t\t<div class=\"elementor-element elementor-element-7d257e60 elementor-view-default elementor-widget elementor-widget-icon\" data-id=\"7d257e60\" data-element_type=\"widget\" data-widget_type=\"icon.default\">\n\t\t\t\t\t\t\t<div class=\"elementor-icon-wrapper\">\n\t\t\t<div class=\"elementor-icon\">\n\t\t\t<svg aria-hidden=\"true\" class=\"e-font-icon-svg e-far-arrow-alt-circle-down\" viewBox=\"0 0 512 512\" xmlns=\"http:\/\/www.w3.org\/2000\/svg\"><path d=\"M256 8C119 8 8 119 8 256s111 248 248 248 248-111 248-248S393 8 256 8zm0 448c-110.5 0-200-89.5-200-200S145.5 56 256 56s200 89.5 200 200-89.5 200-200 200zm-32-316v116h-67c-10.7 0-16 12.9-8.5 20.5l99 99c4.7 4.7 12.3 4.7 17 0l99-99c7.6-7.6 2.2-20.5-8.5-20.5h-67V140c0-6.6-5.4-12-12-12h-40c-6.6 0-12 5.4-12 12z\"><\/path><\/svg>\t\t\t<\/div>\n\t\t<\/div>\n\t\t\t\t\t\t<\/div>\n\t\t\t\t\t<\/div>\n\t\t<\/div>\n\t\t\t\t\t<\/div>\n\t\t<\/section>\n\t\t\t\t<section class=\"elementor-section elementor-top-section elementor-element elementor-element-4515b83 elementor-section-boxed elementor-section-height-default elementor-section-height-default\" data-id=\"4515b83\" data-element_type=\"section\">\n\t\t\t\t\t\t<div class=\"elementor-container elementor-column-gap-default\">\n\t\t\t\t\t<div class=\"elementor-column elementor-col-100 elementor-top-column elementor-element elementor-element-467c4610\" data-id=\"467c4610\" data-element_type=\"column\">\n\t\t\t<div class=\"elementor-widget-wrap elementor-element-populated\">\n\t\t\t\t\t\t<div class=\"elementor-element elementor-element-4783555f elementor-widget elementor-widget-heading\" data-id=\"4783555f\" data-element_type=\"widget\" data-widget_type=\"heading.default\">\n\t\t\t\t\t<h2 class=\"elementor-heading-title elementor-size-default\">Et si l\u2019IA n\u2019\u00e9tait pas une r\u00e9volution technologique, mais une rupture anthropologique ? <br> <\/h2>\t\t\t\t<\/div>\n\t\t\t\t<div class=\"elementor-element elementor-element-340504c6 elementor-widget elementor-widget-text-editor\" data-id=\"340504c6\" data-element_type=\"widget\" data-widget_type=\"text-editor.default\">\n\t\t\t\t\t\t\t\t\t<p>Ce livre d\u00e9fend une th\u00e8se nette : l\u2019intelligence artificielle rompt le contrat historique qui liait travail, utilit\u00e9 et dignit\u00e9. En automatisant non plus la force, mais l\u2019intelligence, elle d\u00e9place le centre de gravit\u00e9 de l\u2019\u00e9conomie, du pouvoir, et du sens. Elle ouvre la voie \u00e0 un syst\u00e8me post-capitaliste in\u00e9dit \u2014 l\u2019IAlisme \u2014 o\u00f9 la valeur se cr\u00e9e sans nous, o\u00f9 quelques oligopoles concentrent la puissance, et o\u00f9 l\u2019effacement humain devient une variable d\u2019optimisation.<\/p><p>J\u00e9r\u00f4me Coutou explore les m\u00e9canismes de ce qu\u2019il nomme \u00ab disruption destructrice \u00bb : automatisation absolue, dilution de la responsabilit\u00e9, redondance cognitive, fatigue morale et disparition du sens. Il montre comment l\u2019IA r\u00e9v\u00e8le nos renoncements plus qu\u2019elle ne les invente : d\u00e9l\u00e9gation de l\u2019effort et confort sans responsabilit\u00e9. Ce n\u2019est pas la machine qui menace l\u2019homme ; c\u2019est l\u2019homme qui s\u2019efface devant la machine.<\/p><p>Face \u00e0 ce basculement, plusieurs futurs possibles se dessinent : un effondrement chaotique, une dictature algorithmique douce ou brutale, ou une bifurcation humaniste fond\u00e9e sur la responsabilit\u00e9, la lenteur, la limite, et la valeur du lien.<\/p><p>Mais cette derni\u00e8re bifurcation, qui devient une question de survie pour l\u2019humanit\u00e9, exige de retrouver ce que nous avons presque laiss\u00e9 s\u2019\u00e9teindre : la responsabilit\u00e9, la relation, la lenteur, le doute\u2026 et la capacit\u00e9 \u00e0 dire non, m\u00eame \u00e0 ce qui fonctionne.<\/p><p>Ce livre ne cherche pas \u00e0 rassurer, sans ne rien c\u00e9der ni \u00e0 la peur ni au technosolutionnisme. Il interpelle sur la question : \u00ab\u00a0comment encore exister dans le monde qui vient ?\u00a0\u00bb. Il propose une prise de conscience, un sursaut et une reconstruction possible : faire le constat froid de la situation, comprendre le mouvement \u00e0 l\u2019oeuvre et les leviers qu\u2019il nous reste pour redonner de la chair \u00e0 nos d\u00e9cisions, remettre l\u2019humain au centre non par nostalgie, mais par n\u00e9cessit\u00e9.<\/p><p>Parce qu\u2019une civilisation qui d\u00e9l\u00e8gue tout cesse t\u00f4t ou tard d\u2019assumer son propre destin \u2014 et laisse sa flamme s\u2019\u00e9teindre.<\/p>\t\t\t\t\t\t\t\t<\/div>\n\t\t\t\t<div class=\"elementor-element elementor-element-81d6349 elementor-widget elementor-widget-heading\" data-id=\"81d6349\" data-element_type=\"widget\" data-widget_type=\"heading.default\">\n\t\t\t\t\t<h2 class=\"elementor-heading-title elementor-size-default\">L\u2019IA transforme le monde... La vraie question est : comment allons-nous conserver notre humanit\u00e9 ?<br><\/h2>\t\t\t\t<\/div>\n\t\t\t\t<div class=\"elementor-element elementor-element-4a1625b elementor-widget elementor-widget-heading\" data-id=\"4a1625b\" data-element_type=\"widget\" data-widget_type=\"heading.default\">\n\t\t\t\t\t<h2 class=\"elementor-heading-title elementor-size-default\"><a href=\"https:\/\/www.digitalmate.fr\/en-toute-humanite\/wp-content\/uploads\/2026\/02\/En-toute-humanite.pdf\"><img decoding=\"async\" role=\"img\" class=\"emoji\" alt=\"\ud83d\udc49\" src=\"https:\/\/s.w.org\/images\/core\/emoji\/17.0.2\/svg\/1f449.svg\"> Cliquez ici pour voir la pr\u00e9sentation du livre ! <\/a><\/h2>\t\t\t\t<\/div>\n\t\t\t\t\t<\/div>\n\t\t<\/div>\n\t\t\t\t\t<\/div>\n\t\t<\/section>\n\t\t\t\t<section class=\"elementor-section elementor-top-section elementor-element elementor-element-bbfb180 elementor-section-boxed elementor-section-height-default elementor-section-height-default\" data-id=\"bbfb180\" data-element_type=\"section\">\n\t\t\t\t\t\t<div class=\"elementor-container elementor-column-gap-default\">\n\t\t\t\t\t<div class=\"elementor-column elementor-col-100 elementor-top-column elementor-element elementor-element-610c31ec\" data-id=\"610c31ec\" data-element_type=\"column\">\n\t\t\t<div class=\"elementor-widget-wrap elementor-element-populated\">\n\t\t\t\t\t\t<section class=\"elementor-section elementor-inner-section elementor-element elementor-element-2623d79b elementor-section-boxed elementor-section-height-default elementor-section-height-default\" data-id=\"2623d79b\" data-element_type=\"section\">\n\t\t\t\t\t\t<div class=\"elementor-container elementor-column-gap-default\">\n\t\t\t\t\t<div class=\"elementor-column elementor-col-100 elementor-inner-column elementor-element elementor-element-106eb69d\" data-id=\"106eb69d\" data-element_type=\"column\">\n\t\t\t<div class=\"elementor-widget-wrap elementor-element-populated\">\n\t\t\t\t\t\t<div class=\"elementor-element elementor-element-6c68de45 elementor-widget elementor-widget-image\" data-id=\"6c68de45\" data-element_type=\"widget\" data-widget_type=\"image.default\">\n\t\t\t\t\t\t\t\t\t\t\t\t\t\t\t\t<a href=\"https:\/\/www.inter-ligere.fr\/\" target=\"_blank\">\n\t\t\t\t\t\t\t<img decoding=\"async\" width=\"800\" height=\"451\" src=\"https:\/\/www.digitalmate.fr\/en-toute-humanite\/wp-content\/uploads\/2026\/02\/digitalmate-logo-vertical.png\" class=\"attachment-large size-large wp-image-163\" alt=\"\" srcset=\"https:\/\/www.digitalmate.fr\/en-toute-humanite\/wp-content\/uploads\/2026\/02\/digitalmate-logo-vertical.png 800w, https:\/\/www.digitalmate.fr\/en-toute-humanite\/wp-content\/uploads\/2026\/02\/digitalmate-logo-vertical-300x169.png 300w, https:\/\/www.digitalmate.fr\/en-toute-humanite\/wp-content\/uploads\/2026\/02\/digitalmate-logo-vertical-768x433.png 768w\" sizes=\"(max-width: 800px) 100vw, 800px\" \/>\t\t\t\t\t\t\t\t<\/a>\n\t\t\t\t\t\t\t\t\t\t\t\t\t\t\t<\/div>\n\t\t\t\t\t<\/div>\n\t\t<\/div>\n\t\t\t\t\t<\/div>\n\t\t<\/section>\n\t\t\t\t\t<\/div>\n\t\t<\/div>\n\t\t\t\t\t<\/div>\n\t\t<\/section>\n\t\t\t\t<\/div>\n\t\t","protected":false},"excerpt":{"rendered":"<p>Et si l\u2019IA n\u2019\u00e9tait pas une r\u00e9volution technologique, mais une rupture anthropologique ? Ce livre d\u00e9fend une th\u00e8se nette : l\u2019intelligence artificielle rompt le contrat historique qui liait travail, utilit\u00e9 et dignit\u00e9. En automatisant non plus la force, mais l\u2019intelligence, elle d\u00e9place le centre de gravit\u00e9 de l\u2019\u00e9conomie, du pouvoir, et du sens. Elle ouvre [&hellip;]<\/p>\n","protected":false},"author":1,"featured_media":0,"parent":0,"menu_order":0,"comment_status":"closed","ping_status":"closed","template":"elementor_header_footer","meta":{"footnotes":""},"class_list":["post-2","page","type-page","status-publish","hentry"],"_links":{"self":[{"href":"https:\/\/www.digitalmate.fr\/en-toute-humanite\/wp-json\/wp\/v2\/pages\/2","targetHints":{"allow":["GET"]}}],"collection":[{"href":"https:\/\/www.digitalmate.fr\/en-toute-humanite\/wp-json\/wp\/v2\/pages"}],"about":[{"href":"https:\/\/www.digitalmate.fr\/en-toute-humanite\/wp-json\/wp\/v2\/types\/page"}],"author":[{"embeddable":true,"href":"https:\/\/www.digitalmate.fr\/en-toute-humanite\/wp-json\/wp\/v2\/users\/1"}],"replies":[{"embeddable":true,"href":"https:\/\/www.digitalmate.fr\/en-toute-humanite\/wp-json\/wp\/v2\/comments?post=2"}],"version-history":[{"count":28,"href":"https:\/\/www.digitalmate.fr\/en-toute-humanite\/wp-json\/wp\/v2\/pages\/2\/revisions"}],"predecessor-version":[{"id":166,"href":"https:\/\/www.digitalmate.fr\/en-toute-humanite\/wp-json\/wp\/v2\/pages\/2\/revisions\/166"}],"wp:attachment":[{"href":"https:\/\/www.digitalmate.fr\/en-toute-humanite\/wp-json\/wp\/v2\/media?parent=2"}],"curies":[{"name":"wp","href":"https:\/\/api.w.org\/{rel}","templated":true}]}}