{"id":113,"date":"2026-01-30T16:47:04","date_gmt":"2026-01-30T15:47:04","guid":{"rendered":"https:\/\/www.digitalmate.fr\/en-toute-humanite\/?page_id=113"},"modified":"2026-01-30T18:19:03","modified_gmt":"2026-01-30T17:19:03","slug":"partenaires","status":"publish","type":"page","link":"https:\/\/www.digitalmate.fr\/en-toute-humanite\/partenaires\/","title":{"rendered":"Partenaires"},"content":{"rendered":"\t\t<div data-elementor-type=\"wp-page\" data-elementor-id=\"113\" class=\"elementor elementor-113\" data-elementor-post-type=\"page\">\n\t\t\t\t\t\t<section class=\"elementor-section elementor-top-section elementor-element elementor-element-241062b2 elementor-section-height-min-height elementor-section-boxed elementor-section-height-default elementor-section-items-middle\" data-id=\"241062b2\" data-element_type=\"section\" data-settings=\"{&quot;background_background&quot;:&quot;classic&quot;}\">\n\t\t\t\t\t\t<div class=\"elementor-container elementor-column-gap-default\">\n\t\t\t\t\t<div class=\"elementor-column elementor-col-50 elementor-top-column elementor-element elementor-element-7357f470\" data-id=\"7357f470\" data-element_type=\"column\">\n\t\t\t<div class=\"elementor-widget-wrap elementor-element-populated\">\n\t\t\t\t\t\t<div class=\"elementor-element elementor-element-71f3fef8 elementor-widget elementor-widget-heading\" data-id=\"71f3fef8\" data-element_type=\"widget\" data-widget_type=\"heading.default\">\n\t\t\t\t\t<h1 class=\"elementor-heading-title elementor-size-default\">Devenir partenaire<br><\/h1>\t\t\t\t<\/div>\n\t\t\t\t\t<\/div>\n\t\t<\/div>\n\t\t\t\t<div class=\"elementor-column elementor-col-50 elementor-top-column elementor-element elementor-element-67787a1a\" data-id=\"67787a1a\" data-element_type=\"column\">\n\t\t\t<div class=\"elementor-widget-wrap\">\n\t\t\t\t\t\t\t<\/div>\n\t\t<\/div>\n\t\t\t\t\t<\/div>\n\t\t<\/section>\n\t\t\t\t<section class=\"elementor-section elementor-top-section elementor-element elementor-element-753a62c0 elementor-section-boxed elementor-section-height-default elementor-section-height-default\" data-id=\"753a62c0\" data-element_type=\"section\" data-settings=\"{&quot;background_background&quot;:&quot;classic&quot;}\">\n\t\t\t\t\t\t<div class=\"elementor-container elementor-column-gap-default\">\n\t\t\t\t\t<div class=\"elementor-column elementor-col-100 elementor-top-column elementor-element elementor-element-743c8cae\" data-id=\"743c8cae\" data-element_type=\"column\">\n\t\t\t<div class=\"elementor-widget-wrap elementor-element-populated\">\n\t\t\t\t\t\t<div class=\"elementor-element elementor-element-15e719f5 elementor-widget elementor-widget-heading\" data-id=\"15e719f5\" data-element_type=\"widget\" data-widget_type=\"heading.default\">\n\t\t\t\t\t<h2 class=\"elementor-heading-title elementor-size-default\">Nous avons tenu \u00e0 associer \u00e0 ce projet in\u00e9dit<br>des entreprises partenaires<\/h2>\t\t\t\t<\/div>\n\t\t\t\t<section class=\"elementor-section elementor-inner-section elementor-element elementor-element-66505d4e elementor-section-boxed elementor-section-height-default elementor-section-height-default\" data-id=\"66505d4e\" data-element_type=\"section\">\n\t\t\t\t\t\t<div class=\"elementor-container elementor-column-gap-default\">\n\t\t\t\t\t<div class=\"elementor-column elementor-col-50 elementor-inner-column elementor-element elementor-element-1360a37\" data-id=\"1360a37\" data-element_type=\"column\">\n\t\t\t<div class=\"elementor-widget-wrap elementor-element-populated\">\n\t\t\t\t\t\t<div class=\"elementor-element elementor-element-37c8608a elementor-widget elementor-widget-heading\" data-id=\"37c8608a\" data-element_type=\"widget\" data-widget_type=\"heading.default\">\n\t\t\t\t\t<h2 class=\"elementor-heading-title elementor-size-default\">Le projet est un concept g\u00e9n\u00e9ral englobant :<\/h2>\t\t\t\t<\/div>\n\t\t\t\t<div class=\"elementor-element elementor-element-703af162 elementor-widget elementor-widget-text-editor\" data-id=\"703af162\" data-element_type=\"widget\" data-widget_type=\"text-editor.default\">\n\t\t\t\t\t\t\t\t\t<p>\u2022 Le livre<br \/>\u2022 Le site\u00a0<br \/>\u2022 Des conf\u00e9rences d\u00e9bats<br \/>\u2022 Des formations<\/p>\t\t\t\t\t\t\t\t<\/div>\n\t\t\t\t\t<\/div>\n\t\t<\/div>\n\t\t\t\t<div class=\"elementor-column elementor-col-50 elementor-inner-column elementor-element elementor-element-e105c78\" data-id=\"e105c78\" data-element_type=\"column\">\n\t\t\t<div class=\"elementor-widget-wrap elementor-element-populated\">\n\t\t\t\t\t\t<div class=\"elementor-element elementor-element-762641b3 elementor-widget elementor-widget-heading\" data-id=\"762641b3\" data-element_type=\"widget\" data-widget_type=\"heading.default\">\n\t\t\t\t\t<h2 class=\"elementor-heading-title elementor-size-default\">D\u00e9tail de la contribution des partenaires :<\/h2>\t\t\t\t<\/div>\n\t\t\t\t<div class=\"elementor-element elementor-element-15ee7656 elementor-widget elementor-widget-text-editor\" data-id=\"15ee7656\" data-element_type=\"widget\" data-widget_type=\"text-editor.default\">\n\t\t\t\t\t\t\t\t\t<p>\u2022 Financement du site\u00a0<br \/>\u2022 Financement de la conception \/ impression du livre<br \/>\u2022 Financement et soutien \u00e0 la promotion du projet<\/p>\t\t\t\t\t\t\t\t<\/div>\n\t\t\t\t\t<\/div>\n\t\t<\/div>\n\t\t\t\t\t<\/div>\n\t\t<\/section>\n\t\t\t\t<div class=\"elementor-element elementor-element-3aedb9ce elementor-widget elementor-widget-heading\" data-id=\"3aedb9ce\" data-element_type=\"widget\" data-widget_type=\"heading.default\">\n\t\t\t\t\t<h2 class=\"elementor-heading-title elementor-size-default\"><br>Partenaires<\/h2>\t\t\t\t<\/div>\n\t\t\t\t<div class=\"elementor-element elementor-element-353a722 elementor-widget elementor-widget-text-editor\" data-id=\"353a722\" data-element_type=\"widget\" data-widget_type=\"text-editor.default\">\n\t\t\t\t\t\t\t\t\t<p>Groupe Scatler, Avocagir, Cabinet ASG, Ellipse Affichages, Groupe Adr\u00e9, Groupe Puybaret<\/p>\t\t\t\t\t\t\t\t<\/div>\n\t\t\t\t<div class=\"elementor-element elementor-element-7343b3fc elementor-widget elementor-widget-heading\" data-id=\"7343b3fc\" data-element_type=\"widget\" data-widget_type=\"heading.default\">\n\t\t\t\t\t<h2 class=\"elementor-heading-title elementor-size-default\"><br>Contreparties pour les partenaires<\/h2>\t\t\t\t<\/div>\n\t\t\t\t<div class=\"elementor-element elementor-element-12a299dc elementor-widget elementor-widget-text-editor\" data-id=\"12a299dc\" data-element_type=\"widget\" data-widget_type=\"text-editor.default\">\n\t\t\t\t\t\t\t\t\t<p><span style=\"font-size: inherit; text-align: inherit; letter-spacing: -0.015em;\">Selon les besoins ou demandes, les formules pourront \u00eatre personnalis\u00e9es.<\/span><\/p>\n<p>Nous sommes \u00e0 votre disposition pour imager le projet qui vous correspond le mieux : J\u00e9r\u00f4me : 06 85 75 38 09<\/p>\n<p><\/p>\t\t\t\t\t\t\t\t<\/div>\n\t\t\t\t\t<\/div>\n\t\t<\/div>\n\t\t\t\t\t<\/div>\n\t\t<\/section>\n\t\t\t\t<\/div>\n\t\t","protected":false},"excerpt":{"rendered":"<p>Devenir partenaire Nous avons tenu \u00e0 associer \u00e0 ce projet in\u00e9ditdes entreprises partenaires Le projet est un concept g\u00e9n\u00e9ral englobant : \u2022 Le livre\u2022 Le site\u00a0\u2022 Des conf\u00e9rences d\u00e9bats\u2022 Des formations D\u00e9tail de la contribution des partenaires : \u2022 Financement du site\u00a0\u2022 Financement de la conception \/ impression du livre\u2022 Financement et soutien \u00e0 la [&hellip;]<\/p>\n","protected":false},"author":1,"featured_media":0,"parent":0,"menu_order":0,"comment_status":"closed","ping_status":"closed","template":"elementor_header_footer","meta":{"footnotes":""},"class_list":["post-113","page","type-page","status-publish","hentry"],"_links":{"self":[{"href":"https:\/\/www.digitalmate.fr\/en-toute-humanite\/wp-json\/wp\/v2\/pages\/113","targetHints":{"allow":["GET"]}}],"collection":[{"href":"https:\/\/www.digitalmate.fr\/en-toute-humanite\/wp-json\/wp\/v2\/pages"}],"about":[{"href":"https:\/\/www.digitalmate.fr\/en-toute-humanite\/wp-json\/wp\/v2\/types\/page"}],"author":[{"embeddable":true,"href":"https:\/\/www.digitalmate.fr\/en-toute-humanite\/wp-json\/wp\/v2\/users\/1"}],"replies":[{"embeddable":true,"href":"https:\/\/www.digitalmate.fr\/en-toute-humanite\/wp-json\/wp\/v2\/comments?post=113"}],"version-history":[{"count":7,"href":"https:\/\/www.digitalmate.fr\/en-toute-humanite\/wp-json\/wp\/v2\/pages\/113\/revisions"}],"predecessor-version":[{"id":151,"href":"https:\/\/www.digitalmate.fr\/en-toute-humanite\/wp-json\/wp\/v2\/pages\/113\/revisions\/151"}],"wp:attachment":[{"href":"https:\/\/www.digitalmate.fr\/en-toute-humanite\/wp-json\/wp\/v2\/media?parent=113"}],"curies":[{"name":"wp","href":"https:\/\/api.w.org\/{rel}","templated":true}]}}