{"id":103,"date":"2026-01-30T16:44:28","date_gmt":"2026-01-30T15:44:28","guid":{"rendered":"https:\/\/www.digitalmate.fr\/en-toute-humanite\/?page_id=103"},"modified":"2026-02-24T16:59:03","modified_gmt":"2026-02-24T15:59:03","slug":"concept","status":"publish","type":"page","link":"https:\/\/www.digitalmate.fr\/en-toute-humanite\/concept\/","title":{"rendered":"Concept"},"content":{"rendered":"\t\t<div data-elementor-type=\"wp-page\" data-elementor-id=\"103\" class=\"elementor elementor-103\" data-elementor-post-type=\"page\">\n\t\t\t\t\t\t<section class=\"elementor-section elementor-top-section elementor-element elementor-element-454572da elementor-section-full_width elementor-section-height-min-height elementor-section-height-default elementor-section-items-middle\" data-id=\"454572da\" data-element_type=\"section\">\n\t\t\t\t\t\t<div class=\"elementor-container elementor-column-gap-default\">\n\t\t\t\t\t<div class=\"elementor-column elementor-col-50 elementor-top-column elementor-element elementor-element-6110140e\" data-id=\"6110140e\" data-element_type=\"column\">\n\t\t\t<div class=\"elementor-widget-wrap elementor-element-populated\">\n\t\t\t\t\t\t<div class=\"elementor-element elementor-element-184920e6 elementor-widget elementor-widget-image\" data-id=\"184920e6\" data-element_type=\"widget\" data-widget_type=\"image.default\">\n\t\t\t\t\t\t\t\t\t\t\t\t\t\t\t<img fetchpriority=\"high\" decoding=\"async\" width=\"800\" height=\"762\" src=\"https:\/\/www.digitalmate.fr\/en-toute-humanite\/wp-content\/uploads\/2026\/02\/en-toute-humanite-livre-1024x975.jpg\" class=\"attachment-large size-large wp-image-167\" alt=\"\" srcset=\"https:\/\/www.digitalmate.fr\/en-toute-humanite\/wp-content\/uploads\/2026\/02\/en-toute-humanite-livre-1024x975.jpg 1024w, https:\/\/www.digitalmate.fr\/en-toute-humanite\/wp-content\/uploads\/2026\/02\/en-toute-humanite-livre-300x286.jpg 300w, https:\/\/www.digitalmate.fr\/en-toute-humanite\/wp-content\/uploads\/2026\/02\/en-toute-humanite-livre-768x731.jpg 768w, https:\/\/www.digitalmate.fr\/en-toute-humanite\/wp-content\/uploads\/2026\/02\/en-toute-humanite-livre-1536x1463.jpg 1536w, https:\/\/www.digitalmate.fr\/en-toute-humanite\/wp-content\/uploads\/2026\/02\/en-toute-humanite-livre-2048x1951.jpg 2048w\" sizes=\"(max-width: 800px) 100vw, 800px\" \/>\t\t\t\t\t\t\t\t\t\t\t\t\t\t\t<\/div>\n\t\t\t\t\t<\/div>\n\t\t<\/div>\n\t\t\t\t<div class=\"elementor-column elementor-col-50 elementor-top-column elementor-element elementor-element-3e1f0df1\" data-id=\"3e1f0df1\" data-element_type=\"column\">\n\t\t\t<div class=\"elementor-widget-wrap elementor-element-populated\">\n\t\t\t\t\t\t<div class=\"elementor-element elementor-element-383b42a0 elementor-widget elementor-widget-heading\" data-id=\"383b42a0\" data-element_type=\"widget\" data-widget_type=\"heading.default\">\n\t\t\t\t\t<h2 class=\"elementor-heading-title elementor-size-default\">Le projet<\/h2>\t\t\t\t<\/div>\n\t\t\t\t<div class=\"elementor-element elementor-element-14c5714e elementor-widget elementor-widget-heading\" data-id=\"14c5714e\" data-element_type=\"widget\" data-widget_type=\"heading.default\">\n\t\t\t\t\t<h2 class=\"elementor-heading-title elementor-size-default\">accessible, p\u00e9dagogique, prospectif <\/h2>\t\t\t\t<\/div>\n\t\t\t\t<div class=\"elementor-element elementor-element-6951bdd5 elementor-widget elementor-widget-heading\" data-id=\"6951bdd5\" data-element_type=\"widget\" data-widget_type=\"heading.default\">\n\t\t\t\t\t<h2 class=\"elementor-heading-title elementor-size-default\"><br> Nous proposons une exp\u00e9rience compl\u00e8te au travers de ce projet :<\/h2>\t\t\t\t<\/div>\n\t\t\t\t<div class=\"elementor-element elementor-element-2085b492 elementor-widget elementor-widget-text-editor\" data-id=\"2085b492\" data-element_type=\"widget\" data-widget_type=\"text-editor.default\">\n\t\t\t\t\t\t\t\t\t<p>\u2022 Livre<br \/>\u2022 Site<br \/>\u2022\u00a0<span style=\"letter-spacing: -0.27px;\"><a href=\"https:\/\/www.youtube.com\/channel\/UC___h3lYskNBDz6M0mb7urw\/videos\">Interviews<\/a><\/span><br \/>\u2022 Conf\u00e9rences \/ d\u00e9bats<br \/>\u2022 Formations<br \/>\u2022 Pour le grand public. Simple d\u2019acc\u00e8s. Forme claire et accessible.<br \/>\u2022 Vulgarisation et synth\u00e8se au maximum.<\/p>\t\t\t\t\t\t\t\t<\/div>\n\t\t\t\t\t<\/div>\n\t\t<\/div>\n\t\t\t\t\t<\/div>\n\t\t<\/section>\n\t\t\t\t<\/div>\n\t\t","protected":false},"excerpt":{"rendered":"<p>Le projet accessible, p\u00e9dagogique, prospectif Nous proposons une exp\u00e9rience compl\u00e8te au travers de ce projet : \u2022 Livre\u2022 Site\u2022\u00a0Interviews\u2022 Conf\u00e9rences \/ d\u00e9bats\u2022 Formations\u2022 Pour le grand public. Simple d\u2019acc\u00e8s. Forme claire et accessible.\u2022 Vulgarisation et synth\u00e8se au maximum.<\/p>\n","protected":false},"author":1,"featured_media":0,"parent":0,"menu_order":0,"comment_status":"closed","ping_status":"closed","template":"elementor_header_footer","meta":{"footnotes":""},"class_list":["post-103","page","type-page","status-publish","hentry"],"_links":{"self":[{"href":"https:\/\/www.digitalmate.fr\/en-toute-humanite\/wp-json\/wp\/v2\/pages\/103","targetHints":{"allow":["GET"]}}],"collection":[{"href":"https:\/\/www.digitalmate.fr\/en-toute-humanite\/wp-json\/wp\/v2\/pages"}],"about":[{"href":"https:\/\/www.digitalmate.fr\/en-toute-humanite\/wp-json\/wp\/v2\/types\/page"}],"author":[{"embeddable":true,"href":"https:\/\/www.digitalmate.fr\/en-toute-humanite\/wp-json\/wp\/v2\/users\/1"}],"replies":[{"embeddable":true,"href":"https:\/\/www.digitalmate.fr\/en-toute-humanite\/wp-json\/wp\/v2\/comments?post=103"}],"version-history":[{"count":7,"href":"https:\/\/www.digitalmate.fr\/en-toute-humanite\/wp-json\/wp\/v2\/pages\/103\/revisions"}],"predecessor-version":[{"id":173,"href":"https:\/\/www.digitalmate.fr\/en-toute-humanite\/wp-json\/wp\/v2\/pages\/103\/revisions\/173"}],"wp:attachment":[{"href":"https:\/\/www.digitalmate.fr\/en-toute-humanite\/wp-json\/wp\/v2\/media?parent=103"}],"curies":[{"name":"wp","href":"https:\/\/api.w.org\/{rel}","templated":true}]}}